{"id":19533,"date":"2024-08-02T07:29:23","date_gmt":"2024-08-02T05:29:23","guid":{"rendered":"https:\/\/www.brikol.sk\/?post_type=product&#038;p=19533"},"modified":"2025-11-25T12:41:00","modified_gmt":"2025-11-25T11:41:00","slug":"cistic-natufix","status":"publish","type":"product","link":"https:\/\/www.brikol.sk\/cs\/produkt\/cistic-natufix\/","title":{"rendered":"AA295 NATUFIX"},"content":{"rendered":"<p><strong>AA295 NATUFIX<\/strong> Ekologick\u00fd \u010distic\u00ed prost\u0159edek na p\u0159\u00edrodn\u00ed b\u00e1zi.<br \/>\nP\u0159i pou\u017e\u00edv\u00e1n\u00ed dbejte na celkovou hygienu pr\u00e1ce.<br \/>\nDal\u0161\u00ed informace naleznete na etiket\u011b nebo v bezpe\u010dnostn\u00edm listu.<br \/>\nV\u00fdhody v\u00fdrobku: &#8211; Vhodn\u00e9 pro pou\u017eit\u00ed v dom\u00e1cnosti, kde je t\u0159eba zajistit, aby se zabr\u00e1nilo vzniku ne\u010distot:<\/p>\n<div id=\"product-details-benefits-content\" class=\"product-details__content is-active my-4 f-body-large\" role=\"region\" aria-labelledby=\"product-details-benefits-toggle\">\n<ul>\n<li>P\u0159\u00edrodn\u00ed z\u00e1kladna<\/li>\n<li>Profesion\u00e1ln\u00ed \u0159e\u0161en\u00ed pro stavebnictv\u00ed<\/li>\n<li>Rychle rozpou\u0161t\u00ed nevytvrzen\u00fd tmel, barvu, lepidlo a polyuretanovou p\u011bnu, stejn\u011b jako olej, dehet a mastnotu.<\/li>\n<li>Nahrazuje rozpou\u0161t\u011bdla, jako je \u0159edidlo, terpent\u00fdn atd.<\/li>\n<\/ul>\n<\/div>\n<p>&nbsp;<\/p>\n<p><span style=\"text-decoration: underline;\"><strong>St\u00e1hnout <\/strong><\/span><a href=\"https:\/\/www.brikol.sk\/wp-content\/uploads\/2024\/08\/MSDS_A-I-AA295_v4-SK-SK.pdf\">MSDS_A-I-AA295_(v4-SK-SK)<\/a><a href=\"https:\/\/www.brikol.sk\/wp-content\/uploads\/2024\/08\/Technicky-list-AA295.pdf\">Datov\u00fd list AA295<\/a>\u00a0<span style=\"font-size: 75%;\">Zbo\u017e\u00ed se nach\u00e1z\u00ed v extern\u00edm skladu a m\u016f\u017ee b\u00fdt odesl\u00e1no b\u011bhem 2 &#8211; 3 pracovn\u00edch dn\u016f.<\/span><\/p>\n","protected":false},"excerpt":{"rendered":"<p>Ekologicky \u0161etrn\u00fd \u010distic\u00ed prost\u0159edek na p\u0159\u00edrodn\u00ed b\u00e1zi.<br \/>\nP\u0159i pou\u017e\u00edv\u00e1n\u00ed dbejte na celkovou hygienu pr\u00e1ce.<br \/>\nDal\u0161\u00ed informace naleznete na etiket\u011b nebo v bezpe\u010dnostn\u00edm listu.<br \/>\nProduct benefits:<\/p>\n<div id=\"product-details-benefits-content\" class=\"product-details__content is-active my-4 f-body-large\" role=\"region\" aria-labelledby=\"product-details-benefits-toggle\">\n<ul>\n<li>P\u0159\u00edrodn\u00ed z\u00e1kladna<\/li>\n<li>Profesion\u00e1ln\u00ed \u0159e\u0161en\u00ed pro stavebnictv\u00ed<\/li>\n<li>Rychle rozpou\u0161t\u00ed nevytvrzen\u00fd tmel, barvu, lepidlo a polyuretanovou p\u011bnu, stejn\u011b jako olej, dehet a mastnotu.<\/li>\n<li>Nahrazuje rozpou\u0161t\u011bdla, jako je \u0159edidlo, terpent\u00fdn atd.<\/li>\n<\/ul>\n<\/div>\n<p>&nbsp;<\/p>\n","protected":false},"featured_media":19543,"comment_status":"open","ping_status":"closed","template":"","meta":[],"product_cat":[129],"product_tag":[],"_links":{"self":[{"href":"https:\/\/www.brikol.sk\/cs\/wp-json\/wp\/v2\/product\/19533"}],"collection":[{"href":"https:\/\/www.brikol.sk\/cs\/wp-json\/wp\/v2\/product"}],"about":[{"href":"https:\/\/www.brikol.sk\/cs\/wp-json\/wp\/v2\/types\/product"}],"replies":[{"embeddable":true,"href":"https:\/\/www.brikol.sk\/cs\/wp-json\/wp\/v2\/comments?post=19533"}],"wp:featuredmedia":[{"embeddable":true,"href":"https:\/\/www.brikol.sk\/cs\/wp-json\/wp\/v2\/media\/19543"}],"wp:attachment":[{"href":"https:\/\/www.brikol.sk\/cs\/wp-json\/wp\/v2\/media?parent=19533"}],"wp:term":[{"taxonomy":"product_cat","embeddable":true,"href":"https:\/\/www.brikol.sk\/cs\/wp-json\/wp\/v2\/product_cat?post=19533"},{"taxonomy":"product_tag","embeddable":true,"href":"https:\/\/www.brikol.sk\/cs\/wp-json\/wp\/v2\/product_tag?post=19533"}],"curies":[{"name":"wp","href":"https:\/\/api.w.org\/{rel}","templated":true}]}}