{"id":19663,"date":"2024-08-27T08:05:59","date_gmt":"2024-08-27T06:05:59","guid":{"rendered":"https:\/\/www.brikol.sk\/?post_type=product&#038;p=19663"},"modified":"2024-10-02T12:51:15","modified_gmt":"2024-10-02T10:51:15","slug":"ovladani-bowdenovych-zaluzii-kus-kopia","status":"publish","type":"product","link":"https:\/\/www.brikol.sk\/cs\/produkt\/ovladani-bowdenovych-zaluzii-kus-kopia\/","title":{"rendered":"Prodlou\u017een\u00ed pro p\u0159edokenn\u00ed rolety 22 mm, 45 mm, 70 mm\/kus"},"content":{"rendered":"<p>N\u00e1stavec pro \u0161ikm\u00e9 l\u00e1tkov\u00e9 vertik\u00e1ln\u00ed \u017ealuzie.<br \/>\nRozm\u011bry:   <\/p>\n<ul>\n<li>22 mm<\/li>\n<li>45 mm<\/li>\n<li>70 mm<\/li>\n<\/ul>\n<p>  Barva: B\u00edl\u00e1  &nbsp;<\/p>\n","protected":false},"excerpt":{"rendered":"<p>N\u00e1stavec pro \u0161ikm\u00e9 l\u00e1tkov\u00e9 vertik\u00e1ln\u00ed \u017ealuzie  &nbsp;<\/p>\n<p>&nbsp;<\/p>\n<p>&nbsp;<\/p>\n","protected":false},"featured_media":19667,"comment_status":"open","ping_status":"closed","template":"","meta":[],"product_cat":[148,68],"product_tag":[],"_links":{"self":[{"href":"https:\/\/www.brikol.sk\/cs\/wp-json\/wp\/v2\/product\/19663"}],"collection":[{"href":"https:\/\/www.brikol.sk\/cs\/wp-json\/wp\/v2\/product"}],"about":[{"href":"https:\/\/www.brikol.sk\/cs\/wp-json\/wp\/v2\/types\/product"}],"replies":[{"embeddable":true,"href":"https:\/\/www.brikol.sk\/cs\/wp-json\/wp\/v2\/comments?post=19663"}],"wp:featuredmedia":[{"embeddable":true,"href":"https:\/\/www.brikol.sk\/cs\/wp-json\/wp\/v2\/media\/19667"}],"wp:attachment":[{"href":"https:\/\/www.brikol.sk\/cs\/wp-json\/wp\/v2\/media?parent=19663"}],"wp:term":[{"taxonomy":"product_cat","embeddable":true,"href":"https:\/\/www.brikol.sk\/cs\/wp-json\/wp\/v2\/product_cat?post=19663"},{"taxonomy":"product_tag","embeddable":true,"href":"https:\/\/www.brikol.sk\/cs\/wp-json\/wp\/v2\/product_tag?post=19663"}],"curies":[{"name":"wp","href":"https:\/\/api.w.org\/{rel}","templated":true}]}}