{"id":20255,"date":"2024-11-06T10:10:46","date_gmt":"2024-11-06T09:10:46","guid":{"rendered":"https:\/\/www.brikol.sk\/?post_type=product&#038;p=20255"},"modified":"2026-01-13T11:10:18","modified_gmt":"2026-01-13T10:10:18","slug":"trhaci-zavit-32x8-mm-ks-kopia","status":"publish","type":"product","link":"https:\/\/www.brikol.sk\/cs\/produkt\/trhaci-zavit-32x8-mm-ks-kopia\/","title":{"rendered":"Trhac\u00ed z\u00e1vit 3,2&#215;8 mm \/ ks"},"content":{"rendered":"<div id=\"trhaci-nit\">\n<p><strong>Trhac\u00ed z\u00e1vit 3,2&#215;8 mm<\/strong><\/p>\n<p>Trhac\u00ed n\u00fdty se pou\u017e\u00edvaj\u00ed ke spojov\u00e1n\u00ed dvou sou\u010d\u00e1st\u00ed, tenkost\u011bnn\u00fdch materi\u00e1l\u016f. Nap\u0159\u00edklad ocel, plasty nebo jin\u00e9 materi\u00e1ly s r\u016fznou pevnost\u00ed a tlou\u0161\u0165kou. <strong>Spolehliv\u00e9 spojen\u00ed zaji\u0161\u0165uj\u00ed trhac\u00ed n\u00fdty. <\/strong>N\u00fdtov\u00e1n\u00ed zaji\u0161\u0165uje nerozeb\u00edrateln\u00e9 a pevn\u00e9 spojen\u00ed. Velk\u00e9 sou\u010d\u00e1sti lze trvale spojit bez deformac\u00ed a po\u0161kozen\u00ed povrchu. Rozsah pou\u017eit\u00ed n\u00fdt\u016f je prakticky neomezen\u00fd a pou\u017e\u00edvaj\u00ed se jak v pr\u016fmyslu a stavebnictv\u00ed, tak i v <strong>dom\u00e1cnostech.<\/strong> Mo\u017enost koroze je rovn\u011b\u017e do zna\u010dn\u00e9 m\u00edry vylou\u010dena.<\/p>\n<p>pr\u016fm\u011br: 3,2 mm<\/p>\n<p>D\u00e9lka: 8 mm<\/p>\n<p>Vhodn\u00fd k upevn\u011bn\u00ed <a href=\"https:\/\/www.brikol.sk\/produkt\/kovove-madielko-pre-sietove-dvere\/\">kovov\u00e9 rukojeti<\/a> na dve\u0159e s\u00edt\u011b proti hmyzu.<\/p>\n<p>&nbsp;<\/p>\n<p>&nbsp;<\/p>\n<\/div>\n","protected":false},"excerpt":{"rendered":"<p>Trhac\u00ed n\u00fdty se pou\u017e\u00edvaj\u00ed ke spojov\u00e1n\u00ed dvou sou\u010d\u00e1st\u00ed, tenkost\u011bnn\u00fdch materi\u00e1l\u016f. Nap\u0159\u00edklad ocel, plasty nebo jin\u00e9 materi\u00e1ly s r\u016fznou pevnost\u00ed a tlou\u0161\u0165kou. <strong>Trhac\u00ed n\u00fdty zaji\u0161\u0165uj\u00ed spolehliv\u00e9 spojen\u00ed&#8230;<span style=\"color: #0000ff;\"><a style=\"color: #0000ff;\" href=\"#trhaci-nit\">V\u00edce v popisu<\/a><\/span><br \/>\n<\/strong><\/p>\n","protected":false},"featured_media":18737,"comment_status":"open","ping_status":"closed","template":"","meta":[],"product_cat":[130,143],"product_tag":[],"_links":{"self":[{"href":"https:\/\/www.brikol.sk\/cs\/wp-json\/wp\/v2\/product\/20255"}],"collection":[{"href":"https:\/\/www.brikol.sk\/cs\/wp-json\/wp\/v2\/product"}],"about":[{"href":"https:\/\/www.brikol.sk\/cs\/wp-json\/wp\/v2\/types\/product"}],"replies":[{"embeddable":true,"href":"https:\/\/www.brikol.sk\/cs\/wp-json\/wp\/v2\/comments?post=20255"}],"wp:featuredmedia":[{"embeddable":true,"href":"https:\/\/www.brikol.sk\/cs\/wp-json\/wp\/v2\/media\/18737"}],"wp:attachment":[{"href":"https:\/\/www.brikol.sk\/cs\/wp-json\/wp\/v2\/media?parent=20255"}],"wp:term":[{"taxonomy":"product_cat","embeddable":true,"href":"https:\/\/www.brikol.sk\/cs\/wp-json\/wp\/v2\/product_cat?post=20255"},{"taxonomy":"product_tag","embeddable":true,"href":"https:\/\/www.brikol.sk\/cs\/wp-json\/wp\/v2\/product_tag?post=20255"}],"curies":[{"name":"wp","href":"https:\/\/api.w.org\/{rel}","templated":true}]}}