{"id":20411,"date":"2024-11-28T13:42:25","date_gmt":"2024-11-28T12:42:25","guid":{"rendered":"https:\/\/www.brikol.sk\/?post_type=product&#038;p=20411"},"modified":"2026-01-08T11:28:04","modified_gmt":"2026-01-08T10:28:04","slug":"clinex-fast-plast","status":"publish","type":"product","link":"https:\/\/www.brikol.sk\/cs\/produkt\/clinex-fast-plast\/","title":{"rendered":"Clinex Fast Plast"},"content":{"rendered":"<div class=\"mgn2_14 mp0t_0a mqu1_21 mli8_k4 mgmw_wo msts_pt _0d3bd_K6Qpj\" data-reactroot=\"\">\n<div class=\"\">\n<div class=\"mpof_ki myre_zn myre_8v_l m389_6m_l\">\n<div class=\"mp4t_16_s mryx_16_s mr3m_1 mli2_1 mh85_56 mh85_0_l\">\n<div class=\"mgn2_16 _0d3bd_am0a-\">\n<h1><span style=\"font-size: 85%;\"><strong>Clinex Fast Plast<\/strong><\/span><\/h1>\n<p>Clinex Fast Plast ve\u013emi \u00fa\u010dinn\u00fd a z\u00e1rove\u0148 bezpe\u010dn\u00fd prostriedok na \u010distenie plastov vr\u00e1tane krytov kuchynsk\u00e9ho vybavenia a v\u00fdpo\u010dtovej techniky a RTV. Pr\u00edpravok dokonale odstra\u0148uje ne\u010distoty z povrchu s por\u00e9znou \u0161trukt\u00farou a zanech\u00e1va antistatick\u00fd povlak, ktor\u00fd zabra\u0148uje usadzovaniu prachu. Nezanech\u00e1va \u0161muhy ani \u0161muhy. O\u0161etruje a chr\u00e1ni \u010disten\u00e9 povrchy<\/p>\n<h2><span style=\"font-size: 80%;\"><b>Oblasti pou\u017eitia Clinex<\/b> <strong>Fast plast<\/strong><\/span><\/h2>\n<\/div>\n<p>Pre plasty, dom\u00e1ce spotrebi\u010de, po\u010d\u00edta\u010de a RTV, plastov\u00e9 dvern\u00e9 a okenn\u00e9 stol\u00e1rske v\u00fdrobky, z\u00e1hradn\u00fd n\u00e1bytok.<\/p>\n<div class=\"mgn2_16 _0d3bd_am0a-\">\n<p><b>Sp\u00f4sob pou\u017eitia:<\/b><\/p>\n<ol>\n<li>Pred pou\u017eit\u00edm pretrepte.<\/li>\n<li>Nastriekajte mal\u00e9 mno\u017estvo pr\u00edpravku na m\u00e4kk\u00fa handri\u010dku a potom \u0148ou povrch utrite<\/li>\n<li>V pr\u00edpade potreby postup zopakujte.<\/li>\n<\/ol>\n<p>&nbsp;<\/p>\n<\/div>\n<\/div>\n<\/div>\n<\/div>\n<\/div>\n","protected":false},"excerpt":{"rendered":"<h1><span style=\"font-size: 80%;\"><strong>Clinex Fast Plast<\/strong><\/span><\/h1>\n<p>Ve\u013emi \u00fa\u010dinn\u00fd a z\u00e1rove\u0148 bezpe\u010dn\u00fd prostriedok na \u010distenie plastov vr\u00e1tane krytov kuchynsk\u00e9ho vybavenia a v\u00fdpo\u010dtovej techniky a RTV. Pr\u00edpravok dokonale odstra\u0148uje ne\u010distoty z povrchu s por\u00e9znou \u0161trukt\u00farou a zanech\u00e1va antistatick\u00fd povlak, ktor\u00fd zabra\u0148uje usadzovaniu prachu. Nezanech\u00e1va \u0161muhy ani \u0161muhy. O\u0161etruje a chr\u00e1ni \u010disten\u00e9 povrchy<\/p>\n","protected":false},"featured_media":20413,"comment_status":"open","ping_status":"closed","template":"","meta":[],"product_cat":[68,212],"product_tag":[],"_links":{"self":[{"href":"https:\/\/www.brikol.sk\/cs\/wp-json\/wp\/v2\/product\/20411"}],"collection":[{"href":"https:\/\/www.brikol.sk\/cs\/wp-json\/wp\/v2\/product"}],"about":[{"href":"https:\/\/www.brikol.sk\/cs\/wp-json\/wp\/v2\/types\/product"}],"replies":[{"embeddable":true,"href":"https:\/\/www.brikol.sk\/cs\/wp-json\/wp\/v2\/comments?post=20411"}],"wp:featuredmedia":[{"embeddable":true,"href":"https:\/\/www.brikol.sk\/cs\/wp-json\/wp\/v2\/media\/20413"}],"wp:attachment":[{"href":"https:\/\/www.brikol.sk\/cs\/wp-json\/wp\/v2\/media?parent=20411"}],"wp:term":[{"taxonomy":"product_cat","embeddable":true,"href":"https:\/\/www.brikol.sk\/cs\/wp-json\/wp\/v2\/product_cat?post=20411"},{"taxonomy":"product_tag","embeddable":true,"href":"https:\/\/www.brikol.sk\/cs\/wp-json\/wp\/v2\/product_tag?post=20411"}],"curies":[{"name":"wp","href":"https:\/\/api.w.org\/{rel}","templated":true}]}}