{"id":20866,"date":"2025-02-17T08:39:07","date_gmt":"2025-02-17T07:39:07","guid":{"rendered":"https:\/\/www.brikol.sk\/?post_type=product&#038;p=20866"},"modified":"2026-01-13T11:07:48","modified_gmt":"2026-01-13T10:07:48","slug":"vazelina-ve-spreji-ks-kopia","status":"publish","type":"product","link":"https:\/\/www.brikol.sk\/cs\/produkt\/vazelina-ve-spreji-ks-kopia\/","title":{"rendered":"Vazel\u00edna ve spreji \/ ks"},"content":{"rendered":"<div id=\"biela-striekacia-vazelina\">\n<p>B\u00edl\u00e1 vazel\u00edna ve spreji &#8211; univerz\u00e1ln\u00ed mazivo pro vysoce nam\u00e1han\u00e9 d\u00edly, jako jsou l\u016f\u017eka, klouby a dal\u0161\u00ed. Ochrann\u00e9 mazivo na b\u00e1zi hydroxystear\u00e1tu lithn\u00e9ho. Vysok\u00e9 \u00fa\u010dinnosti je dosa\u017eeno optim\u00e1ln\u00ed kombinac\u00ed obsa\u017een\u00fdch l\u00e1tek. Jeho vlastnosti rovn\u011b\u017e p\u0159ekra\u010duj\u00ed po\u017eadavky normy DIN 51825 pro mazivo KF2K.<\/p>\n<p>Cykl\u00f3nov\u00e1 vazel\u00edna ve spreji m\u00e1 \u0161irokou \u0161k\u00e1lu pou\u017eit\u00ed, nap\u0159. pro maz\u00e1n\u00ed kluzn\u00fdch, valiv\u00fdch a kloubov\u00fdch lo\u017eisek, maz\u00e1n\u00ed \u0161roub\u016f, \u010dep\u016f a veden\u00ed, maz\u00e1n\u00ed dr\u00e1\u017ekovan\u00fdch h\u0159\u00eddel\u016f, kluzn\u00fdch \u010dep\u016f, z\u00e1vitov\u00fdch v\u0159eten a hladic\u00edch ploch v\u0161eho druhu, ale tak\u00e9 jako pom\u016fcka pro \u010d\u00e1ste\u010dnou mont\u00e1\u017e v pr\u016fmyslu a \u0159emeslech, kter\u00e1 usnad\u0148uje n\u00e1slednou demont\u00e1\u017e.<\/p>\n<p>dobr\u00e1 p\u0159ilnavost a t\u00edm i dlouhodob\u00e1 \u00fa\u010dinnost<br \/>\nobsahuje antikorozn\u00ed p\u0159\u00edsady<br \/>\nVazel\u00edna ve spreji je vhodn\u00e1 i pro p\u0159evody<br \/>\npou\u017eit\u00ed p\u0159i teplot\u00e1ch od -50\u00b0C do +150\u00b0C (kr\u00e1tkodob\u011b a\u017e do +170\u00b0C)<br \/>\nl\u00e1tka spl\u0148uje po\u017eadavky normy VW TL 77.<\/p>\n<p><a href=\"https:\/\/www.brikol.sk\/wp-content\/uploads\/2019\/05\/KBU-Striekacia-vazelina-sprej-1.pdf\">KBU Spray Vazel\u00edna ve spreji<\/a><br \/>\n<a href=\"https:\/\/www.brikol.sk\/wp-content\/uploads\/2019\/05\/Cyklon-Striekacia-vazelina-TL-2019-SK.pdf\">Cyklonov\u00e9 drcen\u00ed zeleniny-TL-2019-EN<\/a><\/p>\n<\/div>\n","protected":false},"excerpt":{"rendered":"<p>B\u00edl\u00e1 vazel\u00edna ve spreji ur\u010den\u00e1 k \u00fadr\u017eb\u011b kov\u00e1n\u00ed, okenn\u00edch a dve\u0159n\u00edch z\u00e1v\u011bs\u016f, stavebn\u00edch vlo\u017eek a r\u016fzn\u00fdch d\u00edl\u016f vy\u017eaduj\u00edc\u00edch maz\u00e1n\u00ed. <a href=\"#biela-striekacia-vazelina\"><span style=\"color: #0000ff;\">V\u00edce v popisu<\/span><\/a><\/p>\n","protected":false},"featured_media":22557,"comment_status":"open","ping_status":"closed","template":"","meta":[],"product_cat":[135,151,136,222],"product_tag":[],"_links":{"self":[{"href":"https:\/\/www.brikol.sk\/cs\/wp-json\/wp\/v2\/product\/20866"}],"collection":[{"href":"https:\/\/www.brikol.sk\/cs\/wp-json\/wp\/v2\/product"}],"about":[{"href":"https:\/\/www.brikol.sk\/cs\/wp-json\/wp\/v2\/types\/product"}],"replies":[{"embeddable":true,"href":"https:\/\/www.brikol.sk\/cs\/wp-json\/wp\/v2\/comments?post=20866"}],"wp:featuredmedia":[{"embeddable":true,"href":"https:\/\/www.brikol.sk\/cs\/wp-json\/wp\/v2\/media\/22557"}],"wp:attachment":[{"href":"https:\/\/www.brikol.sk\/cs\/wp-json\/wp\/v2\/media?parent=20866"}],"wp:term":[{"taxonomy":"product_cat","embeddable":true,"href":"https:\/\/www.brikol.sk\/cs\/wp-json\/wp\/v2\/product_cat?post=20866"},{"taxonomy":"product_tag","embeddable":true,"href":"https:\/\/www.brikol.sk\/cs\/wp-json\/wp\/v2\/product_tag?post=20866"}],"curies":[{"name":"wp","href":"https:\/\/api.w.org\/{rel}","templated":true}]}}