{"id":20968,"date":"2025-03-06T12:25:39","date_gmt":"2025-03-06T11:25:39","guid":{"rendered":"https:\/\/www.brikol.sk\/?post_type=product&#038;p=20968"},"modified":"2025-12-02T20:25:13","modified_gmt":"2025-12-02T19:25:13","slug":"klietka-navijania-textilnej-pasky","status":"publish","type":"product","link":"https:\/\/www.brikol.sk\/cs\/produkt\/klietka-navijania-textilnej-pasky\/","title":{"rendered":"Klietka nav\u00edjania textilnej p\u00e1sky"},"content":{"rendered":"<h1 data-sourcepos=\"5:1-5:405\"><strong><span style=\"font-size: 85%;\">Klietka nav\u00edjania textilnej p\u00e1sky<\/span><\/strong><\/h1>\n<p data-sourcepos=\"5:1-5:405\">Predstavujeme v\u00e1m <strong>klietku nav\u00edjania textilnej p\u00e1sky<\/strong>,\u00a0 komponent pre <strong>\u017eal\u00fazie Isoline<\/strong>, ktor\u00fd zohr\u00e1va k\u013e\u00fa\u010dov\u00fa \u00falohu v ich plynulom a spo\u013eahlivom ovl\u00e1dan\u00ed. T\u00e1to nen\u00e1padn\u00e1, ale k\u013e\u00fa\u010dov\u00e1 s\u00fa\u010diastka <em>poh\u00e1\u0148a<\/em> mechanizmus regul\u00e1cie svetla a s\u00fakromia vo va\u0161om interi\u00e9ri. Ak h\u013ead\u00e1te <strong>n\u00e1hradn\u00fd diel<\/strong> pre va\u0161e \u017eal\u00fazie Isoline, ktor\u00fd v\u00e1m zabezpe\u010d\u00ed bezprobl\u00e9mov\u00fa funk\u010dnos\u0165, ste na spr\u00e1vnom mieste.<\/p>\n<h2 data-sourcepos=\"7:1-7:44\"><span style=\"font-size: 80%;\"><strong>Funkcia a umiestnenie klietky nav\u00edjania:<\/strong><\/span><\/h2>\n<p data-sourcepos=\"9:1-9:444\">Klietka nav\u00edjania textilnej p\u00e1sky sa ide\u00e1lne hod\u00ed pre syst\u00e9m \u017eal\u00fazi\u00ed Isoline. Jej prim\u00e1rnou \u00falohou je <strong>nav\u00edjanie<span style=\"text-decoration: underline;\"><a href=\"https:\/\/www.brikol.sk\/produkt\/textilna-navijacia-paska-stuzka\/\"> textilnej p\u00e1sky<\/a><\/span><\/strong>. T\u00e1to textiln\u00e1 p\u00e1ska je k\u013e\u00fa\u010dov\u00e1 pre <strong>vy\u0165ahovanie a sp\u00fa\u0161\u0165anie lamiel \u017eal\u00fazie<\/strong>. Predstavte si ju ako &#8220;navijak&#8221;, na ktor\u00fd sa \u00fah\u013eadne namot\u00e1va p\u00e1ska pri ovl\u00e1dan\u00ed \u017eal\u00fazi\u00ed. Okrem toho, ku klietke je priamo <strong>uchyten\u00fd aj <a href=\"https:\/\/www.brikol.sk\/produkt\/rebricek-na-zaluzie\/\"><span style=\"text-decoration: underline;\">rebr\u00ed\u010dek<\/span><\/a><\/strong>, \u010do nazna\u010duje jej d\u00f4le\u017eit\u00fa poz\u00edciu v celom mechanizme.<\/p>\n<p data-sourcepos=\"11:1-11:454\">Pre lep\u0161iu predstavu o umiestnen\u00ed, <em>pozrite si<\/em>, kde klietku nav\u00edjania <em>n\u00e1jdete<\/em> v hornom profile \u017eal\u00fazie.\u00a0Pre lep\u0161iu orient\u00e1ciu, m\u00f4\u017eete si pozrie\u0165 prilo\u017een\u00fa fotografiu, ktor\u00e1 jasne demon\u0161truje, kde presne sa t\u00e1to s\u00fa\u010diastka nach\u00e1dza. <strong>Cez klietku prech\u00e1dza trojbok\u00fd dr\u00f4t<\/strong>, \u010do je \u010fal\u0161\u00ed d\u00f4le\u017eit\u00fd detail pre t\u00fdch, ktor\u00ed sa venuj\u00fa detailnej\u0161ej oprave alebo v\u00fdmene komponentov \u017eal\u00fazi\u00ed.<\/p>\n<h2 data-sourcepos=\"13:1-13:44\"><span style=\"font-size: 80%;\">Pr\u00e1ve klietka nav\u00edjania zohr\u00e1va k\u013e\u00fa\u010dov\u00fa \u00falohu pre bezprobl\u00e9mov\u00e9 fungovanie va\u0161ich \u017eal\u00fazi\u00ed \u2013 preto je tak\u00e1 d\u00f4le\u017eit\u00e1<\/span>.<\/h2>\n<p data-sourcepos=\"15:1-15:356\">Mo\u017eno sa p\u00fdtate, pre\u010do je tak\u00e1 mal\u00e1 s\u00fa\u010diastka tak\u00e1 d\u00f4le\u017eit\u00e1. Odpove\u010f je jednoduch\u00e1: <strong>bez funk\u010dnej klietky nav\u00edjania, \u017eal\u00fazie Isoline str\u00e1caj\u00fa svoju prim\u00e1rnu funkciu \u2013 regul\u00e1ciu svetla a s\u00fakromia.<\/strong> Po\u0161koden\u00e1, prasknut\u00e1 alebo opotrebovan\u00e1 klietka <em>sp\u00f4sob\u00ed<\/em> probl\u00e9my s ovl\u00e1dan\u00edm \u017eal\u00fazi\u00ed. Medzi naj\u010dastej\u0161ie prejavy nefunk\u010dnej klietky patria:<\/p>\n<ul data-sourcepos=\"17:1-21:0\">\n<li data-sourcepos=\"17:1-17:108\"><strong>\u0164a\u017ek\u00e9 alebo nemo\u017en\u00e9 vy\u0165ahovanie \u017eal\u00fazi\u00ed:<\/strong> P\u00e1ska sa nemus\u00ed spr\u00e1vne nav\u00edja\u0165, \u010d\u00edm sa zasek\u00e1va mechanizmus.<\/li>\n<li data-sourcepos=\"18:1-18:149\"><strong>Nerovnomern\u00e9 vy\u0165ahovanie lamiel:<\/strong> Jedna strana \u017eal\u00fazie sa m\u00f4\u017ee vy\u0165ahova\u0165 r\u00fdchlej\u0161ie ako druh\u00e1, \u010do vedie k neestetick\u00e9mu vzh\u013eadu a nefunk\u010dnosti.<\/li>\n<li data-sourcepos=\"19:1-19:109\"><strong>Zasek\u00e1vanie a zadrh\u00e1vanie p\u00e1sky:<\/strong> P\u00e1ska sa m\u00f4\u017ee zamot\u00e1va\u0165 alebo pretrhn\u00fa\u0165 v d\u00f4sledku po\u0161kodenej klietky.<\/li>\n<li data-sourcepos=\"20:1-21:0\"><strong>\u00dapln\u00e1 nefunk\u010dnos\u0165 ovl\u00e1dania \u017eal\u00fazi\u00ed:<\/strong> V extr\u00e9mnych pr\u00edpadoch m\u00f4\u017ee d\u00f4js\u0165 k \u00fapln\u00e9mu zablokovaniu ovl\u00e1dacieho mechanizmu.<\/li>\n<\/ul>\n<p data-sourcepos=\"22:1-22:77\"><strong>V\u00fdmena klietky nav\u00edjania \u2013 jednoduch\u00e9 rie\u0161enie pre dlh\u00fa \u017eivotnos\u0165 \u017eal\u00fazi\u00ed<\/strong><\/p>\n<p data-sourcepos=\"24:1-24:346\">Na\u0161\u0165astie, <strong>v\u00fdmena klietky nav\u00edjania je relat\u00edvne jednoduch\u00fd \u00fakon<\/strong>, ktor\u00fd zvl\u00e1dne aj be\u017en\u00fd dom\u00e1ci majster s trochou zru\u010dnosti a z\u00e1kladn\u00fdm n\u00e1rad\u00edm. V\u00fdmenou tejto malej, ale k\u013e\u00fa\u010dovej s\u00fa\u010diastky, <strong>m\u00f4\u017eete pred\u013a\u017ei\u0165 \u017eivotnos\u0165 va\u0161ich \u017eal\u00fazi\u00ed Isoline o mnoho rokov<\/strong>. Namiesto n\u00e1kladnej v\u00fdmeny cel\u00fdch \u017eal\u00fazi\u00ed, sta\u010d\u00ed vymeni\u0165 len t\u00fato jednu komponentu.<\/p>\n<p data-sourcepos=\"26:1-26:38\"><strong>Kvalitn\u00fd materi\u00e1l a dlh\u00e1 \u017eivotnos\u0165<\/strong><\/p>\n<p data-sourcepos=\"28:1-28:255\">Kvalitn\u00fd a odoln\u00fd materi\u00e1l zaru\u010duje dlh\u00fa \u017eivotnos\u0165 a spo\u013eahliv\u00fa funk\u010dnos\u0165 na\u0161ej klietky nav\u00edjania.<\/p>\n","protected":false},"excerpt":{"rendered":"<p>Klietka nav\u00edjania textilnej p\u00e1sky Predstavujeme v\u00e1m klietku nav\u00edjania textilnej p\u00e1sky,\u00a0 komponent pre \u017eal\u00fazie Isoline, ktor\u00fd zohr\u00e1va k\u013e\u00fa\u010dov\u00fa \u00falohu v ich plynulom a spo\u013eahlivom ovl\u00e1dan\u00ed. T\u00e1to nen\u00e1padn\u00e1, ale k\u013e\u00fa\u010dov\u00e1 s\u00fa\u010diastka poh\u00e1\u0148a mechanizmus regul\u00e1cie svetla a s\u00fakromia vo va\u0161om interi\u00e9ri. Ak h\u013ead\u00e1te n\u00e1hradn\u00fd diel pre va\u0161e \u017eal\u00fazie Isoline, ktor\u00fd v\u00e1m zabezpe\u010d\u00ed bezprobl\u00e9mov\u00fa funk\u010dnos\u0165, ste na spr\u00e1vnom mieste. [&hellip;]\n","protected":false},"featured_media":21023,"comment_status":"open","ping_status":"closed","template":"","meta":[],"product_cat":[65,85],"product_tag":[],"_links":{"self":[{"href":"https:\/\/www.brikol.sk\/cs\/wp-json\/wp\/v2\/product\/20968"}],"collection":[{"href":"https:\/\/www.brikol.sk\/cs\/wp-json\/wp\/v2\/product"}],"about":[{"href":"https:\/\/www.brikol.sk\/cs\/wp-json\/wp\/v2\/types\/product"}],"replies":[{"embeddable":true,"href":"https:\/\/www.brikol.sk\/cs\/wp-json\/wp\/v2\/comments?post=20968"}],"wp:featuredmedia":[{"embeddable":true,"href":"https:\/\/www.brikol.sk\/cs\/wp-json\/wp\/v2\/media\/21023"}],"wp:attachment":[{"href":"https:\/\/www.brikol.sk\/cs\/wp-json\/wp\/v2\/media?parent=20968"}],"wp:term":[{"taxonomy":"product_cat","embeddable":true,"href":"https:\/\/www.brikol.sk\/cs\/wp-json\/wp\/v2\/product_cat?post=20968"},{"taxonomy":"product_tag","embeddable":true,"href":"https:\/\/www.brikol.sk\/cs\/wp-json\/wp\/v2\/product_tag?post=20968"}],"curies":[{"name":"wp","href":"https:\/\/api.w.org\/{rel}","templated":true}]}}