{"id":22578,"date":"2025-08-01T10:28:41","date_gmt":"2025-08-01T08:28:41","guid":{"rendered":"https:\/\/www.brikol.sk\/?post_type=product&#038;p=22578"},"modified":"2026-01-13T10:56:41","modified_gmt":"2026-01-13T09:56:41","slug":"konektor-kuloveho-kabelu-retizek-ks-kopia","status":"publish","type":"product","link":"https:\/\/www.brikol.sk\/cs\/produkt\/konektor-kuloveho-kabelu-retizek-ks-kopia\/","title":{"rendered":"Spojka kuli\u010dkov\u00e9ho \u0159et\u00edzku &#8220;Klasik&#8221; \/ ks"},"content":{"rendered":"<p>Spojka kuli\u010dkov\u00e9ho \u0159et\u00edzku Klasik nasouvac\u00edho typu je ide\u00e1ln\u00ed volbou pro v\u0161echny, kte\u0159\u00ed hledaj\u00ed maxim\u00e1ln\u011b spolehliv\u00e9 a pevn\u00e9 spojen\u00ed. Tento unik\u00e1tn\u00ed design s mont\u00e1\u017e\u00ed pomoc\u00ed nasouv\u00e1n\u00ed eliminuje riziko necht\u011bn\u00e9ho otev\u0159en\u00ed a poskytuje dokonalou soudr\u017enost kuli\u010dkov\u00e9ho \u0159et\u00edzku.<\/p>\n<p><b>Hlavn\u00e9 v\u00fdhody tohto typu spojky:<\/b><\/p>\n<ul>\n<li><b>Vynikaj\u00edc\u00ed pevnost<\/b>: Speci\u00e1ln\u00ed konstrukce zaji\u0161\u0165uje, \u017ee spojka kuli\u010dkov\u00e9ho \u0159et\u00edzku pevn\u011b dr\u017e\u00ed i p\u0159i \u010dast\u00e9m zat\u00ed\u017een\u00ed a na t\u011b\u017e\u0161\u00edch rolet\u00e1ch.<\/li>\n<li><b>Snadn\u00e1 mont\u00e1\u017e<\/b>: Konce kuli\u010dkov\u00e9ho \u0159et\u00edzku se jednodu\u0161e nasunou do t\u011bla spojky, co\u017e eliminuje pot\u0159ebu zav\u00edr\u00e1n\u00ed.<\/li>\n<li><b>\u010cist\u00fd a elegantn\u00ed design:<\/b> Spojka vytv\u00e1\u0159\u00ed plynul\u00fd p\u0159echod a je po mont\u00e1\u017ei t\u00e9m\u011b\u0159 neviditeln\u00e1.<\/li>\n<li><b>Univerz\u00e1ln\u00ed kompatibilita<\/b>: Vhodn\u00e1 pro standardn\u00ed \u0159et\u00edzky s pr\u016fm\u011brem kuli\u010dky 3,2 mm.<\/li>\n<\/ul>\n<p>&nbsp;<\/p>\n<div class=\"tab tab-1\">\n<div class=\"text\">\n<p>&nbsp;<\/p>\n<\/div>\n<\/div>\n","protected":false},"excerpt":{"rendered":"<p><b>Spojka kuli\u010dkov\u00e9ho \u0159et\u00edzku<\/b> Klasik nasouvac\u00edho typu je ide\u00e1ln\u00ed volbou pro v\u0161echny, kte\u0159\u00ed hledaj\u00ed maxim\u00e1ln\u011b spolehliv\u00e9 a pevn\u00e9 spojen\u00ed.<\/p>\n","protected":false},"featured_media":24010,"comment_status":"open","ping_status":"closed","template":"","meta":[],"product_cat":[132,140,137,138,139,133,141],"product_tag":[],"_links":{"self":[{"href":"https:\/\/www.brikol.sk\/cs\/wp-json\/wp\/v2\/product\/22578"}],"collection":[{"href":"https:\/\/www.brikol.sk\/cs\/wp-json\/wp\/v2\/product"}],"about":[{"href":"https:\/\/www.brikol.sk\/cs\/wp-json\/wp\/v2\/types\/product"}],"replies":[{"embeddable":true,"href":"https:\/\/www.brikol.sk\/cs\/wp-json\/wp\/v2\/comments?post=22578"}],"wp:featuredmedia":[{"embeddable":true,"href":"https:\/\/www.brikol.sk\/cs\/wp-json\/wp\/v2\/media\/24010"}],"wp:attachment":[{"href":"https:\/\/www.brikol.sk\/cs\/wp-json\/wp\/v2\/media?parent=22578"}],"wp:term":[{"taxonomy":"product_cat","embeddable":true,"href":"https:\/\/www.brikol.sk\/cs\/wp-json\/wp\/v2\/product_cat?post=22578"},{"taxonomy":"product_tag","embeddable":true,"href":"https:\/\/www.brikol.sk\/cs\/wp-json\/wp\/v2\/product_tag?post=22578"}],"curies":[{"name":"wp","href":"https:\/\/api.w.org\/{rel}","templated":true}]}}