{"id":22626,"date":"2025-08-05T13:18:10","date_gmt":"2025-08-05T11:18:10","guid":{"rendered":"https:\/\/www.brikol.sk\/?post_type=product&#038;p=22626"},"modified":"2026-01-13T10:55:24","modified_gmt":"2026-01-13T09:55:24","slug":"nahradni-sitovina-pro-site-proti-hmyzu-160-cm-metr-kopia","status":"publish","type":"product","link":"https:\/\/www.brikol.sk\/cs\/produkt\/nahradni-sitovina-pro-site-proti-hmyzu-160-cm-metr-kopia\/","title":{"rendered":"Pr\u016fsvitn\u00e1 s\u00ed\u0165ovina proti hmyzu 160 cm\/metr"},"content":{"rendered":"<div class=\"product-short-description\">\n<h2>Pr\u016fsvitn\u00e1 s\u00ed\u0165ovina proti hmyzu 160 cm<\/h2>\n<p>P\u0159edstavujeme efektivn\u00ed \u0159e\u0161en\u00ed, kter\u00e9 \u0159e\u0161\u00ed \u010dast\u00fd probl\u00e9m zast\u00edn\u011bn\u00ed interi\u00e9ru. Tato <b>pr\u016fsvitn\u00e1 s\u00ed\u0165ovina proti hmyzu <\/b>o rozm\u011bru 160 cm je ide\u00e1ln\u00ed pro v\u00fdm\u011bnu s\u00edt\u00ed na oknech a dve\u0159\u00edch. Jej\u00edm hlavn\u00edm benefitem je, \u017ee v\u00fdrazn\u011b sni\u017euje vizu\u00e1ln\u00ed bari\u00e9ru a propou\u0161t\u00ed v\u00edce p\u0159irozen\u00e9ho sv\u011btla. T\u00edm vytv\u00e1\u0159\u00ed otev\u0159en\u011bj\u0161\u00ed a jasn\u011bj\u0161\u00ed prostor ve va\u0161\u00ed dom\u00e1cnosti.<\/p>\n<h3>Vlastnosti a technick\u00e9 specifikace<\/h3>\n<p>S\u00ed\u0165ovinu jsme navrhli tak, aby minimalizovala ztr\u00e1tu sv\u011btla. Je vyrobena z materi\u00e1lu se speci\u00e1ln\u00ed strukturou vl\u00e1ken, jejich\u017e pr\u016fm\u011br je ten\u010d\u00ed ne\u017e u b\u011b\u017en\u00fdch s\u00ed\u0165ovin. P\u0159esto si s\u00ed\u0165ovina udr\u017euje <b>vysokou pevnost v tahu a odolnost proti protr\u017een\u00ed.<\/b> Testy v podm\u00ednk\u00e1ch b\u011b\u017en\u00e9ho dom\u00e1c\u00edho pou\u017e\u00edv\u00e1n\u00ed potvrzuj\u00ed jej\u00ed trvanlivost a dlouhou \u017eivotnost.<\/p>\n<p>Jedine\u010dn\u00e1 struktura materi\u00e1lu zaji\u0161\u0165uje vysokou <b>odolnost v\u016f\u010di pov\u011btrnostn\u00edm vliv\u016fm<\/b> v\u010detn\u011b UV z\u00e1\u0159en\u00ed. S\u00ed\u0165ovina proto nebledne a jej\u00ed barva se nem\u011bn\u00ed. Na r\u00e1mu p\u016fsob\u00ed subtiln\u011bji a m\u00e9n\u011b n\u00e1padn\u011b, co\u017e ocen\u00edte v modern\u00edch interi\u00e9rech s d\u016frazem na maxim\u00e1ln\u00ed pr\u016fnik sv\u011btla.<\/p>\n<p>S\u00ed\u0165ovinu dod\u00e1v\u00e1me v \u0161\u00ed\u0159ce 160 cm, co\u017e ji \u010din\u00ed univerz\u00e1ln\u00ed pro r\u016fzn\u00e9 typy r\u00e1m\u016f \u2013 od pevn\u00fdch s\u00edt\u00ed, p\u0159es rolovac\u00ed a\u017e po dve\u0159n\u00ed syst\u00e9my. N\u00edzk\u00e1 hmotnost usnad\u0148uje manipulaci i instalaci. D\u00edky t\u011bmto vlastnostem p\u0159edstavuje pr\u00e9miov\u00fd upgrade pro ka\u017edou s\u00ed\u0165ku, kter\u00e1 m\u00e1 chr\u00e1nit interi\u00e9r p\u0159ed hmyzem bez kompromis\u016f ve sv\u011btlosti.<\/p>\n<p><strong>S\u00ed\u0165ovinu dod\u00e1v\u00e1me V CELKU dle objednan\u00e9ho po\u010dtu metr\u016f.<\/strong><\/p>\n<div class=\"p-short-description\" data-testid=\"productCardShortDescr\">\n<p><span style=\"color: #ff0000;\">Maxim\u00e1ln\u00ed d\u00e9lka je neomezen\u00e1, ale nejdel\u0161\u00ed nerozd\u011blen\u00e9 vinut\u00ed je 30 m.<\/span><br \/>\n<span style=\"color: #ff0000;\">Objedn\u00e1vky del\u0161\u00ed ne\u017e 30 m budou rozd\u011bleny na 2 nebo v\u00edce \u010d\u00e1st\u00ed (nap\u0159. 40 m = 30 m + 10 m). P\u0159i objedn\u00e1v\u00e1n\u00ed nap\u0159. 4m, zad\u00e1n\u00ed \u010d\u00edsla ko\u0161e 4 &#8211; s\u00ed\u0165ovina m\u011b\u0159en\u00e1 CELKEM souvisle 4m.<\/span><\/p>\n<p>&nbsp;<\/p>\n<\/div>\n<\/div>\n","protected":false},"excerpt":{"rendered":"<p><b>Pr\u016fsvitn\u00e1 s\u00ed\u0165ovina proti hmyzu <\/b>o rozm\u011brech 160 cm, navr\u017een\u00e1 pro maxim\u00e1ln\u00ed sv\u011btelnou propustnost. Jej\u00ed tenk\u00e1, p\u0159esto vysoce odoln\u00e1 vl\u00e1kna minimalizuj\u00ed zast\u00edn\u011bn\u00ed interi\u00e9ru, zat\u00edmco si materi\u00e1l zachov\u00e1v\u00e1 svou struktur\u00e1ln\u00ed pevnost a dlouhodobou odolnost proti po\u0161kozen\u00ed a UV z\u00e1\u0159en\u00ed. Ide\u00e1ln\u00ed n\u00e1hrada pro v\u0161echny typy r\u00e1m\u016f s\u00edt\u00ed proti hmyzu.<\/p>\n<p><strong>S\u00ed\u0165ovinu dod\u00e1v\u00e1me V CELKU dle objednan\u00e9ho po\u010dtu metr\u016f.<\/strong><\/p>\n<div class=\"p-short-description\" data-testid=\"productCardShortDescr\">\n<p><span style=\"color: #ff0000;\">Maxim\u00e1ln\u00ed d\u00e9lka nen\u00ed omezena, ale nejdel\u0161\u00ed ned\u011blen\u00e1 c\u00edvka je 30 m.<\/span><br \/>\n<span style=\"color: #ff0000;\">Objedn\u00e1vky del\u0161\u00ed ne\u017e 30 m budou rozd\u011bleny na 2 nebo v\u00edce \u010d\u00e1st\u00ed (nap\u0159. 40 m = 30 m + 10 m). P\u0159i objedn\u00e1v\u00e1n\u00ed nap\u0159. 4 m a vlo\u017een\u00edm do ko\u0161\u00edku \u010d\u00edslo 4 z\u00edsk\u00e1te v celku 4 m.<br \/>\n<\/span><\/p>\n<p>&nbsp;<\/p>\n<\/div>\n","protected":false},"featured_media":25023,"comment_status":"open","ping_status":"closed","template":"","meta":[],"product_cat":[130,131],"product_tag":[],"_links":{"self":[{"href":"https:\/\/www.brikol.sk\/cs\/wp-json\/wp\/v2\/product\/22626"}],"collection":[{"href":"https:\/\/www.brikol.sk\/cs\/wp-json\/wp\/v2\/product"}],"about":[{"href":"https:\/\/www.brikol.sk\/cs\/wp-json\/wp\/v2\/types\/product"}],"replies":[{"embeddable":true,"href":"https:\/\/www.brikol.sk\/cs\/wp-json\/wp\/v2\/comments?post=22626"}],"wp:featuredmedia":[{"embeddable":true,"href":"https:\/\/www.brikol.sk\/cs\/wp-json\/wp\/v2\/media\/25023"}],"wp:attachment":[{"href":"https:\/\/www.brikol.sk\/cs\/wp-json\/wp\/v2\/media?parent=22626"}],"wp:term":[{"taxonomy":"product_cat","embeddable":true,"href":"https:\/\/www.brikol.sk\/cs\/wp-json\/wp\/v2\/product_cat?post=22626"},{"taxonomy":"product_tag","embeddable":true,"href":"https:\/\/www.brikol.sk\/cs\/wp-json\/wp\/v2\/product_tag?post=22626"}],"curies":[{"name":"wp","href":"https:\/\/api.w.org\/{rel}","templated":true}]}}