{"id":22662,"date":"2025-08-08T10:13:55","date_gmt":"2025-08-08T08:13:55","guid":{"rendered":"https:\/\/www.brikol.sk\/?post_type=product&#038;p=22662"},"modified":"2026-01-13T10:53:42","modified_gmt":"2026-01-13T09:53:42","slug":"rukojet-rukojet-wala-lm-92-mm-kopia","status":"publish","type":"product","link":"https:\/\/www.brikol.sk\/cs\/produkt\/rukojet-rukojet-wala-lm-92-mm-kopia\/","title":{"rendered":"Rukoje\u0165 &#8211; rukoje\u0165 WALA LM 92 mm"},"content":{"rendered":"<p>Zes\u00edlen\u00e1 klika WALA pro plastov\u00e9, hlin\u00edkov\u00e9 a hlin\u00edkov\u00e9 dve\u0159e. V galerii najdete obr\u00e1zek s nab\u00eddkou, podle kter\u00e9 je t\u0159eba zkontrolovat rozm\u011bry rukojeti.<\/p>\n","protected":false},"excerpt":{"rendered":"<p>Zes\u00edlen\u00e1 klika WALA pro plastov\u00e9, hlin\u00edkov\u00e9 a hlin\u00edkov\u00e9 dve\u0159e. V galerii najdete obr\u00e1zek s nab\u00eddkou, podle kter\u00e9 je t\u0159eba zkontrolovat rozm\u011bry rukojeti.<\/p>\n","protected":false},"featured_media":11437,"comment_status":"open","ping_status":"closed","template":"","meta":[],"product_cat":[223],"product_tag":[],"_links":{"self":[{"href":"https:\/\/www.brikol.sk\/cs\/wp-json\/wp\/v2\/product\/22662"}],"collection":[{"href":"https:\/\/www.brikol.sk\/cs\/wp-json\/wp\/v2\/product"}],"about":[{"href":"https:\/\/www.brikol.sk\/cs\/wp-json\/wp\/v2\/types\/product"}],"replies":[{"embeddable":true,"href":"https:\/\/www.brikol.sk\/cs\/wp-json\/wp\/v2\/comments?post=22662"}],"wp:featuredmedia":[{"embeddable":true,"href":"https:\/\/www.brikol.sk\/cs\/wp-json\/wp\/v2\/media\/11437"}],"wp:attachment":[{"href":"https:\/\/www.brikol.sk\/cs\/wp-json\/wp\/v2\/media?parent=22662"}],"wp:term":[{"taxonomy":"product_cat","embeddable":true,"href":"https:\/\/www.brikol.sk\/cs\/wp-json\/wp\/v2\/product_cat?post=22662"},{"taxonomy":"product_tag","embeddable":true,"href":"https:\/\/www.brikol.sk\/cs\/wp-json\/wp\/v2\/product_tag?post=22662"}],"curies":[{"name":"wp","href":"https:\/\/api.w.org\/{rel}","templated":true}]}}