{"id":23104,"date":"2025-09-22T10:49:37","date_gmt":"2025-09-22T08:49:37","guid":{"rendered":"https:\/\/www.brikol.sk\/?post_type=product&#038;p=23104"},"modified":"2026-01-12T14:26:23","modified_gmt":"2026-01-12T13:26:23","slug":"sulko-panorama-seal-m-kopia","status":"publish","type":"product","link":"https:\/\/www.brikol.sk\/cs\/produkt\/sulko-panorama-seal-m-kopia\/","title":{"rendered":"T\u011bsn\u011bn\u00ed S-2144"},"content":{"rendered":"<div id=\"Tesnenie S-2144\">\n<p><b>T\u011bsn\u011bn\u00ed S-2114<\/b> je ide\u00e1ln\u00ed n\u00e1hradou pro va\u0161e star\u00e9 a nefunk\u010dn\u00ed t\u011bsn\u011bn\u00ed na plastov\u00fdch oknech a dve\u0159\u00edch.<br \/>\nNa v\u00fdm\u011bnu t\u011bsn\u011bn\u00ed S-2144 budete pot\u0159ebovat:<\/p>\n<ul>\n<li>ostr\u00fd n\u016f\u017e, nejl\u00e9pe l\u00e1mac\u00ed,<\/li>\n<li><a href=\"https:\/\/www.brikol.sk\/produkt\/noznice-pre-sikme-rezy\/\">n\u016f\u017eky na<\/a> t\u011bsn\u011bn\u00ed<\/li>\n<li><a href=\"https:\/\/www.brikol.sk\/produkt\/sekundove-lepidlo-na-tesnenie\/\">sekundov\u00e9 lepidlo<\/a><\/li>\n<\/ul>\n<p>Star\u00e9 t\u011bsn\u011bn\u00ed je t\u0159eba z dr\u00e1\u017eky vyt\u00e1hnout. V p\u0159\u00edpad\u011b, \u017ee je t\u011bsn\u011bn\u00ed v dr\u00e1\u017ece p\u0159ilepen\u00e9, mus\u00edme ho od\u0159\u00edznout ostr\u00fdm no\u017eem. T\u011bsn\u011bn\u00ed m\u016f\u017ee b\u00fdt tak star\u00e9, \u017ee u\u017e nen\u00ed pru\u017en\u00e9 a h\u016f\u0159e se vyj\u00edm\u00e1 z dr\u00e1\u017eky. Proto ji mus\u00edte vy\u0159\u00edznout, aby se dr\u00e1\u017eka zcela uvolnila. Zkontrolujte dr\u00e1\u017eku a ujist\u011bte se, \u017ee v n\u00ed nez\u016fstalo \u017e\u00e1dn\u00e9 star\u00e9 t\u011bsn\u011bn\u00ed. Po uvoln\u011bn\u00ed dr\u00e1\u017eky star\u00e9ho t\u011bsn\u011bn\u00ed se vlo\u017e\u00ed nov\u00e9 t\u011bsn\u011bn\u00ed. Konec t\u011bsn\u011bn\u00ed a\u017e k m\u00edstu, kde se spojuje s druh\u00fdm koncem t\u011bsn\u011bn\u00ed, se\u0159\u00edzn\u011bte do \u00fahlu tak, aby byly oba konce p\u011bkn\u011b spojen\u00e9. Doporu\u010dujeme slepit rohy t\u011bsn\u011bn\u00ed <a href=\"https:\/\/www.brikol.sk\/produkt\/sekundove-lepidlo-na-tesnenie\/\">sekundov\u00fdm lepidlem<\/a>, aby se zabr\u00e1nilo posunu t\u011bsn\u011bn\u00ed a aby mohlo plnit svou funkci.<\/p>\n<p><strong>Pokud si nejste jisti v\u00fdb\u011brem t\u011bsn\u011bn\u00ed, doporu\u010dujeme v\u00e1m<a href=\"https:\/\/www.brikol.sk\/produkt\/vzorkovnik-tesneni\/\"> vzorkovn\u00edk t\u011bsn\u011bn\u00ed<\/a>, kter\u00fd v\u00e1m pom\u016f\u017ee s v\u00fdb\u011brem.<\/strong><\/p>\n<p>Zbo\u017e\u00ed zas\u00edl\u00e1me zabalen\u00e9 po cel\u00fdch metrech.<br \/>\nV p\u0159\u00edpad\u011b v\u011bt\u0161\u00edch objedn\u00e1vek nad 100 m t\u011bsn\u011bn\u00ed rozd\u011blujeme pro lep\u0161\u00ed manipulaci. Nap\u0159. p\u0159i objedn\u00e1n\u00ed 5 kus\u016f v\u00e1m bude zasl\u00e1no 5 metr\u016f.<\/p>\n<p>Pro spr\u00e1vnou \u00fadr\u017ebu t\u011bsn\u011bn\u00ed doporu\u010dujeme mazat t\u011bsn\u011bn\u00ed alespo\u0148 jednou ro\u010dn\u011b.<strong><span style=\"color: #3366ff;\"><a style=\"color: #3366ff;\" href=\"https:\/\/www.brikol.sk\/produkt\/silikonovy-s-hubkou-udrzba-servis-okna\/\"> Silikonov\u00fdm olejem s houbi\u010dkou<\/a>,<\/span><\/strong> aby se co nejd\u00e9le zachovaly jeho vlastnosti a funk\u010dnost.<\/p>\n<p>Video n\u00e1vod na v\u00fdm\u011bnu t\u011bsn\u011bn\u00ed <a href=\"https:\/\/www.youtube.com\/watch?v=Kp8Lf5EfUcA\"><span style=\"color: #000080;\"><strong>ZDE<\/strong><\/span><\/a><\/p>\n<\/div>\n","protected":false},"excerpt":{"rendered":"<p>T\u011bsn\u011bn\u00ed S-2144, pro plastov\u00e1 okna je vhodn\u00e9 t\u00e9m\u011b\u0159 do ka\u017ed\u00e9ho typu. T\u011bsn\u011bn\u00ed je vyrobeno z EPDM 60\u00b0 ShA.<\/p>\n<p>T\u011bsn\u011bn\u00ed je<strong> n\u00e1hradou za star\u00e9 net\u011bsn\u00edc\u00ed t\u011bsn\u011bn\u00ed<\/strong>.<a href=\"#Tesnenie%20S-2144\"><strong><span style=\"color: #0000ff;\">V\u00edce v popisu<\/span><\/strong><\/a><\/p>\n<p>&nbsp;<\/p>\n<p>&nbsp;<\/p>\n","protected":false},"featured_media":23108,"comment_status":"open","ping_status":"closed","template":"","meta":[],"product_cat":[135,217],"product_tag":[],"_links":{"self":[{"href":"https:\/\/www.brikol.sk\/cs\/wp-json\/wp\/v2\/product\/23104"}],"collection":[{"href":"https:\/\/www.brikol.sk\/cs\/wp-json\/wp\/v2\/product"}],"about":[{"href":"https:\/\/www.brikol.sk\/cs\/wp-json\/wp\/v2\/types\/product"}],"replies":[{"embeddable":true,"href":"https:\/\/www.brikol.sk\/cs\/wp-json\/wp\/v2\/comments?post=23104"}],"wp:featuredmedia":[{"embeddable":true,"href":"https:\/\/www.brikol.sk\/cs\/wp-json\/wp\/v2\/media\/23108"}],"wp:attachment":[{"href":"https:\/\/www.brikol.sk\/cs\/wp-json\/wp\/v2\/media?parent=23104"}],"wp:term":[{"taxonomy":"product_cat","embeddable":true,"href":"https:\/\/www.brikol.sk\/cs\/wp-json\/wp\/v2\/product_cat?post=23104"},{"taxonomy":"product_tag","embeddable":true,"href":"https:\/\/www.brikol.sk\/cs\/wp-json\/wp\/v2\/product_tag?post=23104"}],"curies":[{"name":"wp","href":"https:\/\/api.w.org\/{rel}","templated":true}]}}