{"id":22084,"date":"2020-03-23T17:06:48","date_gmt":"2020-03-23T16:06:48","guid":{"rendered":"https:\/\/www.brikol.sk\/produkt\/nastellschluessel-gu-torx-t15-stk\/"},"modified":"2020-03-23T17:06:48","modified_gmt":"2020-03-23T16:06:48","slug":"nastellschluessel-gu-torx-t15-stk","status":"publish","type":"product","link":"https:\/\/www.brikol.sk\/de\/produkt\/nastellschluessel-gu-torx-t15-stk\/","title":{"rendered":"Nastellschl\u00fcssel GU Torx T15 \/ Stk."},"content":{"rendered":"<h3 data-sourcepos=\"5:1-5:58\">Nastellschl\u00fcssel GU Torx T15<\/h3>\n<p data-sourcepos=\"7:1-7:232\">Der<strong> Nastellschl\u00fcssel GU Torx T15<\/strong> ist Ihr <strong>unverzichtbarer Helfer<\/strong><br \/>f\u00fcr die einfache und effektive Wartung von Fenstern und T\u00fcren direkt bei Ihnen zu Hause.<br \/>Daher m\u00fcssen Sie keine teuren Spezialisten mehr rufen, wenn Sie ein kleines Problem mit der<br \/>Dichtung oder dem \u00d6ffnen haben! <\/p>\n<p data-sourcepos=\"9:1-9:345\">Diesen Spezialschl\u00fcssel haben wir f\u00fcr die <strong>pr\u00e4zise Einstellung (Justierung) aller GU-<\/strong>Beschlagstypen<br \/>entwickelt, die Sie \u00fcblicherweise an Kunststoff-, Holz- und Aluminiumfenstern und<br \/>Balkont\u00fcren finden. Dank ihm k\u00f6nnen Sie ganz einfach die Fensterh\u00f6he und das Kippen<br \/>des Fensters am oberen Scherenarm einstellen. Und warum ist das so wichtig? Ein richtig<br \/>eingestelltes Fenster gew\u00e4hrleistet Ihnen n\u00e4mlich:   <\/p>\n<ul data-sourcepos=\"11:1-15:0\">\n<li data-sourcepos=\"11:1-11:216\"><strong>Optimale Abdichtung: <\/strong>So verabschieden Sie sich von unangenehmer Zugluft und reduzieren W\u00e4rmeverluste in Ihrem<br \/>Haushalt. Infolgedessen werden Sie niedrigere Heizkosten sehen und<br \/>eine angenehmere Umgebung genie\u00dfen. <\/li>\n<li data-sourcepos=\"12:1-12:206\"><strong>Reibungsloses \u00d6ffnen und Schlie\u00dfen:<\/strong> Wenn Ihr Fenster klemmt, sich schwer \u00f6ffnen oder schlie\u00dfen l\u00e4sst, braucht es wahrscheinlich nur eine kleine Einstellung. Zum Gl\u00fcck erledigen Sie das mit dem Schl\u00fcssel GU Torx T15 schnell und m\u00fchelos. <\/li>\n<li data-sourcepos=\"13:1-13:177\"><strong>Verl\u00e4ngerte Lebensdauer:<\/strong> Durch regelm\u00e4\u00dfige Wartung und korrekte Einstellung sch\u00fctzen Sie den Beschlag vor \u00fcberm\u00e4\u00dfigem Verschlei\u00df, wodurch Sie die Lebensdauer Ihrer Fenster und<br \/>T\u00fcren erheblich verl\u00e4ngern.<\/li>\n<li data-sourcepos=\"14:1-15:0\"><strong>Reduzierung von Au\u00dfenger\u00e4uschen<\/strong>: Zudem, gut dichtende Fenster isolieren auch L\u00e4rm besser, was zu einer ruhigeren und friedlicheren Wohnung beitr\u00e4gt.<\/li>\n<\/ul>\n<p data-sourcepos=\"16:1-16:37\"><strong>Warum sollten Sie sich f\u00fcr diesen Schl\u00fcssel entscheiden?<\/strong><\/p>\n<ul data-sourcepos=\"18:1-22:0\">\n<li data-sourcepos=\"18:1-18:146\"><strong>Einfache Handhabung:<\/strong> Dank des ergonomischen Designs und der Standardgr\u00f6\u00dfe Torx T15 ist die Arbeit mit ihm intuitiv auch f\u00fcr absolute Anf\u00e4nger.<\/li>\n<li data-sourcepos=\"19:1-19:109\"><strong>Hohe Kompatibilit\u00e4t<\/strong>: Das bedeutet, er ist ideal f\u00fcr eine breite Palette von Fenstern und T\u00fcren mit Beschl\u00e4gen der Marke GU.<\/li>\n<li data-sourcepos=\"20:1-20:106\"><strong>Kompakte Abmessungen:<\/strong> Mit einer L\u00e4nge von 110 mm und einer Breite von 100 mm l\u00e4sst er sich leicht verstauen und Sie werden ihn immer griffbereit haben.<\/li>\n<li data-sourcepos=\"21:1-22:0\"><strong>Wirtschaftliche L\u00f6sung:<\/strong> Dadurch sparen Sie Geld f\u00fcr Servicetechniker und halten Ihre Fenster selbst in perfektem Zustand.<\/li>\n<\/ul>\n<p data-sourcepos=\"23:1-23:222\">Warten Sie nicht, bis aus einem kleinen Problem ein gro\u00dfes wird. Mit dem Nastellschl\u00fcssel<br \/>GU Torx T15 haben Sie die L\u00f6sung in Reichweite. Bestellen Sie ihn noch heute und<br \/>genie\u00dfen Sie den Komfort und die Einsparungen, die Ihnen richtig funktionierende Fenster<br \/>bringen!  <\/p>\n","protected":false},"excerpt":{"rendered":"<p>Nastellschl\u00fcssel GU Torx T15. Der Nastellschl\u00fcssel dient zur Einstellung (Justierung) aller Beschlagstypen. Er wird haupts\u00e4chlich zur Einstellung der Fensterh\u00f6he und des Kipps am oberen Scherenarm verwendet. L\u00e4nge &#8211; 110 mm, Breite &#8211; 100 mm, L\u00e4nge 2 &#8211; 30 mm  <\/p>\n","protected":false},"featured_media":17470,"comment_status":"open","ping_status":"closed","template":"","meta":[],"product_cat":[233,188],"product_tag":[],"_links":{"self":[{"href":"https:\/\/www.brikol.sk\/de\/wp-json\/wp\/v2\/product\/22084"}],"collection":[{"href":"https:\/\/www.brikol.sk\/de\/wp-json\/wp\/v2\/product"}],"about":[{"href":"https:\/\/www.brikol.sk\/de\/wp-json\/wp\/v2\/types\/product"}],"replies":[{"embeddable":true,"href":"https:\/\/www.brikol.sk\/de\/wp-json\/wp\/v2\/comments?post=22084"}],"wp:featuredmedia":[{"embeddable":true,"href":"https:\/\/www.brikol.sk\/de\/wp-json\/wp\/v2\/media\/17470"}],"wp:attachment":[{"href":"https:\/\/www.brikol.sk\/de\/wp-json\/wp\/v2\/media?parent=22084"}],"wp:term":[{"taxonomy":"product_cat","embeddable":true,"href":"https:\/\/www.brikol.sk\/de\/wp-json\/wp\/v2\/product_cat?post=22084"},{"taxonomy":"product_tag","embeddable":true,"href":"https:\/\/www.brikol.sk\/de\/wp-json\/wp\/v2\/product_tag?post=22084"}],"curies":[{"name":"wp","href":"https:\/\/api.w.org\/{rel}","templated":true}]}}