{"id":22519,"date":"2019-03-10T18:48:04","date_gmt":"2019-03-10T17:48:04","guid":{"rendered":"https:\/\/www.brikol.sk\/produkt\/maco-unteres-lager-scharnier-fuer-kunststofffenster-stk\/"},"modified":"2019-03-10T18:48:04","modified_gmt":"2019-03-10T17:48:04","slug":"maco-unteres-lager-scharnier-fuer-kunststofffenster-stk","status":"publish","type":"product","link":"https:\/\/www.brikol.sk\/de\/produkt\/maco-unteres-lager-scharnier-fuer-kunststofffenster-stk\/","title":{"rendered":"MACO unteres Lager (Scharnier) f\u00fcr Kunststofffenster \/ Stk."},"content":{"rendered":"<h3>MACO unteres Lager (Scharnier) f\u00fcr Kunststofffenster komplett<\/h3>\n<p>MACO unteres Scharnier \/ Lager \/ Zapfen f\u00fcr Dreh- und Dreh-Kipp-Fenster sowie Balkont\u00fcren, ausgestattet mit MACO MULTI-TREND und MACO MULTI-MATIC Beschl\u00e4gen. Im Lieferumfang sind auch Montageschrauben mit selbstschneidendem Kopf f\u00fcr Kunststoff enthalten. <\/p>\n<h4><strong>Technische Daten:<\/strong><\/h4>\n<ul>\n<li>Belastbarkeit des Zapfens: 120 kg<\/li>\n<li>Stiftdicke: 7 mm<\/li>\n<li>L\u00e4nge des Tragzapfens: 23 mm<\/li>\n<li>Rechts-links<\/li>\n<li>Farbe: Silber<\/li>\n<li>F\u00fcr alle Kunststofffenster und Balkont\u00fcren geeignet.<\/li>\n<\/ul>\n","protected":false},"excerpt":{"rendered":"<p>MACO unteres Lager \/ Scharnier \/ Zapfen f\u00fcr Dreh- und Dreh-Kipp-Kunststofffenster und Balkont\u00fcren, ausgestattet mit MACO MULTI-TREND und MACO MULTI-MATIC Beschl\u00e4gen. Im Lieferumfang sind auch Montageschrauben mit selbstschneidendem Kopf f\u00fcr Kunststoff enthalten. <\/p>\n","protected":false},"featured_media":15675,"comment_status":"open","ping_status":"closed","template":"","meta":[],"product_cat":[234,188,194],"product_tag":[],"_links":{"self":[{"href":"https:\/\/www.brikol.sk\/de\/wp-json\/wp\/v2\/product\/22519"}],"collection":[{"href":"https:\/\/www.brikol.sk\/de\/wp-json\/wp\/v2\/product"}],"about":[{"href":"https:\/\/www.brikol.sk\/de\/wp-json\/wp\/v2\/types\/product"}],"replies":[{"embeddable":true,"href":"https:\/\/www.brikol.sk\/de\/wp-json\/wp\/v2\/comments?post=22519"}],"wp:featuredmedia":[{"embeddable":true,"href":"https:\/\/www.brikol.sk\/de\/wp-json\/wp\/v2\/media\/15675"}],"wp:attachment":[{"href":"https:\/\/www.brikol.sk\/de\/wp-json\/wp\/v2\/media?parent=22519"}],"wp:term":[{"taxonomy":"product_cat","embeddable":true,"href":"https:\/\/www.brikol.sk\/de\/wp-json\/wp\/v2\/product_cat?post=22519"},{"taxonomy":"product_tag","embeddable":true,"href":"https:\/\/www.brikol.sk\/de\/wp-json\/wp\/v2\/product_tag?post=22519"}],"curies":[{"name":"wp","href":"https:\/\/api.w.org\/{rel}","templated":true}]}}