{"id":23134,"date":"2022-06-29T20:54:49","date_gmt":"2022-06-29T18:54:49","guid":{"rendered":"https:\/\/www.brikol.sk\/produkt\/decco-fensterdichtung-m\/"},"modified":"2022-06-29T20:54:49","modified_gmt":"2022-06-29T18:54:49","slug":"decco-fensterdichtung-m","status":"publish","type":"product","link":"https:\/\/www.brikol.sk\/de\/produkt\/decco-fensterdichtung-m\/","title":{"rendered":"DECCO Fensterdichtung \/ m"},"content":{"rendered":"<p><strong>DECCO Fensterdichtung<\/strong><\/p>\n<p>Die DECCO Fensterdichtung ist <strong>ein Ersatz f\u00fcr Ihre alte, undichte Dichtung an Kunststofffenstern und -t\u00fcren.<\/strong><\/p>\n<p>Die Montage und der Austausch sind einfach.<\/p>\n<p>Wir ben\u00f6tigen:<\/p>\n<ul>\n<li>ein scharfes Messer, am besten ein Teppichmesser,<\/li>\n<li><a href=\"https:\/\/www.brikol.sk\/produkt\/noznice-pre-sikme-rezy\/\">Dichtungsschere<\/a><\/li>\n<li><a href=\"https:\/\/www.brikol.sk\/produkt\/sekundove-lepidlo-na-tesnenie\/\">Sekundenkleber<\/a><\/li>\n<\/ul>\n<p>Das alte Dichtungsprofil muss aus der Nut herausgezogen werden. Falls die Dichtung in der Nut verklebt ist, muss sie mit einem scharfen Messer abgeschnitten werden. Die Dichtung kann so alt sein, dass sie keine Elastizit\u00e4t mehr hat und sich nur schwer aus der Nut entfernen l\u00e4sst. In diesem Fall m\u00fcssen Sie sie herausschneiden, damit die Nut vollst\u00e4ndig frei wird. \u00dcberpr\u00fcfen Sie die Nut und stellen Sie sicher, dass keine Reste der alten Dichtung mehr vorhanden sind. Nach dem Entfernen der alten Dichtung kann die neue Dichtung eingesetzt werden. Die Enden der Dichtung, wo sie aufeinandertreffen, sollten in einem Winkel zugeschnitten werden, damit sie gut zusammenpassen. Wir empfehlen, die Ecken der Dichtung mit <a href=\"https:\/\/www.brikol.sk\/produkt\/sekundove-lepidlo-na-tesnenie\/\">Sekundenkleber<\/a> zu verkleben, um ein Verrutschen zu verhindern und sicherzustellen, dass die Dichtung ihre Funktion erf\u00fcllt.       <\/p>\n<p><strong>Wenn Sie sich bei der Wahl der Dichtung unsicher sind, empfehlen wir Ihnen das <a href=\"https:\/\/www.brikol.sk\/produkt\/vzorkovnik-tesneni\/\">Dichtungsmuster-Set<\/a>, das Ihnen bei der Auswahl hilft.<\/strong><\/p>\n<p>Die Ware wird in ganzen Metern verpackt versandt. Bei einer gr\u00f6\u00dferen Bestellung von \u00fcber 100 m teilen wir die Dichtung f\u00fcr eine bessere Handhabung auf.<br \/>\nZum Beispiel bei einer Bestellung von 5 St\u00fcck erhalten Sie 5 Meter. <\/p>\n<p>F\u00fcr die richtige Pflege der Dichtung empfehlen wir, diese mindestens einmal j\u00e4hrlich mit <strong><span style=\"color: #3366ff;\"><a style=\"color: #3366ff;\" href=\"https:\/\/www.brikol.sk\/produkt\/silikonovy-s-hubkou-udrzba-servis-okna\/\">Silikon\u00f6l und einem Schwamm <\/a><\/span><\/strong>zu schmieren, damit sie ihre Eigenschaften und Funktionalit\u00e4t so lange wie m\u00f6glich beh\u00e4lt.<\/p>\n<p>Video-Anleitung zum Dichtungswechsel <a href=\"https:\/\/www.youtube.com\/watch?v=Kp8Lf5EfUcA\"><span style=\"color: #000080;\"><strong>HIER<\/strong><\/span><\/a><\/p>\n","protected":false},"excerpt":{"rendered":"<p>DECCO Fensterdichtung f\u00fcr Kunststofffenster. Die Dichtung ist <strong>ein Ersatz f\u00fcr Ihre alte, undichte Dichtung.<\/strong> Die Montage ist einfach: Sie ziehen die alte Dichtung heraus. Falls sie eingeklebt ist, m\u00fcssen Sie sie mit einem scharfen Messer abschneiden und dann die neue Dichtung einsetzen. Wir empfehlen, die Ecken der Dichtung mit <a href=\"https:\/\/www.brikol.sk\/produkt\/sekundove-lepidlo-na-tesnenie\/\">Sekundenkleber zu verkleben.<\/a>     <\/p>\n<p>Die Dichtung besteht aus dem Material EPDM 60\u00b0 ShA.<\/p>\n<p>Die Ware wird in ganzen Metern <strong>verpackt versandt.<\/strong> Bei einer gr\u00f6\u00dferen Bestellung von \u00fcber 50 m teilen wir die Dichtung f\u00fcr eine bessere Handhabung auf.<br \/>\nZ.B. bei einer Bestellung von 5 St\u00fcck erhalten Sie 5 Meter. <\/p>\n<p>F\u00fcr die richtige Pflege der Dichtung empfehlen wir, diese mindestens einmal j\u00e4hrlich mit <strong><span style=\"color: #3366ff;\"><a style=\"color: #3366ff;\" href=\"https:\/\/www.brikol.sk\/produkt\/silikonovy-s-hubkou-udrzba-servis-okna\/\">Silikon\u00f6l und einem Schwamm <\/a><\/span><\/strong>zu schmieren, damit sie ihre Eigenschaften und Funktionalit\u00e4t so lange wie m\u00f6glich beh\u00e4lt.<\/p>\n","protected":false},"featured_media":12305,"comment_status":"open","ping_status":"closed","template":"","meta":[],"product_cat":[232,197],"product_tag":[],"_links":{"self":[{"href":"https:\/\/www.brikol.sk\/de\/wp-json\/wp\/v2\/product\/23134"}],"collection":[{"href":"https:\/\/www.brikol.sk\/de\/wp-json\/wp\/v2\/product"}],"about":[{"href":"https:\/\/www.brikol.sk\/de\/wp-json\/wp\/v2\/types\/product"}],"replies":[{"embeddable":true,"href":"https:\/\/www.brikol.sk\/de\/wp-json\/wp\/v2\/comments?post=23134"}],"wp:featuredmedia":[{"embeddable":true,"href":"https:\/\/www.brikol.sk\/de\/wp-json\/wp\/v2\/media\/12305"}],"wp:attachment":[{"href":"https:\/\/www.brikol.sk\/de\/wp-json\/wp\/v2\/media?parent=23134"}],"wp:term":[{"taxonomy":"product_cat","embeddable":true,"href":"https:\/\/www.brikol.sk\/de\/wp-json\/wp\/v2\/product_cat?post=23134"},{"taxonomy":"product_tag","embeddable":true,"href":"https:\/\/www.brikol.sk\/de\/wp-json\/wp\/v2\/product_tag?post=23134"}],"curies":[{"name":"wp","href":"https:\/\/api.w.org\/{rel}","templated":true}]}}