{"id":23135,"date":"2022-02-10T15:01:22","date_gmt":"2022-02-10T14:01:22","guid":{"rendered":"https:\/\/www.brikol.sk\/produkt\/dichtungsmuster-satz\/"},"modified":"2022-02-10T15:01:22","modified_gmt":"2022-02-10T14:01:22","slug":"dichtungsmuster-satz","status":"publish","type":"product","link":"https:\/\/www.brikol.sk\/de\/produkt\/dichtungsmuster-satz\/","title":{"rendered":"Dichtungsmuster \/ Satz"},"content":{"rendered":"<h2 data-sourcepos=\"3:1-3:113\">Dichtungsmuster f\u00fcr Kunststofffenster und -t\u00fcren: Entscheiden Sie sich richtig und ohne Risiko \u2013 mit Geld-zur\u00fcck-Garantie!<\/h2>\n<p data-sourcepos=\"5:1-5:485\"><strong>Sie fragen sich, welche Dichtung am besten f\u00fcr Ihre Kunststofffenster und -t\u00fcren geeignet ist? <\/strong><strong>Sie m\u00fcssen nicht mehr r\u00e4tseln!<\/strong> <strong>Das praktische Dichtungsmusterbuch hilft Ihnen, ganz einfach und<\/strong> <strong>ohne Sorgen die ideale L\u00f6sung zu finden. <\/strong>Egal, ob Sie Fenster der Marken Aluplast, Brueg, Deceunick, Gealan, Kommerling, Sulko, Salamander, Veka, Rehau oder Decco haben, <strong>unser Dichtungsmusterbuch stellt sicher, dass Sie das Beste ausw\u00e4hlen!<\/strong> <strong>Und das Beste daran: Dank unserer Geld-zur\u00fcck-Garantie kaufen Sie absolut risikofrei ein!<\/strong> <\/p>\n<h2 data-sourcepos=\"7:1-7:53\"><span style=\"font-size: 80%;\"><strong>Wo liegen die Vorteile unseres Dichtungsmusterbuchs?<\/strong><\/span><\/h2>\n<ul data-sourcepos=\"9:1-12:0\">\n<li data-sourcepos=\"9:1-9:263\">\u00dcbersicht dank echter Muster: In einem Paket erhalten Sie etwa 10 cm lange St\u00fccke ALLER Dichtungen aus dem aktuellen Angebot. Probieren Sie die Muster aus, vergleichen Sie die Profile, legen Sie sie ans Fenster \u2013 \u00fcberzeugen Sie sich selbst von der Qualit\u00e4t! <\/li>\n<li data-sourcepos=\"10:1-10:317\">Einfache Orientierung dank \u00fcbersichtlicher Verpackung: Jede Dichtung wird von uns sorgf\u00e4ltig in einen separaten Beutel verpackt und deutlich mit dem Namen gekennzeichnet. Dank dieses Details k\u00f6nnen Sie sofort erkennen, welche Dichtung exakt zu Ihren Fenstern passt. Vergessen Sie komplizierte Suche und Unsicherheit!  <\/li>\n<li data-sourcepos=\"11:1-12:0\">Absolut risikofreie Wahl: Wir verstehen, dass die Auswahl der richtigen Dichtung nicht immer einfach ist. Deshalb bieten wir Ihnen eine wirklich einzigartige M\u00f6glichkeit: Wenn Sie sich umentscheiden, k\u00f6nnen Sie das MUSTERBUCH EINFACH INNERHALB VON 14 KALENDERTAGEN ZUR\u00dcCKSENDEN und wir ERSTATTEN Ihnen schnell DEN GESAMTEN BETRAG, inklusive der urspr\u00fcnglichen Versandkosten! Dank dieser unschlagbaren Garantie k\u00f6nnen Sie mit Sicherheit und ohne jegliche Sorge vor einer falschen Wahl einkaufen.  <\/li>\n<\/ul>\n<p data-sourcepos=\"13:1-13:66\"><strong>Geld-zur\u00fcck-Garantie \u2013 Ihre Zufriedenheit ist unsere Priorit\u00e4t!<\/strong><\/p>\n<p data-sourcepos=\"15:1-15:737\"><strong>Unser h\u00f6chstes Ziel ist Ihre Zufriedenheit mit dem Einkauf.<\/strong> <strong>Genau deshalb haben wir f\u00fcr Sie diese au\u00dfergew\u00f6hnliche Geld-zur\u00fcck-Garantie f\u00fcr das Dichtungsmusterbuch vorbereitet.<\/strong> <strong>Sollten Sie sich f\u00fcr die R\u00fcckgabe des Musterbuchs entscheiden (nat\u00fcrlich in unbesch\u00e4digtem Zustand), schicken Sie es einfach innerhalb von 14 Kalendertagen an uns zur\u00fcck und wir erstatten Ihnen Ihr Geld ohne Verz\u00f6gerung.<\/strong> <strong>Diese Garantie gilt f\u00fcr den gesamten Betrag, den Sie f\u00fcr das Musterbuch bezahlt haben, einschlie\u00dflich der urspr\u00fcnglichen Versandkosten!<\/strong> <strong>Das Einzige, was Sie in diesem Fall bezahlen, sind die Kosten f\u00fcr den R\u00fcckversand des Musterbuchs an uns.<\/strong> <strong>Um diese Kosten zu minimieren, empfehlen wir Ihnen, den EINSCHREIBEN 2. KLASSE zu nutzen \u2013 dies ist die wirtschaftlichste und gleichzeitig zuverl\u00e4ssigste Methode f\u00fcr die R\u00fccksendung. <\/strong><\/p>\n<h2 data-sourcepos=\"17:1-17:74\"><span style=\"font-size: 80%;\"><strong>Wie man vorgeht, um das Musterbuch zur\u00fcckzugeben und das Geld zur\u00fcckzuerhalten:<\/strong><\/span><\/h2>\n<ol data-sourcepos=\"19:1-23:0\">\n<li data-sourcepos=\"19:1-19:106\">Zuerst verpacken Sie das Musterbuch sorgf\u00e4ltig, um m\u00f6gliche Transportsch\u00e4den zu vermeiden.<\/li>\n<li data-sourcepos=\"20:1-20:144\">N\u00e1sledne nezabudnite prilo\u017ei\u0165 \u010d\u00edslo v\u00e1\u0161ho bankov\u00e9ho \u00fa\u010dtu (IBAN), aby sme v\u00e1m mohli bezodkladne vr\u00e1ti\u0165 va\u0161u platbu bankov\u00fdm prevodom.<\/li>\n<li data-sourcepos=\"21:1-21:164\">Anschlie\u00dfend senden Sie das Paket EINGESCHRIEBEN als Brief 2. Klasse an unsere Adresse (die genaue Adresse finden Sie in unseren Gesch\u00e4ftsbedingungen oder Sie kontaktieren uns einfach). <\/li>\n<li data-sourcepos=\"22:1-23:0\">Und schlie\u00dflich, nachdem wir das zur\u00fcckgesendete Musterbuch erhalten und schnell \u00fcberpr\u00fcft haben, \u00fcberweisen wir Ihnen das Geld umgehend auf Ihr Bankkonto zur\u00fcck.<\/li>\n<\/ol>\n<p data-sourcepos=\"24:1-24:84\"><strong>Das Musterbuch enth\u00e4lt reale Muster der folgenden Dichtungen, um Ihnen einen perfekten \u00dcberblick zu verschaffen:<\/strong><\/p>\n<ul data-sourcepos=\"26:1-37:0\">\n<li data-sourcepos=\"26:1-26:56\">Aluplast: Universal-, Fl\u00fcgel- und Rahmendichtung<\/li>\n<li data-sourcepos=\"27:1-27:22\"> Brueg<\/li>\n<li data-sourcepos=\"28:1-28:26\"> Deceunick<\/li>\n<li data-sourcepos=\"29:1-29:33\">Gealan: Fl\u00fcgeldichtung<\/li>\n<li data-sourcepos=\"30:1-30:57\">Kommerling: Rahmen-, Fl\u00fcgel- und Fl\u00fcgeldichtung 1<\/li>\n<li data-sourcepos=\"31:1-31:36\">Universal Dichtung S &#8211; 618<\/li>\n<li data-sourcepos=\"32:1-32:32\">Sulko: Panoramadichtung<\/li>\n<li data-sourcepos=\"33:1-33:27\">Salamander<\/li>\n<li data-sourcepos=\"34:1-34:39\">Veka: Fl\u00fcgel- und Rahmendichtung<\/li>\n<li data-sourcepos=\"35:1-35:40\">Rehau: Fl\u00fcgel- und Rahmendichtung<\/li>\n<li data-sourcepos=\"36:1-37:0\">Decco<\/li>\n<\/ul>\n<p data-sourcepos=\"38:1-38:225\">Warten Sie also nicht l\u00e4nger! Bestellen Sie noch heute Ihr Dichtungsmusterbuch und w\u00e4hlen Sie mit Sicherheit von zu Hause aus! Finden Sie endlich die ideale Dichtung f\u00fcr Ihre Fenster und T\u00fcren \u2013 risikofrei und mit Geld-zur\u00fcck-Garantie!  <\/p>\n","protected":false},"excerpt":{"rendered":"<h2 data-sourcepos=\"3:1-3:73\">Dichtungsmusterbuch f\u00fcr Fenster &#8211; Finden Sie die richtige Dichtung f\u00fcr Ihre Fenster!<\/h2>\n<p data-sourcepos=\"5:1-5:225\">W\u00e4hlen Sie die richtige Dichtung risikofrei aus! Unser Dichtungsmusterbuch enth\u00e4lt reale Muster ALLER unserer Dichtungen (ca. 10 cm St\u00fccke). Dank der Beschreibung auf jedem Beutel k\u00f6nnen Sie ganz einfach die richtige Dichtung f\u00fcr Ihre Fenster identifizieren.  <\/p>\n<p data-sourcepos=\"7:1-7:120\">Geld-zur\u00fcck-Garantie: Sie k\u00f6nnen das Dichtungsmusterbuch innerhalb von 14 Tagen zur\u00fcckgeben und wir erstatten Ihnen den gesamten Betrag, inklusive Versandkosten!<\/p>\n<p data-sourcepos=\"9:1-9:159\">Das Musterbuch enth\u00e4lt Dichtungen der folgenden Marken: Rehau (Fl\u00fcgel-, Rahmendichtung), Kommerling, Gealan (Rahmen-, Fl\u00fcgeldichtung), Brueg, Sulko, Aluplast (Fl\u00fcgel-, Rahmendichtung), Veka, Salamander.<\/p>\n<p data-sourcepos=\"11:1-11:87\"><strong>Bestellen Sie das Musterbuch und stellen Sie sicher, dass Sie die richtige Dichtung f\u00fcr Ihre Fenster ausw\u00e4hlen!<\/strong><\/p>\n","protected":false},"featured_media":20182,"comment_status":"open","ping_status":"closed","template":"","meta":[],"product_cat":[232,197,188],"product_tag":[],"_links":{"self":[{"href":"https:\/\/www.brikol.sk\/de\/wp-json\/wp\/v2\/product\/23135"}],"collection":[{"href":"https:\/\/www.brikol.sk\/de\/wp-json\/wp\/v2\/product"}],"about":[{"href":"https:\/\/www.brikol.sk\/de\/wp-json\/wp\/v2\/types\/product"}],"replies":[{"embeddable":true,"href":"https:\/\/www.brikol.sk\/de\/wp-json\/wp\/v2\/comments?post=23135"}],"wp:featuredmedia":[{"embeddable":true,"href":"https:\/\/www.brikol.sk\/de\/wp-json\/wp\/v2\/media\/20182"}],"wp:attachment":[{"href":"https:\/\/www.brikol.sk\/de\/wp-json\/wp\/v2\/media?parent=23135"}],"wp:term":[{"taxonomy":"product_cat","embeddable":true,"href":"https:\/\/www.brikol.sk\/de\/wp-json\/wp\/v2\/product_cat?post=23135"},{"taxonomy":"product_tag","embeddable":true,"href":"https:\/\/www.brikol.sk\/de\/wp-json\/wp\/v2\/product_tag?post=23135"}],"curies":[{"name":"wp","href":"https:\/\/api.w.org\/{rel}","templated":true}]}}