{"id":23171,"date":"2024-08-27T08:05:59","date_gmt":"2024-08-27T06:05:59","guid":{"rendered":"https:\/\/www.brikol.sk\/produkt\/aufsatz-fuer-schraegjalousien-22-mm-45-mm-70-mm-stueck\/"},"modified":"2024-08-27T08:05:59","modified_gmt":"2024-08-27T06:05:59","slug":"aufsatz-fuer-schraegjalousien-22-mm-45-mm-70-mm-stueck","status":"publish","type":"product","link":"https:\/\/www.brikol.sk\/de\/produkt\/aufsatz-fuer-schraegjalousien-22-mm-45-mm-70-mm-stueck\/","title":{"rendered":"Aufsatz f\u00fcr Schr\u00e4gjalousien 22 mm, 45 mm, 70 mm\/ St\u00fcck"},"content":{"rendered":"<p>Nadstavec k \u0161ikm\u00fdm l\u00e1tkov\u00fdm vertik\u00e1lnym \u017eal\u00fazi\u00e1m.<\/p>\n<p>Ma\u00dfe:<\/p>\n<ul>\n<li>22 mm<\/li>\n<li>45 mm<\/li>\n<li>70 mm<\/li>\n<\/ul>\n<p>Farbe: Wei\u00df<\/p>\n<p>&nbsp;<\/p>\n","protected":false},"excerpt":{"rendered":"<p>Aufsatz f\u00fcr schr\u00e4ge Stoff-Vertikaljalousien<\/p>\n<p>&nbsp;<\/p>\n<p>&nbsp;<\/p>\n<p>&nbsp;<\/p>\n","protected":false},"featured_media":19670,"comment_status":"open","ping_status":"closed","template":"","meta":[],"product_cat":[196,68],"product_tag":[],"_links":{"self":[{"href":"https:\/\/www.brikol.sk\/de\/wp-json\/wp\/v2\/product\/23171"}],"collection":[{"href":"https:\/\/www.brikol.sk\/de\/wp-json\/wp\/v2\/product"}],"about":[{"href":"https:\/\/www.brikol.sk\/de\/wp-json\/wp\/v2\/types\/product"}],"replies":[{"embeddable":true,"href":"https:\/\/www.brikol.sk\/de\/wp-json\/wp\/v2\/comments?post=23171"}],"wp:featuredmedia":[{"embeddable":true,"href":"https:\/\/www.brikol.sk\/de\/wp-json\/wp\/v2\/media\/19670"}],"wp:attachment":[{"href":"https:\/\/www.brikol.sk\/de\/wp-json\/wp\/v2\/media?parent=23171"}],"wp:term":[{"taxonomy":"product_cat","embeddable":true,"href":"https:\/\/www.brikol.sk\/de\/wp-json\/wp\/v2\/product_cat?post=23171"},{"taxonomy":"product_tag","embeddable":true,"href":"https:\/\/www.brikol.sk\/de\/wp-json\/wp\/v2\/product_tag?post=23171"}],"curies":[{"name":"wp","href":"https:\/\/api.w.org\/{rel}","templated":true}]}}