{"id":23325,"date":"2024-05-24T08:32:43","date_gmt":"2024-05-24T06:32:43","guid":{"rendered":"https:\/\/www.brikol.sk\/produkt\/winkhaus-activpilot-unteres-lager-scharnier-stk\/"},"modified":"2024-05-24T08:32:43","modified_gmt":"2024-05-24T06:32:43","slug":"winkhaus-activpilot-unteres-lager-scharnier-stk","status":"publish","type":"product","link":"https:\/\/www.brikol.sk\/de\/produkt\/winkhaus-activpilot-unteres-lager-scharnier-stk\/","title":{"rendered":"Winkhaus activPilot Unteres Lager (Scharnier) \/ Stk."},"content":{"rendered":"<h3>Winkhaus activPilot Unteres Lager (Scharnier) f\u00fcr Kunststofffenster komplett<\/h3>\n<p>Winkhaus activPilot Unteres Lager (Band \/ Scharnier) f\u00fcr Dreh- und Drehkippfenster sowie Balkont\u00fcren. Montageschrauben mit selbstschneidendem Kopf f\u00fcr Kunststoff sind ebenfalls im Lieferumfang enthalten. <\/p>\n<h4><strong>Technische Daten:<\/strong><\/h4>\n<ul>\n<li>L\u00e4nge 85 mm<\/li>\n<li>hintere Zapfen 20 mm<\/li>\n<li>Abstand zwischen den hinteren Zapfen 48 mm<\/li>\n<li>rechts-links (beidseitig verwendbar)<\/li>\n<li>Farbe: Silber<\/li>\n<\/ul>\n","protected":false},"excerpt":{"rendered":"<p>Winkhaus activPilot Unteres Lager (Band \/ Scharnier) f\u00fcr Dreh- und Drehkippfenster sowie Balkont\u00fcren<\/p>\n","protected":false},"featured_media":18990,"comment_status":"open","ping_status":"closed","template":"","meta":[],"product_cat":[188,207],"product_tag":[],"_links":{"self":[{"href":"https:\/\/www.brikol.sk\/de\/wp-json\/wp\/v2\/product\/23325"}],"collection":[{"href":"https:\/\/www.brikol.sk\/de\/wp-json\/wp\/v2\/product"}],"about":[{"href":"https:\/\/www.brikol.sk\/de\/wp-json\/wp\/v2\/types\/product"}],"replies":[{"embeddable":true,"href":"https:\/\/www.brikol.sk\/de\/wp-json\/wp\/v2\/comments?post=23325"}],"wp:featuredmedia":[{"embeddable":true,"href":"https:\/\/www.brikol.sk\/de\/wp-json\/wp\/v2\/media\/18990"}],"wp:attachment":[{"href":"https:\/\/www.brikol.sk\/de\/wp-json\/wp\/v2\/media?parent=23325"}],"wp:term":[{"taxonomy":"product_cat","embeddable":true,"href":"https:\/\/www.brikol.sk\/de\/wp-json\/wp\/v2\/product_cat?post=23325"},{"taxonomy":"product_tag","embeddable":true,"href":"https:\/\/www.brikol.sk\/de\/wp-json\/wp\/v2\/product_tag?post=23325"}],"curies":[{"name":"wp","href":"https:\/\/api.w.org\/{rel}","templated":true}]}}