{"id":23329,"date":"2024-02-12T13:15:48","date_gmt":"2024-02-12T12:15:48","guid":{"rendered":"https:\/\/www.brikol.sk\/produkt\/gu-unteres-lager-scharnier-fuer-kunststofffenster-stk\/"},"modified":"2024-02-12T13:15:48","modified_gmt":"2024-02-12T12:15:48","slug":"gu-unteres-lager-scharnier-fuer-kunststofffenster-stk","status":"publish","type":"product","link":"https:\/\/www.brikol.sk\/de\/produkt\/gu-unteres-lager-scharnier-fuer-kunststofffenster-stk\/","title":{"rendered":"GU unteres Lager (Scharnier) f\u00fcr Kunststofffenster \/ Stk."},"content":{"rendered":"<h3>GU unteres Lager (Scharnier) f\u00fcr Kunststofffenster komplett<\/h3>\n<p>Unteres Lager \/ Band \/ Scharnier f\u00fcr Dreh- und Drehkippfenster sowie Balkont\u00fcren, beschlagen mit GU-Beschl\u00e4gen.<\/p>\n<p>Montageschrauben mit selbstschneidendem Kopf f\u00fcr Kunststoff sind ebenfalls im Lieferumfang enthalten.<\/p>\n<h4><strong>Technische Daten:<\/strong><\/h4>\n<ul>\n<li>Belastbarkeit des Zapfens: 120 kg<\/li>\n<li>Dicke des Tragzapfens $6$ mm<\/li>\n<li>L\u00e4nge des Tragzapfens: 23 mm<\/li>\n<li>Rechts-links<\/li>\n<li>Farbe: Silber<\/li>\n<li>F\u00fcr alle Kunststofffenster und Balkont\u00fcren geeignet.<\/li>\n<\/ul>\n","protected":false},"excerpt":{"rendered":"<h3>GU unteres Lager (Scharnier) f\u00fcr Kunststofffenster komplett<\/h3>\n<p>Unteres Lager \/ Band \/ Scharnier f\u00fcr Dreh- und Drehkippfenster sowie Balkont\u00fcren, beschlagen mit GU-Beschl\u00e4gen.<\/p>\n<p>Montageschrauben mit selbstschneidendem Kopf f\u00fcr Kunststoff sind ebenfalls im Lieferumfang enthalten.<\/p>\n<p>&nbsp;<\/p>\n","protected":false},"featured_media":17765,"comment_status":"open","ping_status":"closed","template":"","meta":[],"product_cat":[188,187],"product_tag":[],"_links":{"self":[{"href":"https:\/\/www.brikol.sk\/de\/wp-json\/wp\/v2\/product\/23329"}],"collection":[{"href":"https:\/\/www.brikol.sk\/de\/wp-json\/wp\/v2\/product"}],"about":[{"href":"https:\/\/www.brikol.sk\/de\/wp-json\/wp\/v2\/types\/product"}],"replies":[{"embeddable":true,"href":"https:\/\/www.brikol.sk\/de\/wp-json\/wp\/v2\/comments?post=23329"}],"wp:featuredmedia":[{"embeddable":true,"href":"https:\/\/www.brikol.sk\/de\/wp-json\/wp\/v2\/media\/17765"}],"wp:attachment":[{"href":"https:\/\/www.brikol.sk\/de\/wp-json\/wp\/v2\/media?parent=23329"}],"wp:term":[{"taxonomy":"product_cat","embeddable":true,"href":"https:\/\/www.brikol.sk\/de\/wp-json\/wp\/v2\/product_cat?post=23329"},{"taxonomy":"product_tag","embeddable":true,"href":"https:\/\/www.brikol.sk\/de\/wp-json\/wp\/v2\/product_tag?post=23329"}],"curies":[{"name":"wp","href":"https:\/\/api.w.org\/{rel}","templated":true}]}}