{"id":23330,"date":"2024-02-07T09:37:11","date_gmt":"2024-02-07T08:37:11","guid":{"rendered":"https:\/\/www.brikol.sk\/produkt\/schliesserarm-mit-feststellung-geze-zu-ts-2000-4000-stk\/"},"modified":"2025-11-19T10:48:45","modified_gmt":"2025-11-19T09:48:45","slug":"schliesserarm-mit-feststellung-geze-zu-ts-2000-4000-stk","status":"publish","type":"product","link":"https:\/\/www.brikol.sk\/de\/produkt\/schliesserarm-mit-feststellung-geze-zu-ts-2000-4000-stk\/","title":{"rendered":"Schlie\u00dferarm mit Feststellung GEZE zu TS 2000\/4000 \/ Stk."},"content":{"rendered":"<p><strong>Schlie\u00dferarm GEZE mit Feststellung <\/strong><\/p>\n<p>Der Arm ist f\u00fcr den<a href=\"https:\/\/www.brikol.sk\/produkt\/teleso-samozatvaraca-gz-ts-2000-v-ks\/?preview_id=10099&amp;preview_nonce=6c59137b41&amp;_thumbnail_id=10106&amp;preview=true\"> K\u00f6rper des T\u00fcrschlie\u00dfers GEZE TS 2000 und TS 4000 vorgesehen.<\/a><\/p>\n<p>Der K\u00f6rper des T\u00fcrschlie\u00dfers GEZE (Schlie\u00dfer, T\u00fcrschlie\u00dfmechanismus) ist ein mechanisches Ger\u00e4t, das zum automatischen Schlie\u00dfen von T\u00fcren dient. T\u00fcrschlie\u00dfmechanismen werden haupts\u00e4chlich dort eingesetzt, wo es erw\u00fcnscht ist, dass die T\u00fcr geschlossen bleibt. Oder an Orten wie Eing\u00e4ngen zu Mehrfamilienh\u00e4usern, Eing\u00e4ngen zu Gesch\u00e4ften und wichtigen Eing\u00e4ngen aus Sicherheitsgr\u00fcnden. Der Arm mit Feststellung garantiert deren Schlie\u00dfen.   <\/p>\n<p>Wenn jemand durch eine T\u00fcr tritt, an der ein T\u00fcrschlie\u00dferarm mit Feststellung montiert ist, &#8220;spannt&#8221; er den Schlie\u00dfer mit seiner Kraft so, dass dieser die T\u00fcr schrittweise schlie\u00dfen kann. Das Schlie\u00dfen des T\u00fcrschlie\u00dfers wird durch eine Hydraulik kontrolliert, die \u00fcber Einstellschrauben am Schlie\u00dfer\/K\u00f6rper eingestellt werden kann (die Geschwindigkeit des Fl\u00fcssigkeitsflusses wird reguliert = die Schlie\u00dfgeschwindigkeit der T\u00fcr wird reguliert). <\/p>\n<p>Der T\u00fcrschlie\u00dfer GEZE \u2013 TS 2000 V bietet die M\u00f6glichkeit, die Schlie\u00dfgeschwindigkeit der T\u00fcr und den hydraulischen Endanschlag beim Schlie\u00dfen (Arm) einzustellen. Ebenso die Einstellung der Position der permanenten Offenhaltung \u2013 70\\circ &#8211; 150\\circ <\/p>\n<p><strong>Verwendung<\/strong><\/p>\n<p>F\u00fcr schwerere Innen-\/Au\u00dfent\u00fcren aus Holz\/Glas (nicht bei Feuer- und Rauchschutzt\u00fcren; Stahl\/Aluminium\/Kunststoff) F\u00fcr rechte und linke T\u00fcren.<\/p>\n<p>M\u00f6glichkeit der Einstellung der Position der permanenten Offenhaltung der T\u00fcr.<\/p>\n<p>Deaktivierung der Feststellung durch Ziehen an der T\u00fcr.<\/p>\n<p>Das Ausschalten bzw. Einschalten der Feststellfunktion nur bei geschlossener T\u00fcr!<\/p>\n<p>Es m\u00fcssen keine zus\u00e4tzlichen T\u00fcrfeststeller f\u00fcr den T\u00fcrfl\u00fcgel an der T\u00fcr montiert werden.<\/p>\n<p>Erh\u00e4ltlich in folgenden Farbvarianten:<\/p>\n<ul>\n<li>Wei\u00df<\/li>\n<li>braun<\/li>\n<li>Silber<\/li>\n<\/ul>\n<p>&nbsp;<\/p>\n<p>&nbsp;<\/p>\n<p>&nbsp;<\/p>\n<p>&nbsp;<\/p>\n<p>&nbsp;<\/p>\n","protected":false},"excerpt":{"rendered":"<p>Schlie\u00dferarm mit Feststellung, vorgesehen f\u00fcr die <a href=\"https:\/\/www.brikol.sk\/produkt\/teleso-samozatvaraca-gz-ts-2000-v-ks\/?preview_id=10099&amp;preview_nonce=6c59137b41&amp;_thumbnail_id=10106&amp;preview=true#samozatvarac-gz\">T\u00fcrschlie\u00dfer GEZE TS 2000 und TS 4000.<\/a><\/p>\n<p>Der Arm h\u00e4lt nach Einstellung der Position den T\u00fcrschlie\u00dfer in dieser Position und es ist nicht notwendig, zus\u00e4tzliche T\u00fcrfeststeller f\u00fcr den T\u00fcrfl\u00fcgel zu montieren.<\/p>\n<p>M\u00f6glichkeit der Einstellung der Position der permanenten Offenhaltung der T\u00fcr. Deaktivierung der Feststellung durch Ziehen an der T\u00fcr. <\/p>\n<p>&nbsp;<\/p>\n","protected":false},"featured_media":17745,"comment_status":"open","ping_status":"closed","template":"","meta":[],"product_cat":[188,204],"product_tag":[],"_links":{"self":[{"href":"https:\/\/www.brikol.sk\/de\/wp-json\/wp\/v2\/product\/23330"}],"collection":[{"href":"https:\/\/www.brikol.sk\/de\/wp-json\/wp\/v2\/product"}],"about":[{"href":"https:\/\/www.brikol.sk\/de\/wp-json\/wp\/v2\/types\/product"}],"replies":[{"embeddable":true,"href":"https:\/\/www.brikol.sk\/de\/wp-json\/wp\/v2\/comments?post=23330"}],"wp:featuredmedia":[{"embeddable":true,"href":"https:\/\/www.brikol.sk\/de\/wp-json\/wp\/v2\/media\/17745"}],"wp:attachment":[{"href":"https:\/\/www.brikol.sk\/de\/wp-json\/wp\/v2\/media?parent=23330"}],"wp:term":[{"taxonomy":"product_cat","embeddable":true,"href":"https:\/\/www.brikol.sk\/de\/wp-json\/wp\/v2\/product_cat?post=23330"},{"taxonomy":"product_tag","embeddable":true,"href":"https:\/\/www.brikol.sk\/de\/wp-json\/wp\/v2\/product_tag?post=23330"}],"curies":[{"name":"wp","href":"https:\/\/api.w.org\/{rel}","templated":true}]}}