{"id":23403,"date":"2024-02-06T12:45:52","date_gmt":"2024-02-06T11:45:52","guid":{"rendered":"https:\/\/www.brikol.sk\/produkt\/tuerschliesserkoerper-geze-ts-2000-v\/"},"modified":"2024-02-06T12:45:52","modified_gmt":"2024-02-06T11:45:52","slug":"tuerschliesserkoerper-geze-ts-2000-v","status":"publish","type":"product","link":"https:\/\/www.brikol.sk\/de\/produkt\/tuerschliesserkoerper-geze-ts-2000-v\/","title":{"rendered":"T\u00fcrschlie\u00dferk\u00f6rper GEZE &#8211; TS 2000 V"},"content":{"rendered":"<div id=\"samozatvarac-gz\">\n<p><span style=\"font-size: 105%;\"><strong>T\u00fcrschlie\u00dferk\u00f6rper GEZE &#8211; TS 2000 V<\/strong><\/span><\/p>\n<p>Der T\u00fcrschlie\u00dferk\u00f6rper GEZE &#8211; TS 2000 V (\u00f6ffnet und schlie\u00dft) ist aus Aluminium gefertigt und oberfl\u00e4chenbehandelt. Der T\u00fcrschlie\u00dfer erf\u00fcllt die Anforderungen der Norm STN EN 1154 und ist auf mindestens 500.000 Schlie\u00dfzyklen getestet. Er zeichnet sich durch einen st\u00f6rungsfreien Betrieb und lange Lebensdauer aus.<br \/>Bei der Auswahl eines T\u00fcrschlie\u00dfers sind die Anforderungen der Norm STN EN 1154 einzuhalten, die die Gr\u00f6\u00dfe des T\u00fcrschlie\u00dfers (Schlie\u00dfkraft) in Bezug auf die Breite des T\u00fcrfl\u00fcgels festlegt.  <\/p>\n<p>Der T\u00fcrschlie\u00dfer GEZE \u2013 TS 2000 V besitzt eine Schlie\u00dfkraft gem\u00e4\u00df STN EN 1154 in drei Gr\u00f6\u00dfen, n\u00e4mlich 2\/4\/5.<\/p>\n<p><span style=\"text-decoration: underline;\">Schlie\u00dfkraft nach Baugr\u00f6\u00dfe<\/span><\/p>\n<ul>\n<li> 2 nach STN EN 1154 \u2013 gilt f\u00fcr eine T\u00fcrfl\u00fcgelbreite von 750 mm bis 850 mm, darf bei Brandschutzt\u00fcren nicht eingestellt werden<\/li>\n<li> 4 nach STN EN 1154 \u2013 gilt f\u00fcr eine T\u00fcrfl\u00fcgelbreite von 950 mm bis 1 100 mm<\/li>\n<li> 5 nach STN EN 1154 \u2013 gilt f\u00fcr eine T\u00fcrfl\u00fcgelbreite von 1 100 mm bis 1 250 mm<\/li>\n<\/ul>\n<p>Empfohlenes T\u00fcrfl\u00fcgelgewicht nach STN EN 1154 f\u00fcr diesen T\u00fcrschlie\u00dfer 100 kg.<\/p>\n<p>Der T\u00fcrschlie\u00dfer GEZE \u2013 TS 2000 V bietet die M\u00f6glichkeit, die Schlie\u00dfgeschwindigkeit der T\u00fcr und den hydraulischen Endanschlag beim Schlie\u00dfen (Arm) einzustellen. Ebenso die Einstellung der Position der permanenten Offenhaltung \u2013 70\\circ &#8211; 150\\circ<br \/>\n<strong>Einsatzbereich:<br \/>\n<\/strong><br \/>Geeignet f\u00fcr schwere Innen- und Au\u00dfent\u00fcren (Holz, Glas, Stahl, Aluminium, Kunststoff).<br \/>\nAchtung: Bei Holz\/Glas-T\u00fcren nicht f\u00fcr Brand- oder Rauchschutz verwenden.<br \/>\nBrandschutz:<br \/>Auch f\u00fcr Brand- und Rauchschutzt\u00fcren zugelassen.<br \/>\nAusrichtung:<br \/>Universell einsetzbar: F\u00fcr linke und rechte T\u00fcren.<br \/>Montageoptionen:<br \/>T\u00fcrfl\u00fcgelmontage (Bandseite): Am T\u00fcrblatt auf der Scharnierseite.<br \/>T\u00fcrfl\u00fcgelmontage (Gegenseite): Am T\u00fcrblatt gegen\u00fcber der Scharnierseite.<br \/>Rahmenmontage (Gegenseite): Am T\u00fcrrahmen gegen\u00fcber der Scharnierseite.<br \/><strong> <\/strong><\/p>\n<p>Wir empfehlen, zum Produkt auch den passenden <a href=\"https:\/\/www.brikol.sk\/produkt\/ramienko-samozatvaraca-s-aretaciou-gz-k-ts-2000-4000\/?preview=true\">T\u00fcrschlie\u00dferarm zu erwerben.<\/a><\/p>\n<\/div>\n","protected":false},"excerpt":{"rendered":"<p><strong><span style=\"font-size: 110%;\">T\u00fcrschlie\u00dferk\u00f6rper GZ- TS 2000 V <\/span><\/strong><\/p>\n<p>Der K\u00f6rper des T\u00fcrschlie\u00dfers GEZE \u2013 TS 2000 V ist aus Aluminium gefertigt und oberfl\u00e4chenbehandelt.<\/p>\n<p>Der T\u00fcrschlie\u00dfer erf\u00fcllt die Anforderungen der Norm STN EN 1154 und ist f\u00fcr mindestens 500.000 Schlie\u00dfzyklen getestet. Er zeichnet sich durch st\u00f6rungsfreien Betrieb und lange Lebensdauer aus.<br \/>\nBei der Auswahl eines T\u00fcrschlie\u00dfers ist es unerl\u00e4sslich, die Anforderungen der Norm STN EN 1154 zu beachten, welche&#8230; <strong><span style=\"color: #0000ff;\"><a href=\"#samozatvarac-gz\">Mehr dazu in der Beschreibung.<\/a><\/span><\/strong> <\/p>\n","protected":false},"featured_media":17730,"comment_status":"open","ping_status":"closed","template":"","meta":[],"product_cat":[188,204],"product_tag":[],"_links":{"self":[{"href":"https:\/\/www.brikol.sk\/de\/wp-json\/wp\/v2\/product\/23403"}],"collection":[{"href":"https:\/\/www.brikol.sk\/de\/wp-json\/wp\/v2\/product"}],"about":[{"href":"https:\/\/www.brikol.sk\/de\/wp-json\/wp\/v2\/types\/product"}],"replies":[{"embeddable":true,"href":"https:\/\/www.brikol.sk\/de\/wp-json\/wp\/v2\/comments?post=23403"}],"wp:featuredmedia":[{"embeddable":true,"href":"https:\/\/www.brikol.sk\/de\/wp-json\/wp\/v2\/media\/17730"}],"wp:attachment":[{"href":"https:\/\/www.brikol.sk\/de\/wp-json\/wp\/v2\/media?parent=23403"}],"wp:term":[{"taxonomy":"product_cat","embeddable":true,"href":"https:\/\/www.brikol.sk\/de\/wp-json\/wp\/v2\/product_cat?post=23403"},{"taxonomy":"product_tag","embeddable":true,"href":"https:\/\/www.brikol.sk\/de\/wp-json\/wp\/v2\/product_tag?post=23403"}],"curies":[{"name":"wp","href":"https:\/\/api.w.org\/{rel}","templated":true}]}}