{"id":23409,"date":"2023-09-22T13:58:32","date_gmt":"2023-09-22T11:58:32","guid":{"rendered":"https:\/\/www.brikol.sk\/produkt\/tuerklinke-druecker-kugel-hoppe-liverpool\/"},"modified":"2026-01-28T11:17:12","modified_gmt":"2026-01-28T10:17:12","slug":"tuerklinke-druecker-kugel-hoppe-liverpool","status":"publish","type":"product","link":"https:\/\/www.brikol.sk\/de\/produkt\/tuerklinke-druecker-kugel-hoppe-liverpool\/","title":{"rendered":"T\u00fcrklinke \/ Dr\u00fccker &#8211; Kugel Hoppe Liverpool"},"content":{"rendered":"<p><strong>T\u00fcrklinke \/ Dr\u00fccker &#8211; Kugel Hoppe Liverpool<\/strong><\/p>\n<p>Hochwertiger Sicherheitsbeschlag HOPPE Liverpool mit schmalem Schild.<\/p>\n<p>Das Montageset ist Teil des Lieferumfangs (der Verpackung).<\/p>\n<ul>\n<li>Entfernung (Achsabstand): 92 mm (zwischen Klinke\/Dr\u00fccker und Zylinder\/Schloss)<\/li>\n<li>F\u00fcr T\u00fcrst\u00e4rke (Dicke): 67\u201372 mm<\/li>\n<li>Material: Aluminium<\/li>\n<li>Vierkantma\u00df: 8 mm<\/li>\n<\/ul>\n","protected":false},"excerpt":{"rendered":"<p>Hochwertiger Sicherheitsbeschlag HOPPE Liverpool mit schmalem Schild.<\/p>\n<p>Das Montageset ist Teil des Lieferumfangs (der Verpackung).<\/p>\n","protected":false},"featured_media":17060,"comment_status":"open","ping_status":"closed","template":"","meta":[],"product_cat":[188,186],"product_tag":[],"_links":{"self":[{"href":"https:\/\/www.brikol.sk\/de\/wp-json\/wp\/v2\/product\/23409"}],"collection":[{"href":"https:\/\/www.brikol.sk\/de\/wp-json\/wp\/v2\/product"}],"about":[{"href":"https:\/\/www.brikol.sk\/de\/wp-json\/wp\/v2\/types\/product"}],"replies":[{"embeddable":true,"href":"https:\/\/www.brikol.sk\/de\/wp-json\/wp\/v2\/comments?post=23409"}],"wp:featuredmedia":[{"embeddable":true,"href":"https:\/\/www.brikol.sk\/de\/wp-json\/wp\/v2\/media\/17060"}],"wp:attachment":[{"href":"https:\/\/www.brikol.sk\/de\/wp-json\/wp\/v2\/media?parent=23409"}],"wp:term":[{"taxonomy":"product_cat","embeddable":true,"href":"https:\/\/www.brikol.sk\/de\/wp-json\/wp\/v2\/product_cat?post=23409"},{"taxonomy":"product_tag","embeddable":true,"href":"https:\/\/www.brikol.sk\/de\/wp-json\/wp\/v2\/product_tag?post=23409"}],"curies":[{"name":"wp","href":"https:\/\/api.w.org\/{rel}","templated":true}]}}