{"id":23417,"date":"2023-09-13T14:13:15","date_gmt":"2023-09-13T12:13:15","guid":{"rendered":"https:\/\/www.brikol.sk\/produkt\/aluminium-griff-handgriff-stk\/"},"modified":"2026-01-28T11:20:11","modified_gmt":"2026-01-28T10:20:11","slug":"aluminium-griff-handgriff-stk","status":"publish","type":"product","link":"https:\/\/www.brikol.sk\/de\/produkt\/aluminium-griff-handgriff-stk\/","title":{"rendered":"Aluminium-Griff (Handgriff) \/ Stk."},"content":{"rendered":"<p><strong>Aluminium-Griff<\/strong><\/p>\n<p>Aluminium-Au\u00dfengriff zum \u00d6ffnen von Insektenschutz-Netzt\u00fcren.<\/p>\n<p>Der Griff wird mittels Nieten befestigt. Die Nieten sind Teil des Lieferumfangs (der Verpackung).<\/p>\n<p>Verschiedene Farben: Wei\u00df, Hellbraun, Dunkelbraun, Anthrazit<\/p>\n<p>&nbsp;<\/p>\n","protected":false},"excerpt":{"rendered":"<p>Aluminium-Au\u00dfengriff zum \u00d6ffnen von Insektenschutz-Netzt\u00fcren.<\/p>\n<p>Der Griff kann mittels Nieten befestigt werden. Die Nieten sind Teil des Lieferumfangs (der Verpackung).<\/p>\n","protected":false},"featured_media":16960,"comment_status":"closed","ping_status":"closed","template":"","meta":[],"product_cat":[238,182,184,186],"product_tag":[],"_links":{"self":[{"href":"https:\/\/www.brikol.sk\/de\/wp-json\/wp\/v2\/product\/23417"}],"collection":[{"href":"https:\/\/www.brikol.sk\/de\/wp-json\/wp\/v2\/product"}],"about":[{"href":"https:\/\/www.brikol.sk\/de\/wp-json\/wp\/v2\/types\/product"}],"replies":[{"embeddable":true,"href":"https:\/\/www.brikol.sk\/de\/wp-json\/wp\/v2\/comments?post=23417"}],"wp:featuredmedia":[{"embeddable":true,"href":"https:\/\/www.brikol.sk\/de\/wp-json\/wp\/v2\/media\/16960"}],"wp:attachment":[{"href":"https:\/\/www.brikol.sk\/de\/wp-json\/wp\/v2\/media?parent=23417"}],"wp:term":[{"taxonomy":"product_cat","embeddable":true,"href":"https:\/\/www.brikol.sk\/de\/wp-json\/wp\/v2\/product_cat?post=23417"},{"taxonomy":"product_tag","embeddable":true,"href":"https:\/\/www.brikol.sk\/de\/wp-json\/wp\/v2\/product_tag?post=23417"}],"curies":[{"name":"wp","href":"https:\/\/api.w.org\/{rel}","templated":true}]}}