{"id":23422,"date":"2023-09-13T13:23:01","date_gmt":"2023-09-13T11:23:01","guid":{"rendered":"https:\/\/www.brikol.sk\/produkt\/metallgriff-handgriff-stk\/"},"modified":"2026-01-28T11:20:40","modified_gmt":"2026-01-28T10:20:40","slug":"metallgriff-handgriff-stk","status":"publish","type":"product","link":"https:\/\/www.brikol.sk\/de\/produkt\/metallgriff-handgriff-stk\/","title":{"rendered":"Metallgriff (Handgriff) \/ Stk."},"content":{"rendered":"<p><strong>Metallgriff f\u00fcr Fliegengittert\u00fcr<\/strong><\/p>\n<p>Metall-Au\u00dfengriff zum \u00d6ffnen von Insektenschutz-Netzt\u00fcren.<\/p>\n<p>Die Montageschrauben sind Teil des Lieferumfangs (der Verpackung). Sie k\u00f6nnen den Griff auch mittels <a href=\"https:\/\/www.brikol.sk\/produkt\/nit-trhaci-al-4x6mm-ks\/\">Niete<\/a>n befestigen (Nieten sind nicht Teil des Lieferumfangs).<\/p>\n<p>&nbsp;<\/p>\n","protected":false},"excerpt":{"rendered":"<p>Metall-Au\u00dfengriff zum \u00d6ffnen von Insektenschutz-Netzt\u00fcren.<\/p>\n<p>Die Montageschrauben sind Teil des Lieferumfangs (der Verpackung).<\/p>\n<p>Der Griff kann auch mittels Nieten befestigt werden.<\/p>\n","protected":false},"featured_media":16930,"comment_status":"closed","ping_status":"closed","template":"","meta":[],"product_cat":[238,182,184,193,187,194,195,186],"product_tag":[],"_links":{"self":[{"href":"https:\/\/www.brikol.sk\/de\/wp-json\/wp\/v2\/product\/23422"}],"collection":[{"href":"https:\/\/www.brikol.sk\/de\/wp-json\/wp\/v2\/product"}],"about":[{"href":"https:\/\/www.brikol.sk\/de\/wp-json\/wp\/v2\/types\/product"}],"replies":[{"embeddable":true,"href":"https:\/\/www.brikol.sk\/de\/wp-json\/wp\/v2\/comments?post=23422"}],"wp:featuredmedia":[{"embeddable":true,"href":"https:\/\/www.brikol.sk\/de\/wp-json\/wp\/v2\/media\/16930"}],"wp:attachment":[{"href":"https:\/\/www.brikol.sk\/de\/wp-json\/wp\/v2\/media?parent=23422"}],"wp:term":[{"taxonomy":"product_cat","embeddable":true,"href":"https:\/\/www.brikol.sk\/de\/wp-json\/wp\/v2\/product_cat?post=23422"},{"taxonomy":"product_tag","embeddable":true,"href":"https:\/\/www.brikol.sk\/de\/wp-json\/wp\/v2\/product_tag?post=23422"}],"curies":[{"name":"wp","href":"https:\/\/api.w.org\/{rel}","templated":true}]}}