{"id":23425,"date":"2023-09-06T12:52:12","date_gmt":"2023-09-06T10:52:12","guid":{"rendered":"https:\/\/www.brikol.sk\/produkt\/fenstergriff-dublin-mit-schluessel\/"},"modified":"2026-01-28T11:32:25","modified_gmt":"2026-01-28T10:32:25","slug":"fenstergriff-dublin-mit-schluessel","status":"publish","type":"product","link":"https:\/\/www.brikol.sk\/de\/produkt\/fenstergriff-dublin-mit-schluessel\/","title":{"rendered":"Fenstergriff Dublin mit Schl\u00fcssel"},"content":{"rendered":"<div id=\"uzamykatelna-klucka-dublin\">\n<section class=\"Section-idm7428562688680579635647 Data type-3\">\n<div class=\"content_section position-0\">\n<article id=\"Article_idm746344613823497575215-5\">\n<div class=\"Article notab_br decoration-none\">\n<section class=\"Section-idm776875456355471448937 Data type-3\">\n<div class=\"content_section position-0\">\n<article id=\"Article_idm7802110029911158428258-7\">\n<div class=\"Article notab_br decoration-none\">\n<p>Der abschlie\u00dfbare Fenstergriff Dublin ist eine geeignete L\u00f6sung f\u00fcr kleine Kinder und bei der Pflege \u00e4lterer Menschen. <strong>Beugen Sie gef\u00e4hrlichen Unf\u00e4llen vor und erh\u00f6hen Sie<\/strong> die Sicherheit in Ihrem <strong>Zuhause mithilfe des Sicherheits-Fenstergriffs mit Schloss.<\/strong> Sie k\u00f6nnen das Fenster in geschlossener oder gekippter Position abschlie\u00dfen, sodass Ihr Kind nicht aus dem Fenster fallen kann.<\/p>\n<p><strong>Er dient als sicherste Kindersicherung.<\/strong> Sie k\u00f6nnen sie auch als Sicherung gegen unbeabsichtigtes \u00d6ffnen von Fenstern oder Balkont\u00fcren in Fluren nutzen, beispielsweise in Schulen, Kinderg\u00e4rten, Kliniken oder Seniorenheimen.<\/p>\n<p>Von nun an m\u00fcssen Sie sich keine Sorgen mehr machen, dass das Kind in Ihrer Abwesenheit Fenster oder Balkont\u00fcren \u00f6ffnet und es zu einem schlimmen Unfall kommt. <strong>Nach dem Schlie\u00dfen des Fensters gen\u00fcgt es, die Sicherung zu dr\u00fccken, und das Fenster ist sicher verschlossen.<\/strong> Zum erneuten \u00d6ffnen m\u00fcssen Sie den Schl\u00fcssel verwenden.<\/p>\n<ul class=\"article_indents type-disc\">\n<li class=\"article_indent align-left\">Der Griff ist aus Aluminium gefertigt.<\/li>\n<li class=\"article_indent align-left\">L\u00e4nge der Spindel &#8211; 35 mm<\/li>\n<li class=\"article_indent align-left\">rh\u00e4ltlich in den Ausf\u00fchrungen: 45\u00b0-Rasterung des Griffs<\/li>\n<li class=\"article_indent align-left\">Montageschrauben werden mit dem Produkt geliefert.<\/li>\n<\/ul>\n<\/div>\n<\/article>\n<\/div>\n<\/section>\n<\/div>\n<\/article>\n<\/div>\n<\/section>\n<p><span style=\"color: #ff0000;\"><strong>Anleitung zum Austausch des Griffs<\/strong><\/span><\/p>\n<p><a href=\"https:\/\/www.brikol.sk\/wp-content\/uploads\/2023\/03\/Vymena-okennej-klucky.pdf\">Austausch des Fenstergriffs<\/a><\/p>\n<\/div>\n","protected":false},"excerpt":{"rendered":"<p>Der abschlie\u00dfbare Fenstergriff Dublin ist eine geeignete L\u00f6sung f\u00fcr kleine Kinder und bei der Pflege \u00e4lterer Menschen. <strong>Beugen Sie gef\u00e4hrlichen Unf\u00e4llen vor und erh\u00f6hen Sie die Sicherheit in Ihrem Zuhause<\/strong> mithilfe<strong> des Sicherheits-Fenstergriffs mit Schloss&#8230;<\/strong><span style=\"color: #0000ff;\"><a href=\"#uzamykatelna-klucka-dublin\">Mehr in der Beschreibung<\/a><\/span><\/p>\n<p>&nbsp;<\/p>\n<p>&nbsp;<\/p>\n<p>&nbsp;<\/p>\n","protected":false},"featured_media":17005,"comment_status":"open","ping_status":"closed","template":"","meta":[],"product_cat":[68,210],"product_tag":[],"_links":{"self":[{"href":"https:\/\/www.brikol.sk\/de\/wp-json\/wp\/v2\/product\/23425"}],"collection":[{"href":"https:\/\/www.brikol.sk\/de\/wp-json\/wp\/v2\/product"}],"about":[{"href":"https:\/\/www.brikol.sk\/de\/wp-json\/wp\/v2\/types\/product"}],"replies":[{"embeddable":true,"href":"https:\/\/www.brikol.sk\/de\/wp-json\/wp\/v2\/comments?post=23425"}],"wp:featuredmedia":[{"embeddable":true,"href":"https:\/\/www.brikol.sk\/de\/wp-json\/wp\/v2\/media\/17005"}],"wp:attachment":[{"href":"https:\/\/www.brikol.sk\/de\/wp-json\/wp\/v2\/media?parent=23425"}],"wp:term":[{"taxonomy":"product_cat","embeddable":true,"href":"https:\/\/www.brikol.sk\/de\/wp-json\/wp\/v2\/product_cat?post=23425"},{"taxonomy":"product_tag","embeddable":true,"href":"https:\/\/www.brikol.sk\/de\/wp-json\/wp\/v2\/product_tag?post=23425"}],"curies":[{"name":"wp","href":"https:\/\/api.w.org\/{rel}","templated":true}]}}