{"id":23526,"date":"2023-09-06T12:35:37","date_gmt":"2023-09-06T10:35:37","guid":{"rendered":"https:\/\/www.brikol.sk\/produkt\/tuerklinke-dublin\/"},"modified":"2026-01-28T11:33:36","modified_gmt":"2026-01-28T10:33:36","slug":"tuerklinke-dublin","status":"publish","type":"product","link":"https:\/\/www.brikol.sk\/de\/produkt\/tuerklinke-dublin\/","title":{"rendered":"T\u00fcrklinke Dublin"},"content":{"rendered":"<section class=\"Section-idm7428562688680579635647 Data type-3\">\n<div class=\"content_section position-0\">\n<article id=\"Article_idm746344613823497575215-5\">\n<div class=\"Article notab_br decoration-none\">\n<section class=\"Section-idm776875456355471448937 Data type-3\">\n<div class=\"content_section position-0\">\n<article id=\"Article_idm7802110029911158428258-7\">\n<div class=\"Article notab_br decoration-none\">\n<ul class=\"article_indents type-disc\">\n<li class=\"article_indent align-left\">Der Griff ist aus Aluminium gefertigt.<\/li>\n<li class=\"article_indent align-left\">L\u00e4nge der Spindel &#8211; 35 mm<\/li>\n<li class=\"article_indent align-left\">rh\u00e4ltlich in den Ausf\u00fchrungen: 45\u00b0-Rasterung des Griffs<\/li>\n<li class=\"article_indent align-left\">Montageschrauben werden mit dem Produkt geliefert.<\/li>\n<\/ul>\n<\/div>\n<\/article>\n<\/div>\n<\/section>\n<\/div>\n<\/article>\n<\/div>\n<\/section>\n<p><span style=\"color: #ff0000;\"><strong>Anleitung zum Austausch des Griffs<\/strong><\/span><\/p>\n<p><a href=\"https:\/\/www.brikol.sk\/wp-content\/uploads\/2023\/03\/Vymena-okennej-klucky.pdf\">Austausch des Fenstergriffs<\/a><\/p>\n","protected":false},"excerpt":{"rendered":"<p>Griff aus Aluminium gefertigt. Spindell\u00e4ngen &#8211; 35 mm. rh\u00e4ltlich in den Ausf\u00fchrungen: 45\u00b0-Rasterung des Griffs<\/p>\n<p>Montageschrauben werden mit dem Produkt geliefert.<\/p>\n<p>&nbsp;<\/p>\n<p>&nbsp;<\/p>\n","protected":false},"featured_media":17025,"comment_status":"open","ping_status":"closed","template":"","meta":[],"product_cat":[68],"product_tag":[],"_links":{"self":[{"href":"https:\/\/www.brikol.sk\/de\/wp-json\/wp\/v2\/product\/23526"}],"collection":[{"href":"https:\/\/www.brikol.sk\/de\/wp-json\/wp\/v2\/product"}],"about":[{"href":"https:\/\/www.brikol.sk\/de\/wp-json\/wp\/v2\/types\/product"}],"replies":[{"embeddable":true,"href":"https:\/\/www.brikol.sk\/de\/wp-json\/wp\/v2\/comments?post=23526"}],"wp:featuredmedia":[{"embeddable":true,"href":"https:\/\/www.brikol.sk\/de\/wp-json\/wp\/v2\/media\/17025"}],"wp:attachment":[{"href":"https:\/\/www.brikol.sk\/de\/wp-json\/wp\/v2\/media?parent=23526"}],"wp:term":[{"taxonomy":"product_cat","embeddable":true,"href":"https:\/\/www.brikol.sk\/de\/wp-json\/wp\/v2\/product_cat?post=23526"},{"taxonomy":"product_tag","embeddable":true,"href":"https:\/\/www.brikol.sk\/de\/wp-json\/wp\/v2\/product_tag?post=23526"}],"curies":[{"name":"wp","href":"https:\/\/api.w.org\/{rel}","templated":true}]}}