{"id":23536,"date":"2023-08-21T14:43:23","date_gmt":"2023-08-21T12:43:23","guid":{"rendered":"https:\/\/www.brikol.sk\/produkt\/entwaesserungskappe-rund\/"},"modified":"2026-01-28T11:34:40","modified_gmt":"2026-01-28T10:34:40","slug":"entwaesserungskappe-rund","status":"publish","type":"product","link":"https:\/\/www.brikol.sk\/de\/produkt\/entwaesserungskappe-rund\/","title":{"rendered":"Entw\u00e4sserungskappe rund"},"content":{"rendered":"<p>Entw\u00e4sserungskappen f\u00fcr Kunststofffenster. Die Entw\u00e4sserungskappe dient zur Abdeckung der l\u00e4nglichen \u00d6ffnung an der Unterseite des Fensters. Je nach Produktionscharge kann die Kappe mit zwei oder drei Haltekrallen f\u00fcr die Nut geliefert werden.<\/p>\n<p>&nbsp;<\/p>\n","protected":false},"excerpt":{"rendered":"<p>Die Entw\u00e4sserungskappe dient zur Abdeckung der Entw\u00e4sserungs\u00f6ffnung an Kunststofffenstern. Die Kappe hat ein rundes Design.<\/p>\n","protected":false},"featured_media":16660,"comment_status":"open","ping_status":"closed","template":"","meta":[],"product_cat":[235,188],"product_tag":[],"_links":{"self":[{"href":"https:\/\/www.brikol.sk\/de\/wp-json\/wp\/v2\/product\/23536"}],"collection":[{"href":"https:\/\/www.brikol.sk\/de\/wp-json\/wp\/v2\/product"}],"about":[{"href":"https:\/\/www.brikol.sk\/de\/wp-json\/wp\/v2\/types\/product"}],"replies":[{"embeddable":true,"href":"https:\/\/www.brikol.sk\/de\/wp-json\/wp\/v2\/comments?post=23536"}],"wp:featuredmedia":[{"embeddable":true,"href":"https:\/\/www.brikol.sk\/de\/wp-json\/wp\/v2\/media\/16660"}],"wp:attachment":[{"href":"https:\/\/www.brikol.sk\/de\/wp-json\/wp\/v2\/media?parent=23536"}],"wp:term":[{"taxonomy":"product_cat","embeddable":true,"href":"https:\/\/www.brikol.sk\/de\/wp-json\/wp\/v2\/product_cat?post=23536"},{"taxonomy":"product_tag","embeddable":true,"href":"https:\/\/www.brikol.sk\/de\/wp-json\/wp\/v2\/product_tag?post=23536"}],"curies":[{"name":"wp","href":"https:\/\/api.w.org\/{rel}","templated":true}]}}