{"id":23543,"date":"2023-07-11T10:50:13","date_gmt":"2023-07-11T08:50:13","guid":{"rendered":"https:\/\/www.brikol.sk\/produkt\/bandabdeckungen-gu-rechts-set\/"},"modified":"2023-07-11T10:50:13","modified_gmt":"2023-07-11T08:50:13","slug":"bandabdeckungen-gu-rechts-set","status":"publish","type":"product","link":"https:\/\/www.brikol.sk\/de\/produkt\/bandabdeckungen-gu-rechts-set\/","title":{"rendered":"Bandabdeckungen GU rechts \/ Set"},"content":{"rendered":"<p>Bandabdeckungen GU rechts, bestimmt f\u00fcr GU Beschl\u00e4ge, mit Aussparung auf der rechten Seite f\u00fcr Kunststofffenster.<\/p>\n<p>Im Lieferumfang enthalten: untere Bandkappen und obere Bandkappen<\/p>\n<p>&nbsp;<\/p>\n","protected":false},"excerpt":{"rendered":"<p>Bandabdeckungen, bestimmt f\u00fcr GU Beschl\u00e4ge, mit Aussparung auf der rechten Seite f\u00fcr Kunststofffenster. Im Lieferumfang sind die unteren Bandkappen und die oberen Bandkappen enthalten. <\/p>\n","protected":false},"featured_media":16315,"comment_status":"open","ping_status":"closed","template":"","meta":[],"product_cat":[235,188,187],"product_tag":[],"_links":{"self":[{"href":"https:\/\/www.brikol.sk\/de\/wp-json\/wp\/v2\/product\/23543"}],"collection":[{"href":"https:\/\/www.brikol.sk\/de\/wp-json\/wp\/v2\/product"}],"about":[{"href":"https:\/\/www.brikol.sk\/de\/wp-json\/wp\/v2\/types\/product"}],"replies":[{"embeddable":true,"href":"https:\/\/www.brikol.sk\/de\/wp-json\/wp\/v2\/comments?post=23543"}],"wp:featuredmedia":[{"embeddable":true,"href":"https:\/\/www.brikol.sk\/de\/wp-json\/wp\/v2\/media\/16315"}],"wp:attachment":[{"href":"https:\/\/www.brikol.sk\/de\/wp-json\/wp\/v2\/media?parent=23543"}],"wp:term":[{"taxonomy":"product_cat","embeddable":true,"href":"https:\/\/www.brikol.sk\/de\/wp-json\/wp\/v2\/product_cat?post=23543"},{"taxonomy":"product_tag","embeddable":true,"href":"https:\/\/www.brikol.sk\/de\/wp-json\/wp\/v2\/product_tag?post=23543"}],"curies":[{"name":"wp","href":"https:\/\/api.w.org\/{rel}","templated":true}]}}