{"id":23581,"date":"2023-05-12T10:18:58","date_gmt":"2023-05-12T08:18:58","guid":{"rendered":"https:\/\/www.brikol.sk\/produkt\/maco-bandabdeckkappen-fuer-holzfenster-set\/"},"modified":"2023-05-12T10:18:58","modified_gmt":"2023-05-12T08:18:58","slug":"maco-bandabdeckkappen-fuer-holzfenster-set","status":"publish","type":"product","link":"https:\/\/www.brikol.sk\/de\/produkt\/maco-bandabdeckkappen-fuer-holzfenster-set\/","title":{"rendered":"MACO Bandabdeckkappen f\u00fcr Holzfenster \/ Set"},"content":{"rendered":"<p><strong>MACO Bandabdeckkappen f\u00fcr Holzfenster<\/strong><\/p>\n<p>Set von Bandabdeckkappen, bestimmt f\u00fcr den MACO-Beschlag an Holzfenstern.<\/p>\n<p>Die MACO-Bandabdeckkappen sind aus Kunststoff mit langer Lebensdauer hergestellt. Sie sind f\u00fcr Holzfenster bestimmt. Die Montage der Bandabdeckkappen ist einfach, Sie m\u00fcssen sie nur auf die B\u00e4nder aufschieben.  <\/p>\n<p>Obere Abdeckkappe f\u00fcr Rahmenlager &#8211; 80 mm, Achsma\u00df 51 mm<br \/>Obere Abdeckkappe f\u00fcr Fl\u00fcgel-Ecklager &#8211; 52 mm<br \/>Untere Abdeckkappe f\u00fcr Rahmenteil &#8211; 72 mm<br \/>Abdeckkappe f\u00fcr Rahmenteil klein &#8211; 17 mm<br \/>Untere Abdeckkappe f\u00fcr Fl\u00fcgelteil &#8211; 75 mm<\/p>\n","protected":false},"excerpt":{"rendered":"<p>Das Set der Bandabdeckkappen an Holzfenstern ist f\u00fcr den MACO-Beschlag bestimmt. Die Montage der Abdeckkappen ist einfach, die Kappen werden nur auf die B\u00e4nder aufgeschoben. <\/p>\n<p>&nbsp;<\/p>\n<p>&nbsp;<\/p>\n","protected":false},"featured_media":15905,"comment_status":"closed","ping_status":"closed","template":"","meta":[],"product_cat":[234,235,188,194],"product_tag":[],"_links":{"self":[{"href":"https:\/\/www.brikol.sk\/de\/wp-json\/wp\/v2\/product\/23581"}],"collection":[{"href":"https:\/\/www.brikol.sk\/de\/wp-json\/wp\/v2\/product"}],"about":[{"href":"https:\/\/www.brikol.sk\/de\/wp-json\/wp\/v2\/types\/product"}],"replies":[{"embeddable":true,"href":"https:\/\/www.brikol.sk\/de\/wp-json\/wp\/v2\/comments?post=23581"}],"wp:featuredmedia":[{"embeddable":true,"href":"https:\/\/www.brikol.sk\/de\/wp-json\/wp\/v2\/media\/15905"}],"wp:attachment":[{"href":"https:\/\/www.brikol.sk\/de\/wp-json\/wp\/v2\/media?parent=23581"}],"wp:term":[{"taxonomy":"product_cat","embeddable":true,"href":"https:\/\/www.brikol.sk\/de\/wp-json\/wp\/v2\/product_cat?post=23581"},{"taxonomy":"product_tag","embeddable":true,"href":"https:\/\/www.brikol.sk\/de\/wp-json\/wp\/v2\/product_tag?post=23581"}],"curies":[{"name":"wp","href":"https:\/\/api.w.org\/{rel}","templated":true}]}}