{"id":23591,"date":"2021-09-24T09:32:04","date_gmt":"2021-09-24T07:32:04","guid":{"rendered":"https:\/\/www.brikol.sk\/produkt\/gummi-tuerstopper-fuer-den-griff-klar-stk\/"},"modified":"2021-09-24T09:32:04","modified_gmt":"2021-09-24T07:32:04","slug":"gummi-tuerstopper-fuer-den-griff-klar-stk","status":"publish","type":"product","link":"https:\/\/www.brikol.sk\/de\/produkt\/gummi-tuerstopper-fuer-den-griff-klar-stk\/","title":{"rendered":"Gummi-T\u00fcrstopper f\u00fcr den Griff klar \/ Stk."},"content":{"rendered":"<p>Der Gummi-T\u00fcrstopper f\u00fcr den T\u00fcrgriff h\u00e4lt die W\u00e4nde unbesch\u00e4digt. Er wird auf den T\u00fcrgriff gesteckt und verhindert somit Besch\u00e4digungen und Spuren an den W\u00e4nden, sowie eine Besch\u00e4digung des Griffs selbst. <\/p>\n<p>Der Stopper muss nicht geklebt werden. Er kann bei Bedarf einfach verschoben werden. Dank des farblosen Aussehens passt er in jeden Raum.  <\/p>\n<p>&nbsp;<\/p>\n","protected":false},"excerpt":{"rendered":"<p>Flexibler, farbloser T\u00fcrgriff-Stopper, sch\u00fctzt vor dem Aufprall an die Wand.<\/p>\n","protected":false},"featured_media":15745,"comment_status":"open","ping_status":"closed","template":"","meta":[],"product_cat":[235,188,204],"product_tag":[],"_links":{"self":[{"href":"https:\/\/www.brikol.sk\/de\/wp-json\/wp\/v2\/product\/23591"}],"collection":[{"href":"https:\/\/www.brikol.sk\/de\/wp-json\/wp\/v2\/product"}],"about":[{"href":"https:\/\/www.brikol.sk\/de\/wp-json\/wp\/v2\/types\/product"}],"replies":[{"embeddable":true,"href":"https:\/\/www.brikol.sk\/de\/wp-json\/wp\/v2\/comments?post=23591"}],"wp:featuredmedia":[{"embeddable":true,"href":"https:\/\/www.brikol.sk\/de\/wp-json\/wp\/v2\/media\/15745"}],"wp:attachment":[{"href":"https:\/\/www.brikol.sk\/de\/wp-json\/wp\/v2\/media?parent=23591"}],"wp:term":[{"taxonomy":"product_cat","embeddable":true,"href":"https:\/\/www.brikol.sk\/de\/wp-json\/wp\/v2\/product_cat?post=23591"},{"taxonomy":"product_tag","embeddable":true,"href":"https:\/\/www.brikol.sk\/de\/wp-json\/wp\/v2\/product_tag?post=23591"}],"curies":[{"name":"wp","href":"https:\/\/api.w.org\/{rel}","templated":true}]}}