{"id":23596,"date":"2021-04-13T12:24:49","date_gmt":"2021-04-13T10:24:49","guid":{"rendered":"https:\/\/www.brikol.sk\/produkt\/joker-bandabdeckkappen-weiss-set\/"},"modified":"2021-04-13T12:24:49","modified_gmt":"2021-04-13T10:24:49","slug":"joker-bandabdeckkappen-weiss-set","status":"publish","type":"product","link":"https:\/\/www.brikol.sk\/de\/produkt\/joker-bandabdeckkappen-weiss-set\/","title":{"rendered":"JOKER Bandabdeckkappen wei\u00df \/ Set"},"content":{"rendered":"<p>Kunststoff-Bandabdeckkappen JOKER. Das Set beinhaltet 4 St\u00fcck Abdeckkappen. <\/p>\n","protected":false},"excerpt":{"rendered":"<p>Kunststoff-Bandabdeckkappen JOKER f\u00fcr T\u00fcrb\u00e4nder. Das Set beinhaltet 4 St\u00fcck Abdeckkappen. <\/p>\n","protected":false},"featured_media":15750,"comment_status":"open","ping_status":"closed","template":"","meta":[],"product_cat":[188,204],"product_tag":[],"_links":{"self":[{"href":"https:\/\/www.brikol.sk\/de\/wp-json\/wp\/v2\/product\/23596"}],"collection":[{"href":"https:\/\/www.brikol.sk\/de\/wp-json\/wp\/v2\/product"}],"about":[{"href":"https:\/\/www.brikol.sk\/de\/wp-json\/wp\/v2\/types\/product"}],"replies":[{"embeddable":true,"href":"https:\/\/www.brikol.sk\/de\/wp-json\/wp\/v2\/comments?post=23596"}],"wp:featuredmedia":[{"embeddable":true,"href":"https:\/\/www.brikol.sk\/de\/wp-json\/wp\/v2\/media\/15750"}],"wp:attachment":[{"href":"https:\/\/www.brikol.sk\/de\/wp-json\/wp\/v2\/media?parent=23596"}],"wp:term":[{"taxonomy":"product_cat","embeddable":true,"href":"https:\/\/www.brikol.sk\/de\/wp-json\/wp\/v2\/product_cat?post=23596"},{"taxonomy":"product_tag","embeddable":true,"href":"https:\/\/www.brikol.sk\/de\/wp-json\/wp\/v2\/product_tag?post=23596"}],"curies":[{"name":"wp","href":"https:\/\/api.w.org\/{rel}","templated":true}]}}