{"id":23607,"date":"2021-03-16T11:51:46","date_gmt":"2021-03-16T10:51:46","guid":{"rendered":"https:\/\/www.brikol.sk\/produkt\/runder-balkongriff-muschelgriff-aus-metall-stk\/"},"modified":"2021-03-16T11:51:46","modified_gmt":"2021-03-16T10:51:46","slug":"runder-balkongriff-muschelgriff-aus-metall-stk","status":"publish","type":"product","link":"https:\/\/www.brikol.sk\/de\/produkt\/runder-balkongriff-muschelgriff-aus-metall-stk\/","title":{"rendered":"Runder Balkongriff (Muschelgriff) aus Metall \/ Stk."},"content":{"rendered":"<p><strong>Runder Balkongriff (Muschelgriff)<\/strong> f\u00fcr Kunststoff-, Aluminium- und Holzfenster.<\/p>\n<p>Balkongriff \u2013 vorgesehen f\u00fcr die Montage von au\u00dfen, damit Sie den Balkon problemlos hinter sich zuziehen k\u00f6nnen.<\/p>\n<p>Der Griff ist aus Metall gefertigt und mit einer pulverbeschichteten, eingebrannten RAL-Farbe behandelt.<\/p>\n<p>Montage mittels Schrauben (im Lieferumfang enthalten)<\/p>\n<p>Farbliche Ausf\u00fchrung:<\/p>\n<ul>\n<li>Wei\u00df<\/li>\n<li>Bronze<\/li>\n<li>Titan<\/li>\n<li>Antracit<\/li>\n<\/ul>\n","protected":false},"excerpt":{"rendered":"<p>Der Balkongriff (Muschelgriff) ist f\u00fcr Kunststoff-, Aluminium- und Holzfenster geeignet. Der Balkongriff ist f\u00fcr die Montage von au\u00dfen vorgesehen, damit Sie den Balkon hinter sich zuziehen k\u00f6nnen. <\/p>\n","protected":false},"featured_media":11820,"comment_status":"closed","ping_status":"closed","template":"","meta":[],"product_cat":[238,235,186],"product_tag":[],"_links":{"self":[{"href":"https:\/\/www.brikol.sk\/de\/wp-json\/wp\/v2\/product\/23607"}],"collection":[{"href":"https:\/\/www.brikol.sk\/de\/wp-json\/wp\/v2\/product"}],"about":[{"href":"https:\/\/www.brikol.sk\/de\/wp-json\/wp\/v2\/types\/product"}],"replies":[{"embeddable":true,"href":"https:\/\/www.brikol.sk\/de\/wp-json\/wp\/v2\/comments?post=23607"}],"wp:featuredmedia":[{"embeddable":true,"href":"https:\/\/www.brikol.sk\/de\/wp-json\/wp\/v2\/media\/11820"}],"wp:attachment":[{"href":"https:\/\/www.brikol.sk\/de\/wp-json\/wp\/v2\/media?parent=23607"}],"wp:term":[{"taxonomy":"product_cat","embeddable":true,"href":"https:\/\/www.brikol.sk\/de\/wp-json\/wp\/v2\/product_cat?post=23607"},{"taxonomy":"product_tag","embeddable":true,"href":"https:\/\/www.brikol.sk\/de\/wp-json\/wp\/v2\/product_tag?post=23607"}],"curies":[{"name":"wp","href":"https:\/\/api.w.org\/{rel}","templated":true}]}}