{"id":23613,"date":"2020-11-24T13:50:06","date_gmt":"2020-11-24T12:50:06","guid":{"rendered":"https:\/\/www.brikol.sk\/produkt\/aeusserer-metall-anpresser-stk\/"},"modified":"2020-11-24T13:50:06","modified_gmt":"2020-11-24T12:50:06","slug":"aeusserer-metall-anpresser-stk","status":"publish","type":"product","link":"https:\/\/www.brikol.sk\/de\/produkt\/aeusserer-metall-anpresser-stk\/","title":{"rendered":"\u00c4u\u00dferer Metall-Anpresser \/ Stk."},"content":{"rendered":"<p>Der \u00e4u\u00dfere Metall-Anpresser ist f\u00fcr alle Arten von Kunststoffprofilen konzipiert. Er ist nicht profilabh\u00e4ngig und somit universell einsetzbar. <\/p>\n<p>Montage des Anpressers<br \/>\nDer Anpresser wird wie folgt montiert:<br \/>H\u00e4ngen Sie den Fensterfl\u00fcgel aus den B\u00e4ndern (Scharnieren) aus und drehen Sie ihn so um, dass sich die Bandseite oben befindet.<br \/>\nMontieren Sie den Anpresser am Rand des Fl\u00fcgels so, dass er die Dichtung nicht \u00fcberragt. Wir empfehlen, die L\u00f6cher mit einem 2,5 mm Bohrer vorzubohren.<br \/>\nBefestigen Sie den Anpresser mit zwei Schrauben und h\u00e4ngen Sie den Fl\u00fcgel anschlie\u00dfend wieder ein. Achtung: Achten Sie darauf, dass Sie beim Einh\u00e4ngen des Fl\u00fcgels den montierten Anpresser nicht besch\u00e4digen.<br \/>\nSchlie\u00dfen Sie das Fenster. Bohren Sie nun die L\u00f6cher in den Fensterrahmen vor und schrauben Sie den Anpresser fest.<br \/>\n\u00d6ffnen Sie das Fenster normal. Dadurch brechen die kleinen Teile ab, die den Anpresser zusammenhalten. Das Fenster funktioniert nun normal und der Anpresser erf\u00fcllt seine Funktion.<\/p>\n","protected":false},"excerpt":{"rendered":"<p>Der \u00e4u\u00dfere Metall-Anpresser ist f\u00fcr alle Arten von Kunststoffprofilen konzipiert. Er ist nicht profilabh\u00e4ngig und somit universell einsetzbar. <\/p>\n<p><!--more--><\/p>\n","protected":false},"featured_media":15400,"comment_status":"open","ping_status":"closed","template":"","meta":[],"product_cat":[234,188,193,187,194,195],"product_tag":[],"_links":{"self":[{"href":"https:\/\/www.brikol.sk\/de\/wp-json\/wp\/v2\/product\/23613"}],"collection":[{"href":"https:\/\/www.brikol.sk\/de\/wp-json\/wp\/v2\/product"}],"about":[{"href":"https:\/\/www.brikol.sk\/de\/wp-json\/wp\/v2\/types\/product"}],"replies":[{"embeddable":true,"href":"https:\/\/www.brikol.sk\/de\/wp-json\/wp\/v2\/comments?post=23613"}],"wp:featuredmedia":[{"embeddable":true,"href":"https:\/\/www.brikol.sk\/de\/wp-json\/wp\/v2\/media\/15400"}],"wp:attachment":[{"href":"https:\/\/www.brikol.sk\/de\/wp-json\/wp\/v2\/media?parent=23613"}],"wp:term":[{"taxonomy":"product_cat","embeddable":true,"href":"https:\/\/www.brikol.sk\/de\/wp-json\/wp\/v2\/product_cat?post=23613"},{"taxonomy":"product_tag","embeddable":true,"href":"https:\/\/www.brikol.sk\/de\/wp-json\/wp\/v2\/product_tag?post=23613"}],"curies":[{"name":"wp","href":"https:\/\/api.w.org\/{rel}","templated":true}]}}