{"id":23618,"date":"2020-11-06T09:26:32","date_gmt":"2020-11-06T08:26:32","guid":{"rendered":"https:\/\/www.brikol.sk\/produkt\/maco-balkonschnapper-oder-balkontuerschnapper-neu-stk\/"},"modified":"2020-11-06T09:26:32","modified_gmt":"2020-11-06T08:26:32","slug":"maco-balkonschnapper-oder-balkontuerschnapper-neu-stk","status":"publish","type":"product","link":"https:\/\/www.brikol.sk\/de\/produkt\/maco-balkonschnapper-oder-balkontuerschnapper-neu-stk\/","title":{"rendered":"MACO Balkonschnapper (oder Balkont\u00fcrschnapper) neu \/ Stk."},"content":{"rendered":"<p>Der MACO Balkonschnapper (oder Balkont\u00fcrschnapper) bzw. die Balkont\u00fcr-Zugluftsicherung wird im Fl\u00fcgel der Balkont\u00fcr befestigt.<\/p>\n<p>Geeignet f\u00fcr Kunststoff- und Holzt\u00fcren, die mit MACO MULTI-TREND und MACO MULTI MATIC Beschl\u00e4gen ausgestattet sind. Der Schnapper kann mit einem<strong><a href=\"https:\/\/www.brikol.sk\/produkt\/imbusovy-kluc-4-mm\/\"> Inbusschl\u00fcssel<\/a><\/strong> der Gr\u00f6\u00dfe 4 mm eingestellt werden. <\/p>\n<p>Der Schnapper ist f\u00fcr den neuen Typ des MACO MULTI MATIC Beschlags vorgesehen. Nach dem Abschneiden der unteren Kunststoffnase kann er jedoch auch f\u00fcr \u00e4ltere Beschl\u00e4ge verwendet werden.<\/p>\n","protected":false},"excerpt":{"rendered":"<p>Der MACO Balkonschnapper (oder Balkont\u00fcrschnapper) bzw. die Balkont\u00fcr-Zugluftsicherung wird im Fl\u00fcgel der Balkont\u00fcr befestigt. Er ist f\u00fcr Kunststoff- und Holzt\u00fcren geeignet, die mit MACO MULTI-TREND und MACO MULTI MATIC Beschl\u00e4gen ausgestattet sind. Der Schnapper kann mit einem Inbusschl\u00fcssel der Gr\u00f6\u00dfe 4 mm eingestellt werden.<br \/>60 x 10 x 8 mm (H x B x T)  <\/p>\n","protected":false},"featured_media":12360,"comment_status":"closed","ping_status":"closed","template":"","meta":[],"product_cat":[234,188,194],"product_tag":[],"_links":{"self":[{"href":"https:\/\/www.brikol.sk\/de\/wp-json\/wp\/v2\/product\/23618"}],"collection":[{"href":"https:\/\/www.brikol.sk\/de\/wp-json\/wp\/v2\/product"}],"about":[{"href":"https:\/\/www.brikol.sk\/de\/wp-json\/wp\/v2\/types\/product"}],"replies":[{"embeddable":true,"href":"https:\/\/www.brikol.sk\/de\/wp-json\/wp\/v2\/comments?post=23618"}],"wp:featuredmedia":[{"embeddable":true,"href":"https:\/\/www.brikol.sk\/de\/wp-json\/wp\/v2\/media\/12360"}],"wp:attachment":[{"href":"https:\/\/www.brikol.sk\/de\/wp-json\/wp\/v2\/media?parent=23618"}],"wp:term":[{"taxonomy":"product_cat","embeddable":true,"href":"https:\/\/www.brikol.sk\/de\/wp-json\/wp\/v2\/product_cat?post=23618"},{"taxonomy":"product_tag","embeddable":true,"href":"https:\/\/www.brikol.sk\/de\/wp-json\/wp\/v2\/product_tag?post=23618"}],"curies":[{"name":"wp","href":"https:\/\/api.w.org\/{rel}","templated":true}]}}