{"id":23669,"date":"2020-05-14T14:21:36","date_gmt":"2020-05-14T12:21:36","guid":{"rendered":"https:\/\/www.brikol.sk\/produkt\/schnaepperplatte-fuer-balkontuerschnaepper-aubi-siegenia-stk\/"},"modified":"2020-05-14T14:21:36","modified_gmt":"2020-05-14T12:21:36","slug":"schnaepperplatte-fuer-balkontuerschnaepper-aubi-siegenia-stk","status":"publish","type":"product","link":"https:\/\/www.brikol.sk\/de\/produkt\/schnaepperplatte-fuer-balkontuerschnaepper-aubi-siegenia-stk\/","title":{"rendered":"Schn\u00e4pperplatte f\u00fcr Balkont\u00fcrschn\u00e4pper Aubi Siegenia \/ Stk."},"content":{"rendered":"<p>Schn\u00e4pperplatte f\u00fcr<strong><a href=\"https:\/\/www.brikol.sk\/produkt\/balkonova-zapadka-siegenia\/\"> Aubi Siegenia Balkont\u00fcrschn\u00e4pper<\/a><\/strong>, passend f\u00fcr Stulpt\u00fcren mit dem neuen Beschlagsystem Siegenia TITAN.<\/p>\n<p>Das Gegenst\u00fcck ist mit F\u00fchrungszapfen ausgestattet. Diese Zapfen greifen exakt in die Bohrungen am Passivfl\u00fcgel (Stulpfl\u00fcgel) ein, der f\u00fcr die Aufnahme dieses Bauteils vorbereitet ist. Die Montage erfolgt mit einer einzelnen Schraube, die im Lieferumfang enthalten ist.  <\/p>\n<p>&nbsp;<\/p>\n<p>&nbsp;<\/p>\n","protected":false},"excerpt":{"rendered":"<p>Schn\u00e4pperplatte f\u00fcr<a href=\"https:\/\/www.brikol.sk\/produkt\/balkonova-zapadka-siegenia\/\"><strong> Aubi Siegenia Balkont\u00fcrschn\u00e4pper<\/strong><\/a>, geeignet f\u00fcr Stulpfl\u00fcgel mit dem Beschlagsystem Siegenia TITAN. Das Gegenst\u00fcck ist mit F\u00fchrungszapfen ausgestattet, die exakt in die vorbereiteten Bohrungen am Beschlag des Passivfl\u00fcgels einrasten. <\/p>\n","protected":false},"featured_media":15695,"comment_status":"open","ping_status":"closed","template":"","meta":[],"product_cat":[234,188,193],"product_tag":[],"_links":{"self":[{"href":"https:\/\/www.brikol.sk\/de\/wp-json\/wp\/v2\/product\/23669"}],"collection":[{"href":"https:\/\/www.brikol.sk\/de\/wp-json\/wp\/v2\/product"}],"about":[{"href":"https:\/\/www.brikol.sk\/de\/wp-json\/wp\/v2\/types\/product"}],"replies":[{"embeddable":true,"href":"https:\/\/www.brikol.sk\/de\/wp-json\/wp\/v2\/comments?post=23669"}],"wp:featuredmedia":[{"embeddable":true,"href":"https:\/\/www.brikol.sk\/de\/wp-json\/wp\/v2\/media\/15695"}],"wp:attachment":[{"href":"https:\/\/www.brikol.sk\/de\/wp-json\/wp\/v2\/media?parent=23669"}],"wp:term":[{"taxonomy":"product_cat","embeddable":true,"href":"https:\/\/www.brikol.sk\/de\/wp-json\/wp\/v2\/product_cat?post=23669"},{"taxonomy":"product_tag","embeddable":true,"href":"https:\/\/www.brikol.sk\/de\/wp-json\/wp\/v2\/product_tag?post=23669"}],"curies":[{"name":"wp","href":"https:\/\/api.w.org\/{rel}","templated":true}]}}