{"id":23670,"date":"2020-05-14T14:10:22","date_gmt":"2020-05-14T12:10:22","guid":{"rendered":"https:\/\/www.brikol.sk\/produkt\/balkontuerschnaepper-aubi-siegenia-stk\/"},"modified":"2020-05-14T14:10:22","modified_gmt":"2020-05-14T12:10:22","slug":"balkontuerschnaepper-aubi-siegenia-stk","status":"publish","type":"product","link":"https:\/\/www.brikol.sk\/de\/produkt\/balkontuerschnaepper-aubi-siegenia-stk\/","title":{"rendered":"Balkont\u00fcrschn\u00e4pper AUBI SIEGENIA \/ Stk."},"content":{"rendered":"<div><span style=\"font-size: 110%;\"><strong>Balkont\u00fcrschn\u00e4pper AUBI SIEGENIA &#8211; Terrassent\u00fcrf\u00e4nger<br \/> <\/strong><\/span><\/div>\n<div><\/div>\n<div>Auch als Balkont\u00fcrf\u00e4nger bekannt, dient dieses Bauteil zum vor\u00fcbergehenden Sichern der T\u00fcr von au\u00dfen. Diese Sicherung ist zudem unter dem Namen \u201eRaucherpause-Sicherung\u201c bekannt, da sie das Eindringen von Zigarettenrauch in den Innenraum w\u00e4hrend des Rauchens auf dem Balkon verhindert. <\/div>\n<div><\/div>\n<div id=\"balkonova-zaklopka-aubi-sigenia\">Der Balkont\u00fcrschn\u00e4pper von AUBI SIEGENIA, auch als Balkont\u00fcr-Durchzugssicherung bekannt, wird am Fl\u00fcgel der Balkont\u00fcr befestigt.<br \/>\nGeeignet f\u00fcr Kunststoff- und Holzt\u00fcren mit dem Beschlagsystem Siegenia TITAN. Der Schn\u00e4pper l\u00e4sst sich mit einem 4 mm Inbusschl\u00fcssel einstellen. <\/div>\n<div><\/div>\n<div><strong><span style=\"color: #ff0000;\">ACHTUNG: Der Schn\u00e4pper ist DIN links oder DIN rechts verwendbar (bitte Ausf\u00fchrung beachten).<\/span><\/strong> Ein rechtes Fenster hat die Scharniere (B\u00e4nder) von innen gesehen auf der rechten Seite, ein linkes Fenster hat die Scharniere auf der linken Seite (DIN Rechts \/ DIN Links).<\/div>\n<div>Der Schn\u00e4pper ist f\u00fcr Stulp-Balkont\u00fcren oder einfl\u00fcgelige Balkont\u00fcren geeignet. Die Montage erfolgt mit dem beweglichen Kunststoffteil nach oben gerichtet. Falls das Kunststoffteil nach unten zeigen muss, ist die jeweils andere Ausf\u00fchrung (DIN-Richtung) zu w\u00e4hlen. Zur Befestigung wird lediglich eine Schraube ben\u00f6tigt, die im Lieferumfang enthalten ist.<br \/>Abmessungen: 65 x 11 x 7 mm (H x B x T)  <\/div>\n","protected":false},"excerpt":{"rendered":"<p>Der Balkont\u00fcrschn\u00e4pper (die Balkont\u00fcr-Zuhaltung) von AUBI SIEGENIA, auch als Balkont\u00fcr-Durchzugssicherung bekannt, wird am Fl\u00fcgel der Balkont\u00fcr befestigt. Er ist f\u00fcr Kunststoff- und Holzt\u00fcren geeignet, die mit dem Beschlagsystem Siegenia TITAN ausgestattet sind. <a href=\"#balkonova-zaklopka-aubi-sigenia\"><span style=\"text-decoration: underline; color: #0000ff;\"><strong>Mehr in der Beschreibung:<\/strong><\/span><\/a><\/p>\n","protected":false},"featured_media":16130,"comment_status":"open","ping_status":"closed","template":"","meta":[],"product_cat":[234,188,193],"product_tag":[],"_links":{"self":[{"href":"https:\/\/www.brikol.sk\/de\/wp-json\/wp\/v2\/product\/23670"}],"collection":[{"href":"https:\/\/www.brikol.sk\/de\/wp-json\/wp\/v2\/product"}],"about":[{"href":"https:\/\/www.brikol.sk\/de\/wp-json\/wp\/v2\/types\/product"}],"replies":[{"embeddable":true,"href":"https:\/\/www.brikol.sk\/de\/wp-json\/wp\/v2\/comments?post=23670"}],"wp:featuredmedia":[{"embeddable":true,"href":"https:\/\/www.brikol.sk\/de\/wp-json\/wp\/v2\/media\/16130"}],"wp:attachment":[{"href":"https:\/\/www.brikol.sk\/de\/wp-json\/wp\/v2\/media?parent=23670"}],"wp:term":[{"taxonomy":"product_cat","embeddable":true,"href":"https:\/\/www.brikol.sk\/de\/wp-json\/wp\/v2\/product_cat?post=23670"},{"taxonomy":"product_tag","embeddable":true,"href":"https:\/\/www.brikol.sk\/de\/wp-json\/wp\/v2\/product_tag?post=23670"}],"curies":[{"name":"wp","href":"https:\/\/api.w.org\/{rel}","templated":true}]}}