{"id":23676,"date":"2020-03-30T12:42:33","date_gmt":"2020-03-30T10:42:33","guid":{"rendered":"https:\/\/www.brikol.sk\/produkt\/tuerschliessergestaenge-mit-feststellung-gu-stk\/"},"modified":"2020-03-30T12:42:33","modified_gmt":"2020-03-30T10:42:33","slug":"tuerschliessergestaenge-mit-feststellung-gu-stk","status":"publish","type":"product","link":"https:\/\/www.brikol.sk\/de\/produkt\/tuerschliessergestaenge-mit-feststellung-gu-stk\/","title":{"rendered":"T\u00fcrschlie\u00dfergest\u00e4nge mit Feststellung GU \/ Stk."},"content":{"rendered":"<p>T\u00fcrschlie\u00dfergest\u00e4nge mit Feststellung f\u00fcr die T\u00fcrschlie\u00dfer GU OTS 210 \/ 430. Der Feststellarm h\u00e4lt den T\u00fcrschlie\u00dfer nach der Positionierung in der gew\u00e4hlten Stellung fest, sodass keine zus\u00e4tzlichen T\u00fcrfeststeller am T\u00fcrblatt montiert werden m\u00fcssen. <\/p>\n","protected":false},"excerpt":{"rendered":"<p>T\u00fcrschlie\u00dfergest\u00e4nge mit Feststellung f\u00fcr die T\u00fcrschlie\u00dfer GU OTS 210 \/ 430. Der Feststellarm h\u00e4lt den T\u00fcrschlie\u00dfer nach der Positionierung in der gew\u00e4hlten Stellung fest, sodass keine zus\u00e4tzlichen T\u00fcrfeststeller am T\u00fcrblatt montiert werden m\u00fcssen. <\/p>\n","protected":false},"featured_media":11265,"comment_status":"open","ping_status":"closed","template":"","meta":[],"product_cat":[188,204],"product_tag":[],"_links":{"self":[{"href":"https:\/\/www.brikol.sk\/de\/wp-json\/wp\/v2\/product\/23676"}],"collection":[{"href":"https:\/\/www.brikol.sk\/de\/wp-json\/wp\/v2\/product"}],"about":[{"href":"https:\/\/www.brikol.sk\/de\/wp-json\/wp\/v2\/types\/product"}],"replies":[{"embeddable":true,"href":"https:\/\/www.brikol.sk\/de\/wp-json\/wp\/v2\/comments?post=23676"}],"wp:featuredmedia":[{"embeddable":true,"href":"https:\/\/www.brikol.sk\/de\/wp-json\/wp\/v2\/media\/11265"}],"wp:attachment":[{"href":"https:\/\/www.brikol.sk\/de\/wp-json\/wp\/v2\/media?parent=23676"}],"wp:term":[{"taxonomy":"product_cat","embeddable":true,"href":"https:\/\/www.brikol.sk\/de\/wp-json\/wp\/v2\/product_cat?post=23676"},{"taxonomy":"product_tag","embeddable":true,"href":"https:\/\/www.brikol.sk\/de\/wp-json\/wp\/v2\/product_tag?post=23676"}],"curies":[{"name":"wp","href":"https:\/\/api.w.org\/{rel}","templated":true}]}}