{"id":23680,"date":"2019-12-10T10:20:31","date_gmt":"2019-12-10T09:20:31","guid":{"rendered":"https:\/\/www.brikol.sk\/produkt\/kantriegel-wala-219-mm-paar\/"},"modified":"2019-12-10T10:20:31","modified_gmt":"2019-12-10T09:20:31","slug":"kantriegel-wala-219-mm-paar","status":"publish","type":"product","link":"https:\/\/www.brikol.sk\/de\/produkt\/kantriegel-wala-219-mm-paar\/","title":{"rendered":"Kantriegel WALA 219 mm \/ Paar"},"content":{"rendered":"<p>Der WALA T\u00fcrriegel ist f\u00fcr Aluminium- oder Holzt\u00fcren mit gerader Nut bestimmt. Im Lieferumfang enthalten sind auch Rahmen-Gegenst\u00fccke und ein Schraubensatz. <\/p>\n","protected":false},"excerpt":{"rendered":"<p>Der WALA T\u00fcrriegel ist f\u00fcr Aluminium- oder Holzt\u00fcren mit gerader Nut bestimmt. Im Lieferumfang enthalten sind auch Rahmen-Gegenst\u00fccke und ein Schraubensatz. <\/p>\n","protected":false},"featured_media":11260,"comment_status":"open","ping_status":"closed","template":"","meta":[],"product_cat":[188,204],"product_tag":[],"_links":{"self":[{"href":"https:\/\/www.brikol.sk\/de\/wp-json\/wp\/v2\/product\/23680"}],"collection":[{"href":"https:\/\/www.brikol.sk\/de\/wp-json\/wp\/v2\/product"}],"about":[{"href":"https:\/\/www.brikol.sk\/de\/wp-json\/wp\/v2\/types\/product"}],"replies":[{"embeddable":true,"href":"https:\/\/www.brikol.sk\/de\/wp-json\/wp\/v2\/comments?post=23680"}],"wp:featuredmedia":[{"embeddable":true,"href":"https:\/\/www.brikol.sk\/de\/wp-json\/wp\/v2\/media\/11260"}],"wp:attachment":[{"href":"https:\/\/www.brikol.sk\/de\/wp-json\/wp\/v2\/media?parent=23680"}],"wp:term":[{"taxonomy":"product_cat","embeddable":true,"href":"https:\/\/www.brikol.sk\/de\/wp-json\/wp\/v2\/product_cat?post=23680"},{"taxonomy":"product_tag","embeddable":true,"href":"https:\/\/www.brikol.sk\/de\/wp-json\/wp\/v2\/product_tag?post=23680"}],"curies":[{"name":"wp","href":"https:\/\/api.w.org\/{rel}","templated":true}]}}