{"id":23684,"date":"2019-12-10T10:02:40","date_gmt":"2019-12-10T09:02:40","guid":{"rendered":"https:\/\/www.brikol.sk\/produkt\/tuerschliesser-gu-ots-430-mit-gestaenge-stk\/"},"modified":"2019-12-10T10:02:40","modified_gmt":"2019-12-10T09:02:40","slug":"tuerschliesser-gu-ots-430-mit-gestaenge-stk","status":"publish","type":"product","link":"https:\/\/www.brikol.sk\/de\/produkt\/tuerschliesser-gu-ots-430-mit-gestaenge-stk\/","title":{"rendered":"T\u00fcrschlie\u00dfer GU OTS 430 mit Gest\u00e4nge \/ Stk."},"content":{"rendered":"<div id=\"info-page1349_1\" class=\"tab-page\">\n<h3>T\u00fcrschlie\u00dfer GU OTS 430<\/h3>\n<p>geeignet f\u00fcr Holz-, Kunststoff-, Aluminium-, Stahl- und Glast\u00fcren sowie f\u00fcr Feuer- und Rauchschutzt\u00fcren. Der T\u00fcrschlie\u00dfer ist sowohl f\u00fcr rechts als auch f\u00fcr links angeschlagene T\u00fcren verwendbar (DIN links\/rechts) und eignet sich f\u00fcr T\u00fcren, die nach innen oder au\u00dfen \u00f6ffnen. <\/p>\n<p>Hochwertiger deutscher T\u00fcrschlie\u00dfer mit variabler Schlie\u00dfkraft EN 2 \u2013 5 und der M\u00f6glichkeit zur seitlichen Einstellung, ohne den Schlie\u00dfer versetzen zu m\u00fcssen. Er verf\u00fcgt \u00fcber von vorne einstellbare Ventile f\u00fcr die Schlie\u00dfgeschwindigkeit und den Endschlag. Die Ventile gew\u00e4hrleisten ein gleichm\u00e4\u00dfiges Schlie\u00dfen auch bei Temperaturschwankungen sowie einen \u00dcberlastungsschutz. Der T\u00fcrschlie\u00dfer ist f\u00fcr eine maximale T\u00fcrblattbreite von 1250 mm und einen \u00d6ffnungs- und Schlie\u00dfwinkel bis 180\u00b0 einsetzbar, wobei der Schlie\u00dfvorgang aus jedem \u00d6ffnungswinkel kontrolliert erfolgt.   <\/p>\n<p>Das im Lieferumfang enthaltene T\u00fcrschlie\u00dfergest\u00e4nge ist ohne Feststellung.<\/p>\n<p>&nbsp;<\/p>\n<\/div>\n","protected":false},"excerpt":{"rendered":"<h3>T\u00fcrschlie\u00dfer GU OTS 430<\/h3>\n<p>geeignet f\u00fcr Holz-, Kunststoff-, Aluminium-, Stahl- und Glast\u00fcren sowie f\u00fcr Feuer- und Rauchschutzt\u00fcren. Der T\u00fcrschlie\u00dfer ist sowohl f\u00fcr rechts als auch f\u00fcr links angeschlagene T\u00fcren verwendbar (DIN links\/rechts) und eignet sich f\u00fcr T\u00fcren, die nach innen oder au\u00dfen \u00f6ffnen. <\/p>\n<p>Hochwertiger deutscher T\u00fcrschlie\u00dfer mit variabler Schlie\u00dfkraft EN 2 \u2013 5 und der M\u00f6glichkeit zur seitlichen Einstellung, ohne den Schlie\u00dfer versetzen zu m\u00fcssen. Er verf\u00fcgt \u00fcber von vorne einstellbare Ventile f\u00fcr die Schlie\u00dfgeschwindigkeit und den Endschlag. Die Ventile gew\u00e4hrleisten ein gleichm\u00e4\u00dfiges Schlie\u00dfen auch bei Temperaturschwankungen sowie einen \u00dcberlastungsschutz. Der T\u00fcrschlie\u00dfer ist f\u00fcr eine maximale T\u00fcrblattbreite von 1250 mm und einen \u00d6ffnungs- und Schlie\u00dfwinkel bis 180\u00b0 einsetzbar, wobei der Schlie\u00dfvorgang aus jedem \u00d6ffnungswinkel kontrolliert erfolgt.   <\/p>\n","protected":false},"featured_media":10960,"comment_status":"open","ping_status":"closed","template":"","meta":[],"product_cat":[188,204],"product_tag":[],"_links":{"self":[{"href":"https:\/\/www.brikol.sk\/de\/wp-json\/wp\/v2\/product\/23684"}],"collection":[{"href":"https:\/\/www.brikol.sk\/de\/wp-json\/wp\/v2\/product"}],"about":[{"href":"https:\/\/www.brikol.sk\/de\/wp-json\/wp\/v2\/types\/product"}],"replies":[{"embeddable":true,"href":"https:\/\/www.brikol.sk\/de\/wp-json\/wp\/v2\/comments?post=23684"}],"wp:featuredmedia":[{"embeddable":true,"href":"https:\/\/www.brikol.sk\/de\/wp-json\/wp\/v2\/media\/10960"}],"wp:attachment":[{"href":"https:\/\/www.brikol.sk\/de\/wp-json\/wp\/v2\/media?parent=23684"}],"wp:term":[{"taxonomy":"product_cat","embeddable":true,"href":"https:\/\/www.brikol.sk\/de\/wp-json\/wp\/v2\/product_cat?post=23684"},{"taxonomy":"product_tag","embeddable":true,"href":"https:\/\/www.brikol.sk\/de\/wp-json\/wp\/v2\/product_tag?post=23684"}],"curies":[{"name":"wp","href":"https:\/\/api.w.org\/{rel}","templated":true}]}}