{"id":23688,"date":"2019-11-22T10:27:40","date_gmt":"2019-11-22T09:27:40","guid":{"rendered":"https:\/\/www.brikol.sk\/produkt\/balkonschnaepper-gu-fuer-kunststofffenster-stk\/"},"modified":"2019-11-22T10:27:40","modified_gmt":"2019-11-22T09:27:40","slug":"balkonschnaepper-gu-fuer-kunststofffenster-stk","status":"publish","type":"product","link":"https:\/\/www.brikol.sk\/de\/produkt\/balkonschnaepper-gu-fuer-kunststofffenster-stk\/","title":{"rendered":"Balkonschn\u00e4pper GU f\u00fcr Kunststofffenster \/ Stk."},"content":{"rendered":"<div id=\"balkonova-zapadka-gu-pre-plastove-okna\">\n<p><strong>Balkonschn\u00e4pper GU<\/strong><\/p>\n<p>Balkonschn\u00e4pper (Terrassent\u00fcrschn\u00e4pper) GU f\u00fcr Kunststofffenster. Der Universalschn\u00e4pper ist f\u00fcr alle Beschlagarten geeignet, der Unterschied liegt jedoch im Profiltyp. In den T\u00fcrfl\u00fcgel wird lediglich ein kleiner Zapfen montiert: Hierzu l\u00f6sen Sie eine beliebige Schraube des Beschlags, setzen den Zapfen auf und befestigen ihn mit der l\u00e4ngeren Schraube, die im Lieferumfang enthalten ist. Der eigentliche Schn\u00e4ppermechanismus wird gegen\u00fcber dem Zapfen so montiert, dass er mittig ausgerichtet ist. Die Schn\u00e4pper sind nach Nummern und Profiltypen unterteilt, f\u00fcr die sie bestimmt sind.    <\/p>\n<p>Nach Auswahl der Option wird eine Liste der Profile eingeblendet, f\u00fcr die der jeweilige Schn\u00e4pper bestimmt ist.<\/p>\n<p><strong>Lieferumfang:<\/strong><\/p>\n<p>1 x Balkonschn\u00e4pper<br \/>\n1 x Schn\u00e4pperzapfen<br \/>\n3 x Befestigungsschraube<\/p>\n<p><strong>Die Montageanleitung ist identisch mit der f\u00fcr den Siegenia-Balkonschn\u00e4pper.<br \/>\n<\/strong><\/p>\n<p><a href=\"https:\/\/www.brikol.sk\/wp-content\/uploads\/2018\/12\/z%C3%A1padka-siegenia.pdf\">Balkonschn\u00e4pper Siegenia<\/a><\/p>\n<\/div>\n","protected":false},"excerpt":{"rendered":"<p>Der Universalschn\u00e4pper ist f\u00fcr alle Beschlagarten geeignet, der Unterschied liegt jedoch im jeweiligen Profiltyp. Die Schn\u00e4pper (Rahmenteile) sind nach Nummern und den entsprechenden Profiltypen unterteilt, f\u00fcr die sie bestimmt sind&#8230; <span style=\"color: #0000ff;\"><a style=\"color: #0000ff;\" href=\"#balkonova-zapadka-gu-pre-plastove-okna\"><strong>Mehr in der Beschreibung:<\/strong><\/a><\/span><\/p>\n<p>&nbsp;<\/p>\n<p>&nbsp;<\/p>\n","protected":false},"featured_media":16275,"comment_status":"open","ping_status":"closed","template":"","meta":[],"product_cat":[234,188,187],"product_tag":[],"_links":{"self":[{"href":"https:\/\/www.brikol.sk\/de\/wp-json\/wp\/v2\/product\/23688"}],"collection":[{"href":"https:\/\/www.brikol.sk\/de\/wp-json\/wp\/v2\/product"}],"about":[{"href":"https:\/\/www.brikol.sk\/de\/wp-json\/wp\/v2\/types\/product"}],"replies":[{"embeddable":true,"href":"https:\/\/www.brikol.sk\/de\/wp-json\/wp\/v2\/comments?post=23688"}],"wp:featuredmedia":[{"embeddable":true,"href":"https:\/\/www.brikol.sk\/de\/wp-json\/wp\/v2\/media\/16275"}],"wp:attachment":[{"href":"https:\/\/www.brikol.sk\/de\/wp-json\/wp\/v2\/media?parent=23688"}],"wp:term":[{"taxonomy":"product_cat","embeddable":true,"href":"https:\/\/www.brikol.sk\/de\/wp-json\/wp\/v2\/product_cat?post=23688"},{"taxonomy":"product_tag","embeddable":true,"href":"https:\/\/www.brikol.sk\/de\/wp-json\/wp\/v2\/product_tag?post=23688"}],"curies":[{"name":"wp","href":"https:\/\/api.w.org\/{rel}","templated":true}]}}