{"id":23708,"date":"2019-02-14T11:11:09","date_gmt":"2019-02-14T10:11:09","guid":{"rendered":"https:\/\/www.brikol.sk\/produkt\/roto-tuerkantriegel-16-150-mm-fuer-16-mm-nut-stk\/"},"modified":"2019-02-14T11:11:09","modified_gmt":"2019-02-14T10:11:09","slug":"roto-tuerkantriegel-16-150-mm-fuer-16-mm-nut-stk","status":"publish","type":"product","link":"https:\/\/www.brikol.sk\/de\/produkt\/roto-tuerkantriegel-16-150-mm-fuer-16-mm-nut-stk\/","title":{"rendered":"ROTO T\u00fcrkantriegel 16\/150 mm f\u00fcr 16 mm Nut \/ Stk."},"content":{"rendered":"<p>ROTO T\u00fcrkantriegel \/ Falztreibriegel 16\/150 mm f\u00fcr Kunststoff-, Aluminium- und Holzt\u00fcren. Geeignet f\u00fcr die <strong>16 mm <\/strong>Beschlagnut. Ideal f\u00fcr T\u00fcren mit hoher Begehfrequenz. <\/p>\n<p>&nbsp;<\/p>\n","protected":false},"excerpt":{"rendered":"<p>Der ROTO T\u00fcrkantriegel ist f\u00fcr den passiven T\u00fcrfl\u00fcgel (Standfl\u00fcgel) ohne T\u00fcrgriff konzipiert. Aufgrund seiner hohen Festigkeit und langen Lebensdauer wird er besonders h\u00e4ufig bei Holzt\u00fcren eingesetzt. <\/p>\n<h3>Technische Daten:<br \/><\/h3>\n<ul>\n<li>T\u00fcrkantriegel f\u00fcr 16 mm Beschlagnut<\/li>\n<li>Die Gesamtl\u00e4nge des Riegels betr\u00e4gt <strong>150 mm. <\/strong><\/li>\n<li>F\u00fcr Kunststoff-, Aluminium- und Holzt\u00fcren<\/li>\n<li>Robust und stabil \u2013 ideal f\u00fcr schwere T\u00fcren.<\/li>\n<\/ul>\n","protected":false},"featured_media":11075,"comment_status":"open","ping_status":"closed","template":"","meta":[],"product_cat":[188,204],"product_tag":[],"_links":{"self":[{"href":"https:\/\/www.brikol.sk\/de\/wp-json\/wp\/v2\/product\/23708"}],"collection":[{"href":"https:\/\/www.brikol.sk\/de\/wp-json\/wp\/v2\/product"}],"about":[{"href":"https:\/\/www.brikol.sk\/de\/wp-json\/wp\/v2\/types\/product"}],"replies":[{"embeddable":true,"href":"https:\/\/www.brikol.sk\/de\/wp-json\/wp\/v2\/comments?post=23708"}],"wp:featuredmedia":[{"embeddable":true,"href":"https:\/\/www.brikol.sk\/de\/wp-json\/wp\/v2\/media\/11075"}],"wp:attachment":[{"href":"https:\/\/www.brikol.sk\/de\/wp-json\/wp\/v2\/media?parent=23708"}],"wp:term":[{"taxonomy":"product_cat","embeddable":true,"href":"https:\/\/www.brikol.sk\/de\/wp-json\/wp\/v2\/product_cat?post=23708"},{"taxonomy":"product_tag","embeddable":true,"href":"https:\/\/www.brikol.sk\/de\/wp-json\/wp\/v2\/product_tag?post=23708"}],"curies":[{"name":"wp","href":"https:\/\/api.w.org\/{rel}","templated":true}]}}