{"id":23710,"date":"2018-12-05T12:12:04","date_gmt":"2018-12-05T11:12:04","guid":{"rendered":"https:\/\/www.brikol.sk\/produkt\/gu-abdeckkappen-set-fuer-baender-satz\/"},"modified":"2025-12-22T10:45:21","modified_gmt":"2025-12-22T09:45:21","slug":"gu-abdeckkappen-set-fuer-baender-satz","status":"publish","type":"product","link":"https:\/\/www.brikol.sk\/de\/produkt\/gu-abdeckkappen-set-fuer-baender-satz\/","title":{"rendered":"GU Abdeckkappen-Set f\u00fcr B\u00e4nder \/ Satz"},"content":{"rendered":"<p>GU Abdeckkappen-Set f\u00fcr Kunststofffenster-Beschl\u00e4ge. Im Lieferumfang enthalten: untere Kappen f\u00fcr das Ecklager und obere Kappen f\u00fcr das Scherenlager. <\/p>\n<p>Scherenlagerkappe oben &#8211; 95 mm, Lochabstand 62 mm <br \/>Scherenarmkappe &#8211; 61 mm<br \/>Ecklagerkappe unten klein &#8211; 18 mm<br \/>Fl\u00fcgelgelenkkappe &#8211; 80 mm<\/p>\n","protected":false},"excerpt":{"rendered":"<p>GU Abdeckkappen f\u00fcr Kunststofffenster-Beschl\u00e4ge. Im Lieferumfang enthalten sind die unteren Kappen f\u00fcr das Ecklager und die oberen Kappen f\u00fcr das Scherenlager. <\/p>\n","protected":false},"featured_media":15300,"comment_status":"open","ping_status":"closed","template":"","meta":[],"product_cat":[234,235,188,187],"product_tag":[],"_links":{"self":[{"href":"https:\/\/www.brikol.sk\/de\/wp-json\/wp\/v2\/product\/23710"}],"collection":[{"href":"https:\/\/www.brikol.sk\/de\/wp-json\/wp\/v2\/product"}],"about":[{"href":"https:\/\/www.brikol.sk\/de\/wp-json\/wp\/v2\/types\/product"}],"replies":[{"embeddable":true,"href":"https:\/\/www.brikol.sk\/de\/wp-json\/wp\/v2\/comments?post=23710"}],"wp:featuredmedia":[{"embeddable":true,"href":"https:\/\/www.brikol.sk\/de\/wp-json\/wp\/v2\/media\/15300"}],"wp:attachment":[{"href":"https:\/\/www.brikol.sk\/de\/wp-json\/wp\/v2\/media?parent=23710"}],"wp:term":[{"taxonomy":"product_cat","embeddable":true,"href":"https:\/\/www.brikol.sk\/de\/wp-json\/wp\/v2\/product_cat?post=23710"},{"taxonomy":"product_tag","embeddable":true,"href":"https:\/\/www.brikol.sk\/de\/wp-json\/wp\/v2\/product_tag?post=23710"}],"curies":[{"name":"wp","href":"https:\/\/api.w.org\/{rel}","templated":true}]}}