{"id":23713,"date":"2018-12-04T14:45:49","date_gmt":"2018-12-04T13:45:49","guid":{"rendered":"https:\/\/www.brikol.sk\/produkt\/aubi-siegenia-balkonschnaepper-fuer-einfluegelige-kunststofffenster\/"},"modified":"2018-12-04T14:45:49","modified_gmt":"2018-12-04T13:45:49","slug":"aubi-siegenia-balkonschnaepper-fuer-einfluegelige-kunststofffenster","status":"publish","type":"product","link":"https:\/\/www.brikol.sk\/de\/produkt\/aubi-siegenia-balkonschnaepper-fuer-einfluegelige-kunststofffenster\/","title":{"rendered":"AUBI Siegenia Balkonschn\u00e4pper f\u00fcr einfl\u00fcgelige Kunststofffenster"},"content":{"rendered":"<div id=\"balkonova-zapadka-abui-siegenia\">\n<p><strong>AUBI Siegenia Balkonschn\u00e4pper<\/strong><\/p>\n<p>AUBI Siegenia Balkonschn\u00e4pper f\u00fcr Kunststofffenster. Dieser universelle Schn\u00e4pper ist f\u00fcr alle Beschlagstypen geeignet, der Unterschied liegt jedoch im Profiltyp. In den T\u00fcrfl\u00fcgel wird lediglich ein kleiner Zapfen (H\u00fctchen) montiert. Die Montage erfolgt, indem Sie eine beliebige Schraube herausdrehen, den Zapfen ansetzen und mit der l\u00e4ngeren Schraube aus dem Lieferumfang festschrauben. Den eigentlichen Schn\u00e4pper-Mechanismus montieren Sie gegen\u00fcber dem Zapfen so, dass er mittig ausgerichtet ist. Die Schn\u00e4pper sind nach Nummern und Profiltypen unterteilt, f\u00fcr die sie bestimmt sind. Der Abstand der Montagel\u00f6cher betr\u00e4gt 70 mm.     <\/p>\n<p>Nach Auswahl der Option wird eine Liste der Profile eingeblendet, f\u00fcr die der jeweilige Schn\u00e4pper bestimmt ist. Das Profilsystem, aus dem Ihre Fenster gefertigt sind, sollte in Ihrem Werkvertrag, Ihrer Bestellung oder auf der Rechnung angegeben sein. Einige Profilsysteme verf\u00fcgen \u00fcber eine Kennzeichnung am Rahmen oder Fl\u00fcgel; am Rahmen befindet sich diese meist in der Nut, in der Sie auch die Rahmenteile des Beschlags finden. <\/p>\n<p>Lieferumfang:<\/p>\n<p style=\"text-align: left;\">1 x Balkonschn\u00e4pper<br \/>\n1 x Schn\u00e4pperzapfen<br \/>\n3 x Befestigungsschraube<\/p>\n<p><strong>Montageanleitung<\/strong><\/p>\n<p><a href=\"https:\/\/www.brikol.sk\/wp-content\/uploads\/2018\/12\/z%C3%A1padka-siegenia.pdf\">Balkonschn\u00e4pper Siegenia<\/a><\/p>\n<\/div>\n","protected":false},"excerpt":{"rendered":"<p>AUBI Siegenia Balkonschn\u00e4pper f\u00fcr Kunststofffenster. Dieser universelle Schn\u00e4pper ist f\u00fcr alle Beschlagstypen geeignet, der Unterschied liegt jedoch im Profiltyp&#8230; <span style=\"color: #0000ff;\"><strong><span style=\"color: #0000ff;\"><a href=\"#balkonova-zapadka-abui-siegenia\">Mehr in der Beschreibung<\/a><\/span><\/strong><\/span> <\/p>\n<p>&nbsp;<\/p>\n","protected":false},"featured_media":12400,"comment_status":"open","ping_status":"closed","template":"","meta":[],"product_cat":[234,188,193],"product_tag":[],"_links":{"self":[{"href":"https:\/\/www.brikol.sk\/de\/wp-json\/wp\/v2\/product\/23713"}],"collection":[{"href":"https:\/\/www.brikol.sk\/de\/wp-json\/wp\/v2\/product"}],"about":[{"href":"https:\/\/www.brikol.sk\/de\/wp-json\/wp\/v2\/types\/product"}],"replies":[{"embeddable":true,"href":"https:\/\/www.brikol.sk\/de\/wp-json\/wp\/v2\/comments?post=23713"}],"wp:featuredmedia":[{"embeddable":true,"href":"https:\/\/www.brikol.sk\/de\/wp-json\/wp\/v2\/media\/12400"}],"wp:attachment":[{"href":"https:\/\/www.brikol.sk\/de\/wp-json\/wp\/v2\/media?parent=23713"}],"wp:term":[{"taxonomy":"product_cat","embeddable":true,"href":"https:\/\/www.brikol.sk\/de\/wp-json\/wp\/v2\/product_cat?post=23713"},{"taxonomy":"product_tag","embeddable":true,"href":"https:\/\/www.brikol.sk\/de\/wp-json\/wp\/v2\/product_tag?post=23713"}],"curies":[{"name":"wp","href":"https:\/\/api.w.org\/{rel}","templated":true}]}}