{"id":23718,"date":"2018-07-02T16:29:00","date_gmt":"2018-07-02T14:29:00","guid":{"rendered":"https:\/\/www.brikol.sk\/produkt\/wasserschlitzkappe\/"},"modified":"2018-07-02T16:29:00","modified_gmt":"2018-07-02T14:29:00","slug":"wasserschlitzkappe","status":"publish","type":"product","link":"https:\/\/www.brikol.sk\/de\/produkt\/wasserschlitzkappe\/","title":{"rendered":"Wasserschlitzkappe"},"content":{"rendered":"<p>Diese Wasserschlitzkappe ist ein praktisches und \u00e4sthetisches Zubeh\u00f6r, das die \u00e4u\u00dfere l\u00e4ngliche Entw\u00e4sserungs\u00f6ffnung an der Unterseite von Kunststofffenstern effektiv abdeckt. Sie verhindert das Eindringen von Schmutz, Insekten oder Staub in das Entw\u00e4sserungssystem, wodurch die Funktionalit\u00e4t des Fensters gesch\u00fctzt und seine Lebensdauer verl\u00e4ngert wird. <\/p>\n<p><b>Hauptmerkmale:<\/b><\/p>\n<ul>\n<li><b>Funktion: <\/b>Abdeckung des Entw\u00e4sserungsschlitzes.<\/li>\n<li><b>Abmessungen:<\/b> Breite unten 39 mm, Breite oben 36 mm, H\u00f6he 15 mm.<\/li>\n<li><b>Variabilit\u00e4t: <\/b>Je nach Produktionscharge kann die Kappe zwei oder drei Befestigungslaschen f\u00fcr eine sichere Fixierung in der Nut haben.<\/li>\n<\/ul>\n<p><b>Farbvarianten::<\/b><\/p>\n<p>Die Abdeckkappe ist in mehreren Farbausf\u00fchrungen erh\u00e4ltlich, um sich perfekt an Ihre Fenster und das gesamte Erscheinungsbild der Fassade anzupassen:<\/p>\n<ul>\n<li><b>Wei\u00df<\/b><\/li>\n<li><b>Dunkelbraun<\/b><\/li>\n<li><b>Hellbraun (Golden Oak)<\/b><\/li>\n<li><b>Antracit<\/b><\/li>\n<li><b>Ziegelbraun<\/b><\/li>\n<li><b>Olivenbraun<\/b><\/li>\n<li><b>Mahagoni<\/b><\/li>\n<\/ul>\n<p>Die Kappe l\u00e4sst sich einfach installieren und ist die ideale L\u00f6sung, um die Sauberkeit und korrekte Funktionalit\u00e4t des Entw\u00e4sserungssystems Ihrer Fenster zu erhalten.<\/p>\n","protected":false},"excerpt":{"rendered":"<p>Die Wasserschlitzkappe dient zur Abdeckung der Entw\u00e4sserungs\u00f6ffnung an Kunststofffenstern.<\/p>\n","protected":false},"featured_media":15070,"comment_status":"open","ping_status":"closed","template":"","meta":[],"product_cat":[235,188],"product_tag":[],"_links":{"self":[{"href":"https:\/\/www.brikol.sk\/de\/wp-json\/wp\/v2\/product\/23718"}],"collection":[{"href":"https:\/\/www.brikol.sk\/de\/wp-json\/wp\/v2\/product"}],"about":[{"href":"https:\/\/www.brikol.sk\/de\/wp-json\/wp\/v2\/types\/product"}],"replies":[{"embeddable":true,"href":"https:\/\/www.brikol.sk\/de\/wp-json\/wp\/v2\/comments?post=23718"}],"wp:featuredmedia":[{"embeddable":true,"href":"https:\/\/www.brikol.sk\/de\/wp-json\/wp\/v2\/media\/15070"}],"wp:attachment":[{"href":"https:\/\/www.brikol.sk\/de\/wp-json\/wp\/v2\/media?parent=23718"}],"wp:term":[{"taxonomy":"product_cat","embeddable":true,"href":"https:\/\/www.brikol.sk\/de\/wp-json\/wp\/v2\/product_cat?post=23718"},{"taxonomy":"product_tag","embeddable":true,"href":"https:\/\/www.brikol.sk\/de\/wp-json\/wp\/v2\/product_tag?post=23718"}],"curies":[{"name":"wp","href":"https:\/\/api.w.org\/{rel}","templated":true}]}}