{"id":23726,"date":"2018-03-25T19:25:39","date_gmt":"2018-03-25T17:25:39","guid":{"rendered":"https:\/\/www.brikol.sk\/produkt\/fenstergriff-stk\/"},"modified":"2018-03-25T19:25:39","modified_gmt":"2018-03-25T17:25:39","slug":"fenstergriff-stk","status":"publish","type":"product","link":"https:\/\/www.brikol.sk\/de\/produkt\/fenstergriff-stk\/","title":{"rendered":"Fenstergriff \/ Stk."},"content":{"rendered":"<p><strong>Fenstergriff<\/strong><\/p>\n<p>Universeller Fenstergriff f\u00fcr Kunststoff-, Holz- und Aluminiumfenster. Das Ma\u00df des Vierkantstifts betr\u00e4gt 35 mm L\u00e4nge und 7 mm Breite. <\/p>\n<p><strong>TECHNISCHE INFORMATIONEN<\/strong>:<br \/>Drehkappe mit vollst\u00e4ndiger Abdeckung der Befestigungsschrauben, Voll-Vierkantstift 7 mm, L\u00e4nge 35 mm.<\/p>\n<p>Farbausf\u00fchrung:<\/p>\n<ul>\n<li>Wei\u00df<\/li>\n<li>Dunkelbraun<\/li>\n<li>Bronze<\/li>\n<li>Goldene Eiche<\/li>\n<li>Antracit<\/li>\n<\/ul>\n<p>Einfacher Austausch des alten Fenstergriffs gegen einen neuen. F\u00fcr den Austausch ben\u00f6tigen Sie lediglich einen Schraubendreher. <\/p>\n<p><span style=\"color: #ff0000;\"><strong>Anleitung zum Austausch des Griffs<\/strong><\/span><\/p>\n<p><a href=\"https:\/\/www.brikol.sk\/wp-content\/uploads\/2023\/03\/Vymena-okennej-klucky.pdf\">Austausch des Fenstergriffs<\/a><\/p>\n<ol>\n<li>Bringen Sie den Griff des alten Fensters in die waagerechte Position (\u00d6ffnungsstellung).<\/li>\n<li>Drehen Sie die Abdeckkappe am Griff (heben Sie die Kappe mit zwei Fingern oben und unten leicht an und drehen Sie diese in die waagerechte Position, um die Schrauben freizulegen).<\/li>\n<li>L\u00f6sen Sie die Schrauben mit einem Schraubendreher und nehmen Sie den alten Fenstergriff aus dem Fensterfl\u00fcgel heraus.<\/li>\n<li>Den neuen Fenstergriff zuerst per Hand in die waagerechte Position drehen und dann in die Bohrungen am Fensterfl\u00fcgel einsetzen.<\/li>\n<li>Ziehen Sie die Schrauben fest und decken Sie diese mit der Abdeckkappe ab.<\/li>\n<\/ol>\n","protected":false},"excerpt":{"rendered":"<p>Universeller Fenstergriff f\u00fcr Kunststoff-, Holz- und Aluminiumfenster. Das Ma\u00df des Vierkantstifts betr\u00e4gt 35 mm L\u00e4nge und 7 mm Breite. <\/p>\n<p>&nbsp;<\/p>\n","protected":false},"featured_media":15930,"comment_status":"open","ping_status":"closed","template":"","meta":[],"product_cat":[236,186],"product_tag":[],"_links":{"self":[{"href":"https:\/\/www.brikol.sk\/de\/wp-json\/wp\/v2\/product\/23726"}],"collection":[{"href":"https:\/\/www.brikol.sk\/de\/wp-json\/wp\/v2\/product"}],"about":[{"href":"https:\/\/www.brikol.sk\/de\/wp-json\/wp\/v2\/types\/product"}],"replies":[{"embeddable":true,"href":"https:\/\/www.brikol.sk\/de\/wp-json\/wp\/v2\/comments?post=23726"}],"wp:featuredmedia":[{"embeddable":true,"href":"https:\/\/www.brikol.sk\/de\/wp-json\/wp\/v2\/media\/15930"}],"wp:attachment":[{"href":"https:\/\/www.brikol.sk\/de\/wp-json\/wp\/v2\/media?parent=23726"}],"wp:term":[{"taxonomy":"product_cat","embeddable":true,"href":"https:\/\/www.brikol.sk\/de\/wp-json\/wp\/v2\/product_cat?post=23726"},{"taxonomy":"product_tag","embeddable":true,"href":"https:\/\/www.brikol.sk\/de\/wp-json\/wp\/v2\/product_tag?post=23726"}],"curies":[{"name":"wp","href":"https:\/\/api.w.org\/{rel}","templated":true}]}}