{"id":23733,"date":"2018-01-17T17:46:47","date_gmt":"2018-01-17T16:46:47","guid":{"rendered":"https:\/\/www.brikol.sk\/produkt\/fenstergriff-atlanta-stk\/"},"modified":"2018-01-17T17:46:47","modified_gmt":"2018-01-17T16:46:47","slug":"fenstergriff-atlanta-stk","status":"publish","type":"product","link":"https:\/\/www.brikol.sk\/de\/produkt\/fenstergriff-atlanta-stk\/","title":{"rendered":"Fenstergriff ATLANTA \/ Stk."},"content":{"rendered":"<p><strong>Hoppe Fenstergriff Atlanta Secustik<br \/>\n<\/strong><\/p>\n<p>Hochwertiger Universal-Fenstergriff Hoppe Atlanta Secustik\u00ae, geeignet f\u00fcr Kunststoff-, Aluminium- und Holzfenster. Die Stiftl\u00e4nge betr\u00e4gt 45\/7 mm. Der Griff ist durch einen patentierten Sperr-Mechanismus gesch\u00fctzt, der eine Manipulation des Griffs von au\u00dfen \u00fcber den Beschlag verhindert.  <\/p>\n<p>Der Fenstergriff Hoppe Atlanta Secustik\u00ae entspricht den Anforderungen nach der Norm AhS RAL-RG607\/13. Beim Drehen des Secustik\u00ae-Griffes um 180\u00b0 von der Verschluss- in die Kippstellung rastet der Sperr-Mechanismus mit einem h\u00f6rbaren Klicken in spezielle Aussparungen ein \u2013 das bedeutet ein h\u00f6rbares Plus an Sicherheit f\u00fcr Ihre Fenster. <\/p>\n<p><strong>TECHNISCHE INFORMATIONEN: <\/strong><br \/>Drehbare Abdeckkappe mit vollst\u00e4ndiger Verdeckung der Befestigungsschrauben, Kunststoffrosette mit 10 mm St\u00fctznocken, 7 mm Vollstift mit einer L\u00e4nge von 32-42 mm, 45-Grad-Pr\u00e4zisionsrastung, mit M5 Befestigungsschrauben.<\/p>\n<p>Farbausf\u00fchrung:<\/p>\n<ul>\n<li>Wei\u00df<\/li>\n<li>Dunkelbraun<\/li>\n<li>Bronze<\/li>\n<\/ul>\n<p>Einfacher Austausch des alten Fenstergriffs gegen einen neuen. F\u00fcr den Austausch ben\u00f6tigen Sie lediglich einen Schraubendreher. <\/p>\n<p><span style=\"color: #ff0000;\"><strong>Anleitung zum Austausch des Griffs<\/strong><\/span><\/p>\n<p><a href=\"https:\/\/www.brikol.sk\/wp-content\/uploads\/2023\/03\/Vymena-okennej-klucky.pdf\">Austausch des Fenstergriffs <\/a><\/p>\n<ol>\n<li>Bringen Sie den Griff des alten Fensters in die waagerechte Position (\u00d6ffnungsstellung).<\/li>\n<li>Drehen Sie die Abdeckkappe am Griff (heben Sie die Kappe mit zwei Fingern oben und unten leicht an und drehen Sie diese in die waagerechte Position, um die Schrauben freizulegen).<\/li>\n<li>L\u00f6sen Sie die Schrauben mit einem Schraubendreher und nehmen Sie den alten Fenstergriff aus dem Fensterfl\u00fcgel heraus.<\/li>\n<li>Den neuen Fenstergriff zuerst per Hand in die waagerechte Position drehen und dann in die Bohrungen am Fensterfl\u00fcgel einsetzen.<\/li>\n<li>Ziehen Sie die Schrauben fest und decken Sie diese mit der Abdeckkappe ab.<\/li>\n<\/ol>\n","protected":false},"excerpt":{"rendered":"<p>Hochwertiger Universal-Fenstergriff Hoppe Atlanta Secustik\u00ae, geeignet f\u00fcr Kunststoff-, Aluminium- und Holzfenster. Die Stiftl\u00e4nge betr\u00e4gt 45\/7 mm. Der Griff ist durch einen patentierten Sperr-Mechanismus gesch\u00fctzt, der eine Manipulation des Griffs von au\u00dfen \u00fcber den Beschlag verhindert.  <\/p>\n<p>&nbsp;<\/p>\n<p>&nbsp;<\/p>\n","protected":false},"featured_media":15235,"comment_status":"closed","ping_status":"closed","template":"","meta":[],"product_cat":[236,186],"product_tag":[],"_links":{"self":[{"href":"https:\/\/www.brikol.sk\/de\/wp-json\/wp\/v2\/product\/23733"}],"collection":[{"href":"https:\/\/www.brikol.sk\/de\/wp-json\/wp\/v2\/product"}],"about":[{"href":"https:\/\/www.brikol.sk\/de\/wp-json\/wp\/v2\/types\/product"}],"replies":[{"embeddable":true,"href":"https:\/\/www.brikol.sk\/de\/wp-json\/wp\/v2\/comments?post=23733"}],"wp:featuredmedia":[{"embeddable":true,"href":"https:\/\/www.brikol.sk\/de\/wp-json\/wp\/v2\/media\/15235"}],"wp:attachment":[{"href":"https:\/\/www.brikol.sk\/de\/wp-json\/wp\/v2\/media?parent=23733"}],"wp:term":[{"taxonomy":"product_cat","embeddable":true,"href":"https:\/\/www.brikol.sk\/de\/wp-json\/wp\/v2\/product_cat?post=23733"},{"taxonomy":"product_tag","embeddable":true,"href":"https:\/\/www.brikol.sk\/de\/wp-json\/wp\/v2\/product_tag?post=23733"}],"curies":[{"name":"wp","href":"https:\/\/api.w.org\/{rel}","templated":true}]}}