{"id":23737,"date":"2018-01-17T17:46:47","date_gmt":"2018-01-17T16:46:47","guid":{"rendered":"https:\/\/www.brikol.sk\/produkt\/abschliessbarer-sicherheitsfenstergriff-stk\/"},"modified":"2018-01-17T17:46:47","modified_gmt":"2018-01-17T16:46:47","slug":"abschliessbarer-sicherheitsfenstergriff-stk","status":"publish","type":"product","link":"https:\/\/www.brikol.sk\/de\/produkt\/abschliessbarer-sicherheitsfenstergriff-stk\/","title":{"rendered":"Abschlie\u00dfbarer Sicherheitsfenstergriff \/ Stk."},"content":{"rendered":"<div id=\"uzamykatelna-klucka\">Ein abschlie\u00dfbarer Fenstergriff ist eine passende L\u00f6sung f\u00fcr kleine Kinder und bei der Pflege von \u00e4lteren Menschen. <strong>Beugen Sie gef\u00e4hrlichen Verletzungen vor und erh\u00f6hen Sie die Sicherheit<\/strong> in Ihrem Zuhause durch einen <strong>Sicherheitsfenstergriff mit Schloss<\/strong>. Sie k\u00f6nnen das Fenster in der geschlossenen oder gekippten Stellung verriegeln, sodass Ihr Kind nicht aus dem Fenster fallen kann.<\/p>\n<p><strong>Er dient als sicherste Kindersicherung.<\/strong> Sie k\u00f6nnen sie auch als Sicherung gegen unbeabsichtigtes \u00d6ffnen von Fenstern oder Balkont\u00fcren in Fluren nutzen, beispielsweise in Schulen, Kinderg\u00e4rten, Kliniken oder Seniorenheimen.<\/p>\n<p>Von nun an m\u00fcssen Sie sich keine Sorgen mehr machen, dass das Kind in Ihrer Abwesenheit Fenster oder Balkont\u00fcren \u00f6ffnet und es zu einem schlimmen Unfall kommt. <strong>Nach dem Schlie\u00dfen des Fensters gen\u00fcgt es, die Sicherung zu dr\u00fccken, und das Fenster ist sicher verschlossen.<\/strong> Zum erneuten \u00d6ffnen m\u00fcssen Sie den Schl\u00fcssel verwenden.<\/p>\n<p>Der Griff ist universell f\u00fcr verschiedene Profile geeignet, die Stiftl\u00e4nge betr\u00e4gt 35\/7 mm.<\/p>\n<p><span style=\"color: #ff0000;\"><strong>Anleitung zum Austausch des Griffs<\/strong><\/span><\/p>\n<p><a href=\"https:\/\/www.brikol.sk\/wp-content\/uploads\/2023\/03\/Vymena-okennej-klucky.pdf\">Austausch des Fenstergriffs<\/a><\/p>\n<\/div>\n","protected":false},"excerpt":{"rendered":"<p>Ein abschlie\u00dfbarer Fenstergriff ist eine passende L\u00f6sung f\u00fcr kleine Kinder und bei der Pflege von \u00e4lteren Menschen. <strong>Beugen Sie gef\u00e4hrlichen Verletzungen vor und erh\u00f6hen Sie die Sicherheit in Ihrem Zuhause durch<\/strong>&#8230; <span style=\"text-decoration: underline;\"><strong><span style=\"color: #0000ff; text-decoration: underline;\"><a href=\"#uzamykatelna-klucka\">Mehr in der Beschreibung<\/a><\/span><\/strong><\/span> <\/p>\n<p>&nbsp;<\/p>\n","protected":false},"featured_media":10620,"comment_status":"closed","ping_status":"closed","template":"","meta":[],"product_cat":[236,210,186],"product_tag":[],"_links":{"self":[{"href":"https:\/\/www.brikol.sk\/de\/wp-json\/wp\/v2\/product\/23737"}],"collection":[{"href":"https:\/\/www.brikol.sk\/de\/wp-json\/wp\/v2\/product"}],"about":[{"href":"https:\/\/www.brikol.sk\/de\/wp-json\/wp\/v2\/types\/product"}],"replies":[{"embeddable":true,"href":"https:\/\/www.brikol.sk\/de\/wp-json\/wp\/v2\/comments?post=23737"}],"wp:featuredmedia":[{"embeddable":true,"href":"https:\/\/www.brikol.sk\/de\/wp-json\/wp\/v2\/media\/10620"}],"wp:attachment":[{"href":"https:\/\/www.brikol.sk\/de\/wp-json\/wp\/v2\/media?parent=23737"}],"wp:term":[{"taxonomy":"product_cat","embeddable":true,"href":"https:\/\/www.brikol.sk\/de\/wp-json\/wp\/v2\/product_cat?post=23737"},{"taxonomy":"product_tag","embeddable":true,"href":"https:\/\/www.brikol.sk\/de\/wp-json\/wp\/v2\/product_tag?post=23737"}],"curies":[{"name":"wp","href":"https:\/\/api.w.org\/{rel}","templated":true}]}}