{"id":23742,"date":"2018-01-17T17:46:41","date_gmt":"2018-01-17T16:46:41","guid":{"rendered":"https:\/\/www.brikol.sk\/produkt\/kindersicherung-fuer-fenster-weiss-stk\/"},"modified":"2018-01-17T17:46:41","modified_gmt":"2018-01-17T16:46:41","slug":"kindersicherung-fuer-fenster-weiss-stk","status":"publish","type":"product","link":"https:\/\/www.brikol.sk\/de\/produkt\/kindersicherung-fuer-fenster-weiss-stk\/","title":{"rendered":"Kindersicherung f\u00fcr Fenster wei\u00df \/ Stk."},"content":{"rendered":"<p>Die Kindersicherung f\u00fcr Fenster l\u00e4sst sich abschlie\u00dfen. Im verriegelten Zustand kann das Fenster nur in die Kippstellung gebracht werden, wodurch Sie verhindern, dass Ihr Kind aus dem Fenster f\u00e4llt. Nach dem Entriegeln ziehen Sie an der Kindersicherung, und das Fenster l\u00e4sst sich vollst\u00e4ndig \u00f6ffnen \u2013 sei es f\u00fcr die Wartung oder zum Sto\u00dfl\u00fcften. Die Kindersicherung f\u00fcr Fenster in Wei\u00df wird von innen an der Unterseite des Fensters montiert.  <\/p>\n","protected":false},"excerpt":{"rendered":"<p>Die Kindersicherung l\u00e4sst sich abschlie\u00dfen. Im verriegelten Zustand kann das Fenster nur in die Kippstellung gebracht werden, wodurch Sie verhindern, dass Ihr Kind aus dem Fenster f\u00e4llt. Nach dem Entriegeln ziehen Sie an der Kindersicherung, und das Fenster l\u00e4sst sich vollst\u00e4ndig \u00f6ffnen \u2013 sei es f\u00fcr die Wartung oder zum intensiven L\u00fcften. Die Kindersicherung f\u00fcr Fenster in Wei\u00df wird von innen an der Unterseite des Fensters montiert.  <\/p>\n","protected":false},"featured_media":15265,"comment_status":"closed","ping_status":"closed","template":"","meta":[],"product_cat":[234,188,210],"product_tag":[],"_links":{"self":[{"href":"https:\/\/www.brikol.sk\/de\/wp-json\/wp\/v2\/product\/23742"}],"collection":[{"href":"https:\/\/www.brikol.sk\/de\/wp-json\/wp\/v2\/product"}],"about":[{"href":"https:\/\/www.brikol.sk\/de\/wp-json\/wp\/v2\/types\/product"}],"replies":[{"embeddable":true,"href":"https:\/\/www.brikol.sk\/de\/wp-json\/wp\/v2\/comments?post=23742"}],"wp:featuredmedia":[{"embeddable":true,"href":"https:\/\/www.brikol.sk\/de\/wp-json\/wp\/v2\/media\/15265"}],"wp:attachment":[{"href":"https:\/\/www.brikol.sk\/de\/wp-json\/wp\/v2\/media?parent=23742"}],"wp:term":[{"taxonomy":"product_cat","embeddable":true,"href":"https:\/\/www.brikol.sk\/de\/wp-json\/wp\/v2\/product_cat?post=23742"},{"taxonomy":"product_tag","embeddable":true,"href":"https:\/\/www.brikol.sk\/de\/wp-json\/wp\/v2\/product_tag?post=23742"}],"curies":[{"name":"wp","href":"https:\/\/api.w.org\/{rel}","templated":true}]}}