{"id":23749,"date":"2018-01-17T17:46:41","date_gmt":"2018-01-17T16:46:41","guid":{"rendered":"https:\/\/www.brikol.sk\/produkt\/roto-nt-abdeckkappen-fuer-kunststofffenster-set\/"},"modified":"2018-01-17T17:46:41","modified_gmt":"2018-01-17T16:46:41","slug":"roto-nt-abdeckkappen-fuer-kunststofffenster-set","status":"publish","type":"product","link":"https:\/\/www.brikol.sk\/de\/produkt\/roto-nt-abdeckkappen-fuer-kunststofffenster-set\/","title":{"rendered":"ROTO NT Abdeckkappen f\u00fcr Kunststofffenster \/ Set"},"content":{"rendered":"<p data-sourcepos=\"3:1-3:88\"><span style=\"font-size: 115%;\"><strong>ROTO NT Abdeckkappen f\u00fcr Kunststofffenster: Perfekte \u00c4sthetik und Funktionalit\u00e4t f\u00fcr Ihre Fenster<\/strong><\/span><\/p>\n<p data-sourcepos=\"5:1-5:450\">Suchen Sie nach der idealen L\u00f6sung, um das Aussehen und die Funktionalit\u00e4t Ihrer Kunststofffenster mit ROTO NT Beschl\u00e4gen zu verbessern? Bei uns finden Sie genau das, was Sie brauchen! ROTO NT Abdeckkappen versch\u00f6nern nicht nur Ihre Fenster, sondern sorgen auch f\u00fcr eine l\u00e4ngere Lebensdauer. In unserem E-Shop bieten wir eine breite Auswahl an ROTO NT Abdeckkappen in verschiedenen Farben und Ausf\u00fchrungen an, sodass Sie genau jene ausw\u00e4hlen k\u00f6nnen, die das Erscheinungsbild Ihrer Fenster perfekt erg\u00e4nzen und Ihre Anforderungen an Funktionalit\u00e4t und \u00c4sthetik erf\u00fcllen.   <\/p>\n<h2 data-sourcepos=\"7:1-7:42\"><span style=\"font-size: 75%;\"><strong>Warum sollten Sie sich f\u00fcr ROTO NT Abdeckkappen entscheiden?<\/strong><\/span><\/h2>\n<ul data-sourcepos=\"9:1-18:0\">\n<li data-sourcepos=\"9:1-9:167\"><strong>Pr\u00e4zise Ausf\u00fchrung:<\/strong> Sie wurden speziell f\u00fcr Kunststofffenster mit ROTO NT Beschl\u00e4gen entwickelt. Dank dessen lassen sie sich einfach montieren und funktionieren zuverl\u00e4ssig. <\/li>\n<li data-sourcepos=\"10:1-10:178\"><strong>\u00c4sthetisches Erscheinungsbild:<\/strong> Die Abdeckkappen verdecken elegant die unsch\u00f6nen B\u00e4nder und verleihen Ihren Fenstern ein sauberes und modernes Aussehen. Sie haben die Wahl zwischen drei Farben: Wei\u00df, Bronze und Dunkelbraun. <\/li>\n<li data-sourcepos=\"11:1-11:179\"><strong>Einfache Montage:<\/strong> Die Kappen lassen sich einfach und schnell montieren, ohne dass spezielles Werkzeug erforderlich ist. Sie k\u00f6nnen die Montage selbst durchf\u00fchren und sparen so Zeit und Geld f\u00fcr einen Fachmann. <\/li>\n<li data-sourcepos=\"12:1-12:175\"><strong>Zuverl\u00e4ssiger Schutz: <\/strong>Die Abdeckkappen sch\u00fctzen die B\u00e4nder vor Staub, Schmutz und Witterungseinfl\u00fcssen. So verl\u00e4ngern Sie deren Lebensdauer und gew\u00e4hrleisten ihre langfristige Funktionalit\u00e4t. <\/li>\n<li data-sourcepos=\"13:1-13:196\"><strong>Hohe Materialqualit\u00e4t: <\/strong>Sie sind aus hochwertigen Materialien gefertigt, die UV-Strahlung und Witterungseinfl\u00fcssen standhalten. Dadurch behalten sie lange ihr Aussehen und ihre Farbe. <\/li>\n<li data-sourcepos=\"14:1-14:235\">Gro\u00dfe Auswahl: In unserem E-Shop finden Sie eine breite Palette an Abdeckkappen in verschiedenen Farben und Ausf\u00fchrungen. Bei uns w\u00e4hlen Sie Kappen aus, die das Erscheinungsbild Ihrer Fenster perfekt erg\u00e4nzen und Ihre Anforderungen an Funktionalit\u00e4t und \u00c4sthetik erf\u00fcllen. <\/li>\n<li data-sourcepos=\"15:1-15:125\"><strong>G\u00fcnstige Preise: <\/strong>Wir bieten Abdeckkappen zu wettbewerbsf\u00e4higen Preisen an. Bei uns finden Sie das beste Preis-Leistungs-Verh\u00e4ltnis. <\/li>\n<li data-sourcepos=\"16:1-16:93\"><strong>Express-Lieferung: <\/strong>Wir liefern Ihnen die bestellten Abdeckkappen schnell und zuverl\u00e4ssig.<\/li>\n<li data-sourcepos=\"17:1-18:0\"><strong>Professionelle Beratung:<\/strong> Bei Fragen beraten wir Sie gerne und helfen Ihnen bei der Auswahl der richtigen Abdeckkappen f\u00fcr Ihre Fenster.<\/li>\n<\/ul>\n<p data-sourcepos=\"19:1-19:35\"><strong>Abmessungen der Abdeckkappen:<\/strong><\/p>\n<ul data-sourcepos=\"21:1-26:0\">\n<li data-sourcepos=\"21:1-21:66\">L\u00e4nge der oberen Abdeckkappe des Rahmenlagers: 90 mm, Lochabstand 41 mm<\/li>\n<li data-sourcepos=\"22:1-22:55\"><strong>Breite der Abdeckkappe<\/strong> f\u00fcr das obere Fl\u00fcgelband (Fl\u00fcgelwinkel): 40 mm<\/li>\n<li data-sourcepos=\"23:1-23:50\"><strong>H\u00f6he der Abdeckkappe f\u00fcr<\/strong> das untere Rahmenlager (Rahmendeil): 68 mm<\/li>\n<li data-sourcepos=\"24:1-24:58\"><strong>Gr\u00f6\u00dfe der kleinen Abdeckkappe<\/strong> f\u00fcr das untere Rahmenlager (Rahmendeil): 25 mm<\/li>\n<li data-sourcepos=\"25:1-26:0\"><strong>Tiefe der Abdeckkappe f\u00fcr<\/strong> das Fl\u00fcgelband (unten): 88 mm<\/li>\n<\/ul>\n<p data-sourcepos=\"27:1-27:89\"><strong>Bestellen Sie Ihre ROTO NT Abdeckkappen noch heute und verleihen Sie Ihren Fenstern ein perfektes Aussehen!<\/strong><\/p>\n<p data-sourcepos=\"29:1-29:193\">V na\u0161om e-shope n\u00e1jdete nielen krytky p\u00e1ntov ROTO NT, ale aj \u010fal\u0161ie pr\u00edslu\u0161enstvo pre va\u0161e okn\u00e1, ako napr\u00edklad k\u013eu\u010dky, sie\u0165ky proti hmyzu, \u017eal\u00fazie a rolety. V\u0161etko pre va\u0161e pohodlie a bezpe\u010die. <\/p>\n","protected":false},"excerpt":{"rendered":"<p>Das Abdeckkappen-Set ist f\u00fcr ROTO NT Beschl\u00e4ge an Kunststofffenstern bestimmt. Die ROTO Abdeckkappen bestehen aus hochwertigem Kunststoff mit langer Lebensdauer. Sie sind speziell f\u00fcr Kunststofffenster konzipiert und die Montage ist denkbar einfach \u2013 sie werden lediglich auf die B\u00e4nder aufgesteckt.  <\/p>\n","protected":false},"featured_media":15670,"comment_status":"closed","ping_status":"closed","template":"","meta":[],"product_cat":[234,235,188,195],"product_tag":[],"_links":{"self":[{"href":"https:\/\/www.brikol.sk\/de\/wp-json\/wp\/v2\/product\/23749"}],"collection":[{"href":"https:\/\/www.brikol.sk\/de\/wp-json\/wp\/v2\/product"}],"about":[{"href":"https:\/\/www.brikol.sk\/de\/wp-json\/wp\/v2\/types\/product"}],"replies":[{"embeddable":true,"href":"https:\/\/www.brikol.sk\/de\/wp-json\/wp\/v2\/comments?post=23749"}],"wp:featuredmedia":[{"embeddable":true,"href":"https:\/\/www.brikol.sk\/de\/wp-json\/wp\/v2\/media\/15670"}],"wp:attachment":[{"href":"https:\/\/www.brikol.sk\/de\/wp-json\/wp\/v2\/media?parent=23749"}],"wp:term":[{"taxonomy":"product_cat","embeddable":true,"href":"https:\/\/www.brikol.sk\/de\/wp-json\/wp\/v2\/product_cat?post=23749"},{"taxonomy":"product_tag","embeddable":true,"href":"https:\/\/www.brikol.sk\/de\/wp-json\/wp\/v2\/product_tag?post=23749"}],"curies":[{"name":"wp","href":"https:\/\/api.w.org\/{rel}","templated":true}]}}