{"id":23761,"date":"2024-11-28T13:42:25","date_gmt":"2024-11-28T12:42:25","guid":{"rendered":"https:\/\/www.brikol.sk\/produkt\/clinex-fast-plast\/"},"modified":"2026-01-28T11:03:39","modified_gmt":"2026-01-28T10:03:39","slug":"clinex-fast-plast","status":"publish","type":"product","link":"https:\/\/www.brikol.sk\/de\/produkt\/clinex-fast-plast\/","title":{"rendered":"Clinex Fast Plast"},"content":{"rendered":"<div class=\"mgn2_14 mp0t_0a mqu1_21 mli8_k4 mgmw_wo msts_pt _0d3bd_K6Qpj\" data-reactroot=\"\">\n<div class=\"\">\n<div class=\"mpof_ki myre_zn myre_8v_l m389_6m_l\">\n<div class=\"mp4t_16_s mryx_16_s mr3m_1 mli2_1 mh85_56 mh85_0_l\">\n<div class=\"mgn2_16 _0d3bd_am0a-\">\n<h1><span style=\"font-size: 85%;\"><strong>Clinex Fast Plast<\/strong><\/span><\/h1>\n<p>Clinex Fast Plast ist ein sehr wirksames und zugleich sicheres Reinigungsmittel f\u00fcr Kunststoffe, einschlie\u00dflich der Geh\u00e4use von K\u00fcchenger\u00e4ten, Computer- und Unterhaltungselektronik (RTV). Das Pr\u00e4parat entfernt hervorragend Verschmutzungen von Oberfl\u00e4chen mit por\u00f6ser Struktur und hinterl\u00e4sst eine antistatische Schicht, die Staubansammlungen verhindert. Es hinterl\u00e4sst keine Streifen oder Schlieren. Das Produkt pflegt und sch\u00fctzt die gereinigten Oberfl\u00e4chen.<\/p>\n<h2><span style=\"font-size: 80%;\">Anwendungsbereiche Clinex <b><strong>Fast Plast<\/strong><\/b><\/span><\/h2>\n<\/div>\n<p>F\u00fcr Kunststoffe, Haushaltsger\u00e4te, Computer und Unterhaltungselektronik (RTV), Kunststoff-T\u00fcr- und Fensterelemente, Gartenm\u00f6bel.<\/p>\n<div class=\"mgn2_16 _0d3bd_am0a-\">\n<p><b>Anwendung:<\/b><\/p>\n<ol>\n<li>Vor Gebrauch sch\u00fctteln.<\/li>\n<li>Spr\u00fchen Sie eine kleine Menge des Produkts auf ein weiches Tuch und wischen Sie die Oberfl\u00e4che anschlie\u00dfend damit ab.<\/li>\n<li>Bei Bedarf den Vorgang wiederholen.<\/li>\n<\/ol>\n<p>&nbsp;<\/p>\n<\/div>\n<\/div>\n<\/div>\n<\/div>\n<\/div>\n","protected":false},"excerpt":{"rendered":"<h1><span style=\"font-size: 80%;\"><strong>Clinex Fast Plast<\/strong><\/span><\/h1>\n<p>Sehr wirksames und zugleich sicheres Reinigungsmittel f\u00fcr Kunststoffe, einschlie\u00dflich der Geh\u00e4use von K\u00fcchenger\u00e4ten, Computer- und Unterhaltungselektronik (RTV). Das Pr\u00e4parat entfernt hervorragend Verschmutzungen von Oberfl\u00e4chen mit por\u00f6ser Struktur und hinterl\u00e4sst eine antistatische Schicht, die Staubansammlungen verhindert. Es hinterl\u00e4sst keine Streifen oder Schlieren. Das Produkt pflegt und sch\u00fctzt die gereinigten Oberfl\u00e4chen.<\/p>\n","protected":false},"featured_media":20417,"comment_status":"open","ping_status":"closed","template":"","meta":[],"product_cat":[235,188],"product_tag":[],"_links":{"self":[{"href":"https:\/\/www.brikol.sk\/de\/wp-json\/wp\/v2\/product\/23761"}],"collection":[{"href":"https:\/\/www.brikol.sk\/de\/wp-json\/wp\/v2\/product"}],"about":[{"href":"https:\/\/www.brikol.sk\/de\/wp-json\/wp\/v2\/types\/product"}],"replies":[{"embeddable":true,"href":"https:\/\/www.brikol.sk\/de\/wp-json\/wp\/v2\/comments?post=23761"}],"wp:featuredmedia":[{"embeddable":true,"href":"https:\/\/www.brikol.sk\/de\/wp-json\/wp\/v2\/media\/20417"}],"wp:attachment":[{"href":"https:\/\/www.brikol.sk\/de\/wp-json\/wp\/v2\/media?parent=23761"}],"wp:term":[{"taxonomy":"product_cat","embeddable":true,"href":"https:\/\/www.brikol.sk\/de\/wp-json\/wp\/v2\/product_cat?post=23761"},{"taxonomy":"product_tag","embeddable":true,"href":"https:\/\/www.brikol.sk\/de\/wp-json\/wp\/v2\/product_tag?post=23761"}],"curies":[{"name":"wp","href":"https:\/\/api.w.org\/{rel}","templated":true}]}}