{"id":23762,"date":"2024-11-28T13:40:03","date_gmt":"2024-11-28T12:40:03","guid":{"rendered":"https:\/\/www.brikol.sk\/produkt\/clinex-glass\/"},"modified":"2026-01-28T11:03:47","modified_gmt":"2026-01-28T10:03:47","slug":"clinex-glass","status":"publish","type":"product","link":"https:\/\/www.brikol.sk\/de\/produkt\/clinex-glass\/","title":{"rendered":"Clinex Glass"},"content":{"rendered":"<div class=\"mgn2_14 mp0t_0a mqu1_21 mli8_k4 mgmw_wo msts_pt _0d3bd_K6Qpj\" data-reactroot=\"\">\n<div class=\"\">\n<div class=\"mpof_ki myre_zn myre_8v_l m389_6m_l\">\n<div class=\"mp4t_16_s mryx_16_s mr3m_1 mli2_1 mh85_56 mh85_0_l\">\n<div class=\"mgn2_16 _0d3bd_am0a-\">\n<h1><span style=\"font-size: 80%;\"><b>Fl\u00fcssiger Glasreiniger Clinex Glass<\/b><\/span><\/h1>\n<p><b>Clinex Glass<\/b> ist ein im Bereich der Sauberkeit preisgekr\u00f6ntes, professionelles Glasreinigungsmittel. Es zeichnet sich durch Wirksamkeit und Zuverl\u00e4ssigkeit aus. Neben Glas eignet es sich hervorragend f\u00fcr die Reinigung von emaillierten und laminierten Oberfl\u00e4chen sowie Edelstahlelementen! Typische Verschmutzungen sind f\u00fcr unser Produkt kein Problem und lassen sich leicht entfernen. Zudem erfordert Clinex Glass kein Vorwaschen der Scheiben!<\/p>\n<h2><span style=\"font-size: 80%;\"><b>Saubere und gl\u00e4nzende Scheiben ohne Streifen<\/b><\/span><\/h2>\n<p>Kristallklare und gl\u00e4nzende Scheiben ohne Streifen und Schlieren? Mit Clinex Glass ist das kein Problem! Und das alles dank einer perfekt abgestimmten Formel! Zudem hinterl\u00e4sst das Produkt keine getrockneten Wassertropfen. Aber das ist noch nicht alles! Wir wissen genau um das Problem der schnellen Schmutzansammlung auf gereinigten Oberfl\u00e4chen. Aus diesem Grund haben wir unseren Glasreiniger Clinex Glass mit speziellen Zus\u00e4tzen angereichert. Diese bilden einen antistatischen Schutzfilm auf den gereinigten Oberfl\u00e4chen, der sie vor schneller Neuverschmutzung und Staubablagerungen sch\u00fctzt!<\/p>\n<h3><span style=\"font-size: 80%;\"><b>Produkteigenschaften:<\/b><\/span><\/h3>\n<p><b>Perfektion<\/b> \u2013 der Glasreiniger Clinex Glass hinterl\u00e4sst keine Streifen und Schlieren. Dadurch wird die Oberfl\u00e4che schnell und ohne Polieren perfekt sauber. Zudem wird Sie der Effekt von kristallinem Glanz begeistern!<\/p>\n<p><b>Ergonomie<\/b> \u2013 unser Pr\u00e4parat erfordert kein Vorwaschen der Scheiben, wodurch Sie definitiv Reinigungszeit sparen.<\/p>\n<p><b>Schnelltrocknend und ohne den Effekt von getrockneten Wassertropfen <\/b>\u2013 dies sorgt f\u00fcr eine makellose \u00c4sthetik der gereinigten Oberfl\u00e4che, ohne dass zus\u00e4tzliche Zeit f\u00fcr das Polieren aufgewendet werden muss.<\/p>\n<p><b>Eine mit innovativen Zus\u00e4tzen angereicherte Formel<\/b>, die eine antistatische Schicht bildet. Diese Beschichtung sch\u00fctzt die Oberfl\u00e4che vor Staub und verhindert eine erneute Verschmutzung.<\/p>\n<p>Besitzt einen erfrischenden Zitronenduft \u2013 das angenehme Aroma unterstreicht den Effekt der frisch gereinigten Oberfl\u00e4che und h\u00fcllt den Innenraum in einen angenehmen Duft.<\/p>\n<p><b>Sicher f\u00fcr Anwender und Umwelt <\/b>\u2013 Clinex Glass reiht sich in die Liste der Produkte ein, die die Umwelt schonen und f\u00fcr den Anwender sicher sind. All dies ist auf das Fehlen von Schadstoffen in seiner Formel zur\u00fcckzuf\u00fchren.<\/p>\n<p><b>Bestseller <\/b>\u2013 eines der am h\u00e4ufigsten gew\u00e4hlten Reinigungsmittel im Clinex-Sortiment in der Kategorie \u201eGer\u00e4tereinigung\u201c \u2013 empfohlen von Tausenden von Anwendern.<\/p>\n<h3><span style=\"font-size: 80%;\"><b>Anwendungsbereiche von Clinex Glass:<\/b><\/span><\/h3>\n<p>Empfohlenes Produkt f\u00fcr die Reinigung von:<\/p>\n<ul>\n<li>Schacht<\/li>\n<li>Fenster<\/li>\n<li>Fensterrahmen,<\/li>\n<li>Spiegel,<\/li>\n<li>Kristalle,<\/li>\n<li>Acrylglas,<\/li>\n<li>Duschkabinen,<\/li>\n<li>emaillierte Oberfl\u00e4chen,<\/li>\n<li>Laminierte Oberfl\u00e4chen (z. B. M\u00f6belfronten),<\/li>\n<li>Edelstahl.<\/li>\n<\/ul>\n<p><b>Anwendung:<\/b><\/p>\n<ol>\n<li>Vor Gebrauch sch\u00fctteln.<\/li>\n<li>Spr\u00fchen Sie eine kleine Menge der Fl\u00fcssigkeit auf die zu reinigende Oberfl\u00e4che und polieren Sie diese anschlie\u00dfend mit einem trockenen Tuch, einem Mikrofasertuch oder einem staubfreien Reinigungstuch trocken.<\/li>\n<li>Bei Bedarf den Vorgang wiederholen.<\/li>\n<\/ol>\n<p>Technische Daten:<\/p>\n<ul>\n<li>Verf\u00fcgbare Gebindegr\u00f6\u00dfen: 1L, 5L,<\/li>\n<li>pH~10,<\/li>\n<li>Das Produkt ist gebrauchsfertig.<\/li>\n<\/ul>\n<p><b>Weitere Informationen:<\/b><\/p>\n<ul>\n<li>Falls Oberfl\u00e4chen gereinigt werden, die zuvor mit anderen Mitteln behandelt wurden, empfiehlt es saie, diese vorab gr\u00fcndlich zu reinigen, um angesammelte R\u00fcckst\u00e4nde zu entfernen.<\/li>\n<li>Das Produkt nicht auf erhitzten Oberfl\u00e4chen verwenden.<\/li>\n<li>Nicht bei direkter Sonneneinstrahlung anwenden.<\/li>\n<\/ul>\n<p>Produkt f\u00fcr den professionellen Gebrauch. Es wird besonders empfohlen, um eine makellose Sauberkeit von Vitrinen und Glasfl\u00e4chen in gewerblichen Objekten zu erhalten, wie zum Beispiel in Schaufenstern von Gesch\u00e4ften, Caf\u00e9s, Restaurants usw. Ebenso in B\u00fcrogeb\u00e4uden, Beh\u00f6rden, Bildungseinrichtungen, Hotels, Einkaufszentren, Sport- oder Freizeiteinrichtungen.<\/p>\n<p><b>Der Hersteller haftet nicht f\u00fcr Sch\u00e4den, die durch eine nicht bestimmungsgem\u00e4\u00dfe Verwendung des Produkts entstehen.<\/b><\/p>\n<\/div>\n<\/div>\n<\/div>\n<\/div>\n<\/div>\n","protected":false},"excerpt":{"rendered":"<p><b>Fl\u00fcssiger Glasreiniger Clinex Glass<\/b><\/p>\n<p><b>Clinex Glass<\/b> ist ein im Bereich der Sauberkeit preisgekr\u00f6ntes, professionelles Glasreinigungsmittel. Es zeichnet sich durch Wirksamkeit und Zuverl\u00e4ssigkeit aus. Neben Glas eignet es sich hervorragend f\u00fcr die Reinigung von emaillierten und laminierten Oberfl\u00e4chen sowie Edelstahlelementen! Typische Verschmutzungen sind f\u00fcr unser Produkt kein Problem und lassen sich leicht entfernen. Zudem erfordert Clinex Glass kein Vorwaschen der Scheiben!<\/p>\n<p><b>Saubere und gl\u00e4nzende Scheiben ohne Streifen<\/b><\/p>\n","protected":false},"featured_media":20409,"comment_status":"open","ping_status":"closed","template":"","meta":[],"product_cat":[235,188],"product_tag":[],"_links":{"self":[{"href":"https:\/\/www.brikol.sk\/de\/wp-json\/wp\/v2\/product\/23762"}],"collection":[{"href":"https:\/\/www.brikol.sk\/de\/wp-json\/wp\/v2\/product"}],"about":[{"href":"https:\/\/www.brikol.sk\/de\/wp-json\/wp\/v2\/types\/product"}],"replies":[{"embeddable":true,"href":"https:\/\/www.brikol.sk\/de\/wp-json\/wp\/v2\/comments?post=23762"}],"wp:featuredmedia":[{"embeddable":true,"href":"https:\/\/www.brikol.sk\/de\/wp-json\/wp\/v2\/media\/20409"}],"wp:attachment":[{"href":"https:\/\/www.brikol.sk\/de\/wp-json\/wp\/v2\/media?parent=23762"}],"wp:term":[{"taxonomy":"product_cat","embeddable":true,"href":"https:\/\/www.brikol.sk\/de\/wp-json\/wp\/v2\/product_cat?post=23762"},{"taxonomy":"product_tag","embeddable":true,"href":"https:\/\/www.brikol.sk\/de\/wp-json\/wp\/v2\/product_tag?post=23762"}],"curies":[{"name":"wp","href":"https:\/\/api.w.org\/{rel}","templated":true}]}}