{"id":23764,"date":"2023-09-06T13:37:24","date_gmt":"2023-09-06T11:37:24","guid":{"rendered":"https:\/\/www.brikol.sk\/produkt\/universalreiniger-cosmo-cl-360-110\/"},"modified":"2026-01-28T11:31:31","modified_gmt":"2026-01-28T10:31:31","slug":"universalreiniger-cosmo-cl-360-110","status":"publish","type":"product","link":"https:\/\/www.brikol.sk\/de\/produkt\/universalreiniger-cosmo-cl-360-110\/","title":{"rendered":"Universalreiniger COSMO CL-360.110"},"content":{"rendered":"<div class=\"content_section position-1\">\n<article id=\"Article_idm15103734866348742333009-48\">\n<div class=\"Article notab_br decoration-none\">\n<div class=\"article_indents\">\n<p class=\"article_indent align-left\">Aktives tensidhaltiges Reinigungsmittel f\u00fcr alle Oberfl\u00e4chen im gesamten Holz-, Kunststoff- und Aluminium-Fenster-, T\u00fcr- und Fassadenbau.<\/p>\n<p class=\"article_indent align-left article-separator-horizontal_space1\"><strong>Produkteigenschaften:<br class=\"one-br\" \/>&#8211; intensive und zugleich schonende Reinigungswirkung<br class=\"one-br\" \/>&#8211; hervorragende Reinigungswirkung auch bei einer Verd\u00fcnnung mit Wasser im Verh\u00e4ltnis 1:3 bis 1:5<br class=\"one-br\" \/>&#8211; pH-neutral<br class=\"one-br\" \/>&#8211; hautschonend<\/strong><\/p>\n<p><span style=\"text-decoration: underline;\"><strong><span style=\"color: #ff0000; text-decoration: underline;\"><a style=\"color: #ff0000; text-decoration: underline;\" href=\"https:\/\/www.brikol.sk\/wp-content\/uploads\/2023\/09\/Postup-cistenia-jednotlivych-povrchov.pdf\">Reinigungsvorgang f\u00fcr die einzelnen Oberfl\u00e4chen<\/a><\/span><\/strong><\/span><\/p>\n<p class=\"article_indent align-left\">\n<\/div>\n<\/div>\n<\/article>\n<\/div>\n","protected":false},"excerpt":{"rendered":"<p class=\"article_indent align-left\">Aktives tensidhaltiges Reinigungsmittel f\u00fcr alle Oberfl\u00e4chen im gesamten Holz-, Kunststoff- und Aluminium-Fenster-, T\u00fcr- und Fassadenbau.<\/p>\n<p class=\"article_indent align-left article-separator-horizontal_space1\"><strong>Produkteigenschaften:<br class=\"one-br\" \/>&#8211; intensive und zugleich schonende Reinigungswirkung<br class=\"one-br\" \/>&#8211; hervorragende Reinigungswirkung auch bei einer Verd\u00fcnnung mit Wasser im Verh\u00e4ltnis 1:3 bis 1:5<br class=\"one-br\" \/>&#8211; pH-neutral<br class=\"one-br\" \/>&#8211; hautschonend<\/strong><\/p>\n","protected":false},"featured_media":16785,"comment_status":"open","ping_status":"closed","template":"","meta":[],"product_cat":[235,188],"product_tag":[],"_links":{"self":[{"href":"https:\/\/www.brikol.sk\/de\/wp-json\/wp\/v2\/product\/23764"}],"collection":[{"href":"https:\/\/www.brikol.sk\/de\/wp-json\/wp\/v2\/product"}],"about":[{"href":"https:\/\/www.brikol.sk\/de\/wp-json\/wp\/v2\/types\/product"}],"replies":[{"embeddable":true,"href":"https:\/\/www.brikol.sk\/de\/wp-json\/wp\/v2\/comments?post=23764"}],"wp:featuredmedia":[{"embeddable":true,"href":"https:\/\/www.brikol.sk\/de\/wp-json\/wp\/v2\/media\/16785"}],"wp:attachment":[{"href":"https:\/\/www.brikol.sk\/de\/wp-json\/wp\/v2\/media?parent=23764"}],"wp:term":[{"taxonomy":"product_cat","embeddable":true,"href":"https:\/\/www.brikol.sk\/de\/wp-json\/wp\/v2\/product_cat?post=23764"},{"taxonomy":"product_tag","embeddable":true,"href":"https:\/\/www.brikol.sk\/de\/wp-json\/wp\/v2\/product_tag?post=23764"}],"curies":[{"name":"wp","href":"https:\/\/api.w.org\/{rel}","templated":true}]}}